{"id":51205,"date":"2023-06-21T14:16:30","date_gmt":"2023-06-21T11:16:30","guid":{"rendered":"https:\/\/alpaka-shop.com\/keep-exclusive-kalasaba\/"},"modified":"2025-11-18T10:30:14","modified_gmt":"2025-11-18T08:30:14","slug":"pontso-exclusive-kalasaba","status":"publish","type":"product","link":"https:\/\/alpaka-shop.com\/et\/pontso-exclusive-kalasaba\/","title":{"rendered":"Pont\u0161o Exclusive Kalasaba"},"content":{"rendered":"","protected":false},"excerpt":{"rendered":"<p>Beebialpaka keep on mitmek\u00fclgne aksessuaar, millest t\u00f5otab saada igap\u00e4evane kaaslane. See eriline ja vaieldamatult ajatu pont\u0161o \u00fcletab k\u00f5iki trende. Beebialpaka koostisega keebi embus on vastupandamatult siidjas ja erakordselt pehme. Tasub t\u00e4heldada, et see elegantne ese on allergiavaba &#8211; oled mugavalt hoitud! <span class=\"Apple-converted-space\">\u00a0<\/span><\/p>\n<p>MATERJAL<br \/>\n100% beebialpaka<\/p>\n","protected":false},"featured_media":52262,"template":"","meta":{"_acf_changed":false},"product_brand":[],"product_cat":[97,2812,62,95],"product_tag":[],"product_shipping_class":[],"pa_soft-wrap-cardigan":[],"class_list":{"0":"post-51205","1":"product","2":"type-product","3":"status-publish","4":"has-post-thumbnail","6":"product_cat-alpaka-pontsod","7":"product_cat-martsi-kampaania","8":"product_cat-naised","9":"product_cat-roivad","11":"first","12":"instock","13":"taxable","14":"shipping-taxable","15":"purchasable","16":"product-type-variable","17":"has-default-attributes","18":"wvs-archive-product-wrapper"},"bundled_by":[],"bundle_stock_status":"instock","bundle_stock_quantity":null,"bundle_virtual":false,"bundle_layout":"","bundle_add_to_cart_form_location":"","bundle_editable_in_cart":false,"bundle_sold_individually_context":"","bundle_item_grouping":"","bundle_min_size":"","bundle_max_size":"","bundle_price":[],"bundled_items":[],"bundle_sell_ids":[],"acf":[],"aioseo_notices":[],"_links":{"self":[{"href":"https:\/\/alpaka-shop.com\/et\/wp-json\/wp\/v2\/product\/51205","targetHints":{"allow":["GET"]}}],"collection":[{"href":"https:\/\/alpaka-shop.com\/et\/wp-json\/wp\/v2\/product"}],"about":[{"href":"https:\/\/alpaka-shop.com\/et\/wp-json\/wp\/v2\/types\/product"}],"wp:featuredmedia":[{"embeddable":true,"href":"https:\/\/alpaka-shop.com\/et\/wp-json\/wp\/v2\/media\/52262"}],"wp:attachment":[{"href":"https:\/\/alpaka-shop.com\/et\/wp-json\/wp\/v2\/media?parent=51205"}],"wp:term":[{"taxonomy":"product_brand","embeddable":true,"href":"https:\/\/alpaka-shop.com\/et\/wp-json\/wp\/v2\/product_brand?post=51205"},{"taxonomy":"product_cat","embeddable":true,"href":"https:\/\/alpaka-shop.com\/et\/wp-json\/wp\/v2\/product_cat?post=51205"},{"taxonomy":"product_tag","embeddable":true,"href":"https:\/\/alpaka-shop.com\/et\/wp-json\/wp\/v2\/product_tag?post=51205"},{"taxonomy":"product_shipping_class","embeddable":true,"href":"https:\/\/alpaka-shop.com\/et\/wp-json\/wp\/v2\/product_shipping_class?post=51205"},{"taxonomy":"pa_soft-wrap-cardigan","embeddable":true,"href":"https:\/\/alpaka-shop.com\/et\/wp-json\/wp\/v2\/pa_soft-wrap-cardigan?post=51205"}],"curies":[{"name":"wp","href":"https:\/\/api.w.org\/{rel}","templated":true}]}}