{"id":5216,"date":"2019-08-23T10:39:15","date_gmt":"2019-08-23T10:39:15","guid":{"rendered":"https:\/\/uus.alpaka-shop.com\/product\/olasall-exclusive-2\/"},"modified":"2026-04-06T10:00:11","modified_gmt":"2026-04-06T07:00:11","slug":"olasall-exclusive-2","status":"publish","type":"product","link":"https:\/\/alpaka-shop.com\/et\/olasall-exclusive-2\/","title":{"rendered":"\u00d5lasall Exclusive"},"content":{"rendered":"","protected":false},"excerpt":{"rendered":"<p>Sametiselt pehme beebialpaka sall, mille maksisuurus hoiab sind soojas ja kaitstult terve p\u00e4eva. Exclusive \u00f5lasall on saadaval mitmes erinevas klassikalises toonis, mis sobituvad ideaalselt igasse garderoobi. Lisa oma p\u00e4eva soojust ja killuke luksust!<\/p>\n<p>MATERJAL<br \/>\n<strong>100% beebialpaka<\/strong><\/p>\n<p>&nbsp;<\/p>\n","protected":false},"featured_media":45400,"template":"","meta":{"_acf_changed":false},"product_brand":[],"product_cat":[2812,62,65],"product_tag":[],"product_shipping_class":[],"pa_soft-wrap-cardigan":[],"class_list":{"0":"post-5216","1":"product","2":"type-product","3":"status-publish","4":"has-post-thumbnail","6":"product_cat-martsi-kampaania","7":"product_cat-naised","8":"product_cat-sallid-ja-olasallid","10":"first","11":"instock","12":"taxable","13":"shipping-taxable","14":"purchasable","15":"product-type-variable","16":"has-default-attributes","17":"wvs-archive-product-wrapper"},"bundled_by":["53688"],"bundle_stock_status":"instock","bundle_stock_quantity":null,"bundle_virtual":false,"bundle_layout":"","bundle_add_to_cart_form_location":"","bundle_editable_in_cart":false,"bundle_sold_individually_context":"","bundle_item_grouping":"","bundle_min_size":"","bundle_max_size":"","bundle_price":[],"bundled_items":[],"bundle_sell_ids":[],"acf":[],"aioseo_notices":[],"_links":{"self":[{"href":"https:\/\/alpaka-shop.com\/et\/wp-json\/wp\/v2\/product\/5216","targetHints":{"allow":["GET"]}}],"collection":[{"href":"https:\/\/alpaka-shop.com\/et\/wp-json\/wp\/v2\/product"}],"about":[{"href":"https:\/\/alpaka-shop.com\/et\/wp-json\/wp\/v2\/types\/product"}],"wp:featuredmedia":[{"embeddable":true,"href":"https:\/\/alpaka-shop.com\/et\/wp-json\/wp\/v2\/media\/45400"}],"wp:attachment":[{"href":"https:\/\/alpaka-shop.com\/et\/wp-json\/wp\/v2\/media?parent=5216"}],"wp:term":[{"taxonomy":"product_brand","embeddable":true,"href":"https:\/\/alpaka-shop.com\/et\/wp-json\/wp\/v2\/product_brand?post=5216"},{"taxonomy":"product_cat","embeddable":true,"href":"https:\/\/alpaka-shop.com\/et\/wp-json\/wp\/v2\/product_cat?post=5216"},{"taxonomy":"product_tag","embeddable":true,"href":"https:\/\/alpaka-shop.com\/et\/wp-json\/wp\/v2\/product_tag?post=5216"},{"taxonomy":"product_shipping_class","embeddable":true,"href":"https:\/\/alpaka-shop.com\/et\/wp-json\/wp\/v2\/product_shipping_class?post=5216"},{"taxonomy":"pa_soft-wrap-cardigan","embeddable":true,"href":"https:\/\/alpaka-shop.com\/et\/wp-json\/wp\/v2\/pa_soft-wrap-cardigan?post=5216"}],"curies":[{"name":"wp","href":"https:\/\/api.w.org\/{rel}","templated":true}]}}