{"id":53061,"date":"2023-12-13T16:18:56","date_gmt":"2023-12-13T14:18:56","guid":{"rendered":"https:\/\/alpaka-shop.com\/?post_type=product&#038;p=53061"},"modified":"2026-04-10T10:00:14","modified_gmt":"2026-04-10T07:00:14","slug":"klassikalised-alpakavillased-sokid","status":"publish","type":"product","link":"https:\/\/alpaka-shop.com\/et\/klassikalised-alpakavillased-sokid\/","title":{"rendered":"Klassikalised Alpakavillased Sokid"},"content":{"rendered":"","protected":false},"excerpt":{"rendered":"<p><span data-sheets-formula-bar-text-style=\"font-size:13px;color:#000000;font-weight:normal;text-decoration:none;font-family:'Arial';font-style:normal;text-decoration-skip-ink:none;\">Tihedalt kootud klassikalised sokid on ideaalsed k\u00fclmade ilmadega. Sokkidel on tugevdatud kanna- ja varbaosa, et need istuksid jalas valatult. Alpaka luksuslikku pehmust t\u00e4iustavad akr\u00fc\u00fcl ja nailon, mis aitavad sokkidel hoida oma vormi ja tagavad pikema vastupidavuse. Hoia oma jalad m\u00f5nusalt soojas.<\/span><\/p>\n<p><strong>MATERJAL<\/strong><\/p>\n<p>44% alpaka, 36% akr\u00fc\u00fcl, 20% nailon<\/p>\n","protected":false},"featured_media":53092,"template":"","meta":{"_acf_changed":false},"product_brand":[],"product_cat":[2970,62,2784],"product_tag":[],"product_shipping_class":[],"pa_soft-wrap-cardigan":[],"class_list":{"0":"post-53061","1":"product","2":"type-product","3":"status-publish","4":"has-post-thumbnail","6":"product_cat-aksessuaarid","7":"product_cat-naised","8":"product_cat-sokid","10":"first","11":"instock","12":"taxable","13":"shipping-taxable","14":"purchasable","15":"product-type-variable","16":"has-default-attributes","17":"wvs-archive-product-wrapper"},"bundled_by":[],"bundle_stock_status":"instock","bundle_stock_quantity":null,"bundle_virtual":false,"bundle_layout":"","bundle_add_to_cart_form_location":"","bundle_editable_in_cart":false,"bundle_sold_individually_context":"","bundle_item_grouping":"","bundle_min_size":"","bundle_max_size":"","bundle_price":[],"bundled_items":[],"bundle_sell_ids":[],"acf":[],"aioseo_notices":[],"_links":{"self":[{"href":"https:\/\/alpaka-shop.com\/et\/wp-json\/wp\/v2\/product\/53061","targetHints":{"allow":["GET"]}}],"collection":[{"href":"https:\/\/alpaka-shop.com\/et\/wp-json\/wp\/v2\/product"}],"about":[{"href":"https:\/\/alpaka-shop.com\/et\/wp-json\/wp\/v2\/types\/product"}],"wp:featuredmedia":[{"embeddable":true,"href":"https:\/\/alpaka-shop.com\/et\/wp-json\/wp\/v2\/media\/53092"}],"wp:attachment":[{"href":"https:\/\/alpaka-shop.com\/et\/wp-json\/wp\/v2\/media?parent=53061"}],"wp:term":[{"taxonomy":"product_brand","embeddable":true,"href":"https:\/\/alpaka-shop.com\/et\/wp-json\/wp\/v2\/product_brand?post=53061"},{"taxonomy":"product_cat","embeddable":true,"href":"https:\/\/alpaka-shop.com\/et\/wp-json\/wp\/v2\/product_cat?post=53061"},{"taxonomy":"product_tag","embeddable":true,"href":"https:\/\/alpaka-shop.com\/et\/wp-json\/wp\/v2\/product_tag?post=53061"},{"taxonomy":"product_shipping_class","embeddable":true,"href":"https:\/\/alpaka-shop.com\/et\/wp-json\/wp\/v2\/product_shipping_class?post=53061"},{"taxonomy":"pa_soft-wrap-cardigan","embeddable":true,"href":"https:\/\/alpaka-shop.com\/et\/wp-json\/wp\/v2\/pa_soft-wrap-cardigan?post=53061"}],"curies":[{"name":"wp","href":"https:\/\/api.w.org\/{rel}","templated":true}]}}