{"id":5323,"date":"2019-08-23T10:52:11","date_gmt":"2019-08-23T07:52:11","guid":{"rendered":"https:\/\/uus.alpaka-shop.com\/product\/olasall-exclusive-kalasaba-2\/"},"modified":"2026-04-13T13:00:09","modified_gmt":"2026-04-13T10:00:09","slug":"olasall-exclusive-kalasaba-naiste","status":"publish","type":"product","link":"https:\/\/alpaka-shop.com\/et\/olasall-exclusive-kalasaba-naiste\/","title":{"rendered":"\u00d5lasall Exclusive Kalasaba"},"content":{"rendered":"","protected":false},"excerpt":{"rendered":"<p>Maksisuuruses beebialpaka sall sobib h\u00e4sti k\u00f5igile k\u00fclmakartlikele. Beebialpaka vill seob \u00fchte \u00fclima soojuse, pehmuse ja vastupidavuse. Kalasabamotiivid lisavad sallile p\u00f5neva n\u00fcansi ja sobituvad ideaalselt iga riietusega. V\u00e4rvivalik peegeldab p\u00f5hjamaa loodusele omaseid toone, ulatudes neutraalsetest julgemateni. Naudi s\u00f5nulseletamatut soojust ja pehmust.<\/p>\n<p>MATERJAL<strong><br \/>\n100% beebialpaka<\/strong><\/p>\n","protected":false},"featured_media":45343,"template":"","meta":{"_acf_changed":false},"product_brand":[],"product_cat":[62,65],"product_tag":[],"product_shipping_class":[],"pa_soft-wrap-cardigan":[],"class_list":{"0":"post-5323","1":"product","2":"type-product","3":"status-publish","4":"has-post-thumbnail","6":"product_cat-naised","7":"product_cat-sallid-ja-olasallid","9":"first","10":"instock","11":"taxable","12":"shipping-taxable","13":"purchasable","14":"product-type-variable","15":"has-default-attributes","16":"wvs-archive-product-wrapper"},"bundled_by":["53691","53692"],"bundle_stock_status":"instock","bundle_stock_quantity":null,"bundle_virtual":false,"bundle_layout":"","bundle_add_to_cart_form_location":"","bundle_editable_in_cart":false,"bundle_sold_individually_context":"","bundle_item_grouping":"","bundle_min_size":"","bundle_max_size":"","bundle_price":[],"bundled_items":[],"bundle_sell_ids":[],"acf":[],"aioseo_notices":[],"_links":{"self":[{"href":"https:\/\/alpaka-shop.com\/et\/wp-json\/wp\/v2\/product\/5323","targetHints":{"allow":["GET"]}}],"collection":[{"href":"https:\/\/alpaka-shop.com\/et\/wp-json\/wp\/v2\/product"}],"about":[{"href":"https:\/\/alpaka-shop.com\/et\/wp-json\/wp\/v2\/types\/product"}],"wp:featuredmedia":[{"embeddable":true,"href":"https:\/\/alpaka-shop.com\/et\/wp-json\/wp\/v2\/media\/45343"}],"wp:attachment":[{"href":"https:\/\/alpaka-shop.com\/et\/wp-json\/wp\/v2\/media?parent=5323"}],"wp:term":[{"taxonomy":"product_brand","embeddable":true,"href":"https:\/\/alpaka-shop.com\/et\/wp-json\/wp\/v2\/product_brand?post=5323"},{"taxonomy":"product_cat","embeddable":true,"href":"https:\/\/alpaka-shop.com\/et\/wp-json\/wp\/v2\/product_cat?post=5323"},{"taxonomy":"product_tag","embeddable":true,"href":"https:\/\/alpaka-shop.com\/et\/wp-json\/wp\/v2\/product_tag?post=5323"},{"taxonomy":"product_shipping_class","embeddable":true,"href":"https:\/\/alpaka-shop.com\/et\/wp-json\/wp\/v2\/product_shipping_class?post=5323"},{"taxonomy":"pa_soft-wrap-cardigan","embeddable":true,"href":"https:\/\/alpaka-shop.com\/et\/wp-json\/wp\/v2\/pa_soft-wrap-cardigan?post=5323"}],"curies":[{"name":"wp","href":"https:\/\/api.w.org\/{rel}","templated":true}]}}