{"id":53952,"date":"2024-02-13T15:50:25","date_gmt":"2024-02-13T13:50:25","guid":{"rendered":"https:\/\/alpaka-shop.com\/salaparane-kingitus\/"},"modified":"2024-02-15T09:55:26","modified_gmt":"2024-02-15T07:55:26","slug":"salaparane-kingitus","status":"publish","type":"product","link":"https:\/\/alpaka-shop.com\/et\/salaparane-kingitus\/","title":{"rendered":"Salap\u00e4rane Kingitus"},"content":{"rendered":"","protected":false},"excerpt":{"rendered":"<p>Vaid 49 euro eest sukeldu meie salap\u00e4rase\u00a0100% beebialpaka toote sooja embusse. Kas see saab olema m\u00fcts v\u00f5i sall? V\u00f5lu peitub \u00fcllatuses! Iga ese on valmistatud pehmest beebialpaka villast, mis on tuntud oma soojuse, hingavuse ja h\u00fcpoallergeensete omaduste poolest. Ja parim osa? See on \u00fcllatus, mis ootab avastamist.<\/p>\n<p><strong>Miks Meie Salap\u00e4rane Kingitus?<\/strong><\/p>\n<p><strong>100% Baby Alpaka:<\/strong> Naudi baby alpaka villa v\u00f5rdlematut pehmust ja soojust. <strong>\u00dcks Suurus, L\u00f5pmatu Soojus:<\/strong> Olgu selleks m\u00fcts v\u00f5i sall, see on disainitud sobima k\u00f5igile, kehastades mugavuse ja stiili olemust.<\/p>\n<p><strong>V\u00e4rvi \u00dcllatus:<\/strong> Haara spontaansus kinni juhuslikult valitud v\u00e4rviga, lisades p\u00f5nevuse elementi oma garderoobi.<\/p>\n<p><strong>Eksklusiivne Allahindlus:<\/strong> T\u00e4histage Vallaliste Tunnustamise P\u00e4eva eksklusiivse pakkumisega, muutes luksuse k\u00e4ttesaadavamaks.<\/p>\n<p><strong>Pakend<\/strong>\u00a0 Kingikarp<\/p>\n<p><em>Materjalikasutuse optimeerimiseks kasutame\u00a0tootmisest j\u00e4relej\u00e4\u00e4nud l\u00f5ngasid v\u00e4iksemate esemete valmistamiseks. Selle tulemusena v\u00f5ivad tekkida v\u00e4rvid, mis erinevad toote standardv\u00e4rvipaletist. See l\u00e4henemine mitte ainult ei v\u00e4henda j\u00e4\u00e4tmeid, vaid lisab ka iga esemele ainulaadsuse elemendi, pakkudes meie klientidele r\u00f5\u00f5mu omada t\u00f5eliselt ainulaadset toodet. See praktika peegeldab meie p\u00fchendumust j\u00e4tkusuutlikkusele ja<\/em><em>\u00a0tagab, et iga kiud on hinnatud ja midagi ei l\u00e4he raisku.<\/em><\/p>\n<p>&nbsp;<\/p>\n<p>&nbsp;<\/p>\n","protected":false},"featured_media":53937,"template":"","meta":{"_acf_changed":false},"product_brand":[],"product_cat":[69,62],"product_tag":[],"product_shipping_class":[],"pa_soft-wrap-cardigan":[],"class_list":{"0":"post-53952","1":"product","2":"type-product","3":"status-publish","4":"has-post-thumbnail","6":"product_cat-mehed","7":"product_cat-naised","9":"first","10":"instock","11":"sale","12":"taxable","13":"shipping-taxable","14":"purchasable","15":"product-type-simple"},"bundled_by":[],"bundle_stock_status":"instock","bundle_stock_quantity":null,"bundle_virtual":false,"bundle_layout":"","bundle_add_to_cart_form_location":"","bundle_editable_in_cart":false,"bundle_sold_individually_context":"","bundle_item_grouping":"","bundle_min_size":"","bundle_max_size":"","bundle_price":[],"bundled_items":[],"bundle_sell_ids":[],"acf":[],"aioseo_notices":[],"_links":{"self":[{"href":"https:\/\/alpaka-shop.com\/et\/wp-json\/wp\/v2\/product\/53952","targetHints":{"allow":["GET"]}}],"collection":[{"href":"https:\/\/alpaka-shop.com\/et\/wp-json\/wp\/v2\/product"}],"about":[{"href":"https:\/\/alpaka-shop.com\/et\/wp-json\/wp\/v2\/types\/product"}],"wp:featuredmedia":[{"embeddable":true,"href":"https:\/\/alpaka-shop.com\/et\/wp-json\/wp\/v2\/media\/53937"}],"wp:attachment":[{"href":"https:\/\/alpaka-shop.com\/et\/wp-json\/wp\/v2\/media?parent=53952"}],"wp:term":[{"taxonomy":"product_brand","embeddable":true,"href":"https:\/\/alpaka-shop.com\/et\/wp-json\/wp\/v2\/product_brand?post=53952"},{"taxonomy":"product_cat","embeddable":true,"href":"https:\/\/alpaka-shop.com\/et\/wp-json\/wp\/v2\/product_cat?post=53952"},{"taxonomy":"product_tag","embeddable":true,"href":"https:\/\/alpaka-shop.com\/et\/wp-json\/wp\/v2\/product_tag?post=53952"},{"taxonomy":"product_shipping_class","embeddable":true,"href":"https:\/\/alpaka-shop.com\/et\/wp-json\/wp\/v2\/product_shipping_class?post=53952"},{"taxonomy":"pa_soft-wrap-cardigan","embeddable":true,"href":"https:\/\/alpaka-shop.com\/et\/wp-json\/wp\/v2\/pa_soft-wrap-cardigan?post=53952"}],"curies":[{"name":"wp","href":"https:\/\/api.w.org\/{rel}","templated":true}]}}