{"id":54189,"date":"2024-02-27T10:15:45","date_gmt":"2024-02-27T08:15:45","guid":{"rendered":"https:\/\/alpaka-shop.com\/alpaka-retuusid\/"},"modified":"2026-03-17T11:56:29","modified_gmt":"2026-03-17T09:56:29","slug":"alpaka-retuusid","status":"publish","type":"product","link":"https:\/\/alpaka-shop.com\/et\/alpaka-retuusid\/","title":{"rendered":"Alpaka Retuusid"},"content":{"rendered":"","protected":false},"excerpt":{"rendered":"<p>Alpaka retuusid on loodud Sinu \u00fclimat mugavust silmas pidades. Need retuusid on ideaalsed neile, kes soovivad lisada kihi soojust. Valmistatud siidisest beebialpakavilla segust, pakuvad need retuusid t\u00e4iuslikku tasakaalu pehmuse, vastupidavuse ja elastsuse vahel.<\/p>\n<p>Olenemata sellest, kas l\u00f5\u00f5gastud kodus v\u00f5i trotsid k\u00fclma \u00f5ues, on need retuusid suurep\u00e4rased kihiliseks riietumiseks. Beebialpakavill tagab, et p\u00fcsid m\u00f5nusalt soojas, samal ajal kui akr\u00fc\u00fcli, nailoni ja spandeksi segu lisab elastsust, sobitudes ideaalselt kandmiseks sinu lemmikr\u00f5ivaste all.<\/p>\n<p>MATERJAL<br \/>\n<strong>41% Beebialpaka \/ 34% Akr\u00fc\u00fcl \/ 23% Nailon \/ 2% Spandex<\/strong><\/p>\n","protected":false},"featured_media":54177,"template":"","meta":{"_acf_changed":false},"product_brand":[],"product_cat":[2970,62],"product_tag":[],"product_shipping_class":[],"pa_soft-wrap-cardigan":[],"class_list":{"0":"post-54189","1":"product","2":"type-product","3":"status-publish","4":"has-post-thumbnail","6":"product_cat-aksessuaarid","7":"product_cat-naised","9":"first","10":"instock","11":"taxable","12":"shipping-taxable","13":"purchasable","14":"product-type-variable","15":"has-default-attributes","16":"wvs-archive-product-wrapper"},"bundled_by":[],"bundle_stock_status":"instock","bundle_stock_quantity":null,"bundle_virtual":false,"bundle_layout":"","bundle_add_to_cart_form_location":"","bundle_editable_in_cart":false,"bundle_sold_individually_context":"","bundle_item_grouping":"","bundle_min_size":"","bundle_max_size":"","bundle_price":[],"bundled_items":[],"bundle_sell_ids":[],"acf":[],"aioseo_notices":[],"_links":{"self":[{"href":"https:\/\/alpaka-shop.com\/et\/wp-json\/wp\/v2\/product\/54189","targetHints":{"allow":["GET"]}}],"collection":[{"href":"https:\/\/alpaka-shop.com\/et\/wp-json\/wp\/v2\/product"}],"about":[{"href":"https:\/\/alpaka-shop.com\/et\/wp-json\/wp\/v2\/types\/product"}],"wp:featuredmedia":[{"embeddable":true,"href":"https:\/\/alpaka-shop.com\/et\/wp-json\/wp\/v2\/media\/54177"}],"wp:attachment":[{"href":"https:\/\/alpaka-shop.com\/et\/wp-json\/wp\/v2\/media?parent=54189"}],"wp:term":[{"taxonomy":"product_brand","embeddable":true,"href":"https:\/\/alpaka-shop.com\/et\/wp-json\/wp\/v2\/product_brand?post=54189"},{"taxonomy":"product_cat","embeddable":true,"href":"https:\/\/alpaka-shop.com\/et\/wp-json\/wp\/v2\/product_cat?post=54189"},{"taxonomy":"product_tag","embeddable":true,"href":"https:\/\/alpaka-shop.com\/et\/wp-json\/wp\/v2\/product_tag?post=54189"},{"taxonomy":"product_shipping_class","embeddable":true,"href":"https:\/\/alpaka-shop.com\/et\/wp-json\/wp\/v2\/product_shipping_class?post=54189"},{"taxonomy":"pa_soft-wrap-cardigan","embeddable":true,"href":"https:\/\/alpaka-shop.com\/et\/wp-json\/wp\/v2\/pa_soft-wrap-cardigan?post=54189"}],"curies":[{"name":"wp","href":"https:\/\/api.w.org\/{rel}","templated":true}]}}