{"id":5469,"date":"2019-11-20T16:03:26","date_gmt":"2019-11-20T16:03:26","guid":{"rendered":"https:\/\/uus.alpaka-shop.com\/product\/varrukatega-pontso\/"},"modified":"2026-03-20T11:20:03","modified_gmt":"2026-03-20T09:20:03","slug":"varrukatega-pontso","status":"publish","type":"product","link":"https:\/\/alpaka-shop.com\/et\/varrukatega-pontso\/","title":{"rendered":"Varrukatega pont\u0161o"},"content":{"rendered":"","protected":false},"excerpt":{"rendered":"<p>T\u00f5eliselt unikaalne ja p\u00f5nev l\u00f5ige, mis toimib nii kampsuni kui pont\u0161ona. Varrukad annavad imelise istuvuse ning pont\u0161ol\u00f5ige liikumisvabaduse ja hingavuse. Alpaka vill on tuntud oma siidise pehmuse, erakordse soojuse ning nahas\u00f5bralikkuse poolest. Looduslikes mahedates toonides mudelites on m\u00e4ngitud erinevate su\u0308mmeetriate ja tekstuuridega, et r\u00f5hutada naturaalse alpakavilla loomup\u00e4rast ilu.<\/p>\n<p>MATERJAL<br \/>\n<strong>100% harjatud beebi-alpaka<\/strong><\/p>\n","protected":false},"featured_media":41864,"template":"","meta":{"_acf_changed":false},"product_brand":[],"product_cat":[98,97,62,95],"product_tag":[],"product_shipping_class":[],"pa_soft-wrap-cardigan":[],"class_list":{"0":"post-5469","1":"product","2":"type-product","3":"status-publish","4":"has-post-thumbnail","6":"product_cat-kampsunid-kardiganid-naised","7":"product_cat-alpaka-pontsod","8":"product_cat-naised","9":"product_cat-roivad","11":"first","12":"instock","13":"taxable","14":"shipping-taxable","15":"purchasable","16":"product-type-variable","17":"has-default-attributes","18":"wvs-archive-product-wrapper"},"bundled_by":[],"bundle_stock_status":"instock","bundle_stock_quantity":null,"bundle_virtual":false,"bundle_layout":"","bundle_add_to_cart_form_location":"","bundle_editable_in_cart":false,"bundle_sold_individually_context":"","bundle_item_grouping":"","bundle_min_size":"","bundle_max_size":"","bundle_price":[],"bundled_items":[],"bundle_sell_ids":[],"acf":[],"aioseo_notices":[],"_links":{"self":[{"href":"https:\/\/alpaka-shop.com\/et\/wp-json\/wp\/v2\/product\/5469","targetHints":{"allow":["GET"]}}],"collection":[{"href":"https:\/\/alpaka-shop.com\/et\/wp-json\/wp\/v2\/product"}],"about":[{"href":"https:\/\/alpaka-shop.com\/et\/wp-json\/wp\/v2\/types\/product"}],"wp:featuredmedia":[{"embeddable":true,"href":"https:\/\/alpaka-shop.com\/et\/wp-json\/wp\/v2\/media\/41864"}],"wp:attachment":[{"href":"https:\/\/alpaka-shop.com\/et\/wp-json\/wp\/v2\/media?parent=5469"}],"wp:term":[{"taxonomy":"product_brand","embeddable":true,"href":"https:\/\/alpaka-shop.com\/et\/wp-json\/wp\/v2\/product_brand?post=5469"},{"taxonomy":"product_cat","embeddable":true,"href":"https:\/\/alpaka-shop.com\/et\/wp-json\/wp\/v2\/product_cat?post=5469"},{"taxonomy":"product_tag","embeddable":true,"href":"https:\/\/alpaka-shop.com\/et\/wp-json\/wp\/v2\/product_tag?post=5469"},{"taxonomy":"product_shipping_class","embeddable":true,"href":"https:\/\/alpaka-shop.com\/et\/wp-json\/wp\/v2\/product_shipping_class?post=5469"},{"taxonomy":"pa_soft-wrap-cardigan","embeddable":true,"href":"https:\/\/alpaka-shop.com\/et\/wp-json\/wp\/v2\/pa_soft-wrap-cardigan?post=5469"}],"curies":[{"name":"wp","href":"https:\/\/api.w.org\/{rel}","templated":true}]}}