{"id":5529,"date":"2019-07-29T10:54:32","date_gmt":"2019-07-29T10:54:32","guid":{"rendered":"https:\/\/uus.alpaka-shop.com\/product\/pleed-exclusive\/"},"modified":"2026-04-20T14:30:05","modified_gmt":"2026-04-20T11:30:05","slug":"pleed-exclusive","status":"publish","type":"product","link":"https:\/\/alpaka-shop.com\/et\/pleed-exclusive\/","title":{"rendered":"Pleed Exclusive"},"content":{"rendered":"","protected":false},"excerpt":{"rendered":"<p>K\u00fclluslikult pehmed ja soojad beebialpaka pleedid, mis sobivad ideaalselt koju diivanile v\u00f5i soojaandvaks kaaslaseks v\u00e4literrassile ja kontserdile. Pleed Exclusive v\u00e4rvivalik ulatub klassikalistest neutraalsetest toonidest hooaja moev\u00e4rvideni. V\u00f5ta endale hetk, et nautida alpakavilla v\u00f5rreldamatut ilu ja mugavust.<\/p>\n<p>MATERJAL<br \/>\n<strong>100% beebialpaka<\/strong><\/p>\n","protected":false},"featured_media":45353,"template":"","meta":{"_acf_changed":false},"product_brand":[],"product_cat":[91,108],"product_tag":[],"product_shipping_class":[],"pa_soft-wrap-cardigan":[],"class_list":{"0":"post-5529","1":"product","2":"type-product","3":"status-publish","4":"has-post-thumbnail","6":"product_cat-pleedid","7":"product_cat-sisustus","9":"first","10":"instock","11":"taxable","12":"shipping-taxable","13":"purchasable","14":"product-type-variable","15":"has-default-attributes","16":"wvs-archive-product-wrapper"},"bundled_by":[],"bundle_stock_status":"instock","bundle_stock_quantity":null,"bundle_virtual":false,"bundle_layout":"","bundle_add_to_cart_form_location":"","bundle_editable_in_cart":false,"bundle_sold_individually_context":"","bundle_item_grouping":"","bundle_min_size":"","bundle_max_size":"","bundle_price":[],"bundled_items":[],"bundle_sell_ids":[],"acf":[],"aioseo_notices":[],"_links":{"self":[{"href":"https:\/\/alpaka-shop.com\/et\/wp-json\/wp\/v2\/product\/5529","targetHints":{"allow":["GET"]}}],"collection":[{"href":"https:\/\/alpaka-shop.com\/et\/wp-json\/wp\/v2\/product"}],"about":[{"href":"https:\/\/alpaka-shop.com\/et\/wp-json\/wp\/v2\/types\/product"}],"wp:featuredmedia":[{"embeddable":true,"href":"https:\/\/alpaka-shop.com\/et\/wp-json\/wp\/v2\/media\/45353"}],"wp:attachment":[{"href":"https:\/\/alpaka-shop.com\/et\/wp-json\/wp\/v2\/media?parent=5529"}],"wp:term":[{"taxonomy":"product_brand","embeddable":true,"href":"https:\/\/alpaka-shop.com\/et\/wp-json\/wp\/v2\/product_brand?post=5529"},{"taxonomy":"product_cat","embeddable":true,"href":"https:\/\/alpaka-shop.com\/et\/wp-json\/wp\/v2\/product_cat?post=5529"},{"taxonomy":"product_tag","embeddable":true,"href":"https:\/\/alpaka-shop.com\/et\/wp-json\/wp\/v2\/product_tag?post=5529"},{"taxonomy":"product_shipping_class","embeddable":true,"href":"https:\/\/alpaka-shop.com\/et\/wp-json\/wp\/v2\/product_shipping_class?post=5529"},{"taxonomy":"pa_soft-wrap-cardigan","embeddable":true,"href":"https:\/\/alpaka-shop.com\/et\/wp-json\/wp\/v2\/pa_soft-wrap-cardigan?post=5529"}],"curies":[{"name":"wp","href":"https:\/\/api.w.org\/{rel}","templated":true}]}}