{"id":5599,"date":"2019-07-30T08:43:18","date_gmt":"2019-07-30T08:43:18","guid":{"rendered":"https:\/\/uus.alpaka-shop.com\/product\/pleed-exclusive-kalasaba\/"},"modified":"2026-04-20T14:20:12","modified_gmt":"2026-04-20T11:20:12","slug":"pleed-exclusive-kalasaba","status":"publish","type":"product","link":"https:\/\/alpaka-shop.com\/et\/pleed-exclusive-kalasaba\/","title":{"rendered":"Pleed Exclusive Kalasaba"},"content":{"rendered":"","protected":false},"excerpt":{"rendered":"<p>Pleed Exclusive Kalasaba on iga kodusisustaja lemmikaksessuaar, selle kalasaba motiividega muster loob p\u00f5neva aktsendi ja p\u00fc\u00fcab pilku. Sametiselt pehme ja soojapidav beebialpaka pleed sobib nii sisustuselemendiks kui ka moeaksessuaariks jahedamal hooajal v\u00f5i \u00f5htupoolikul. V\u00e4rvivalik ulatub moodsatest neutraalsetest toonidest s\u00e4rtsakamate v\u00e4rvikooslusteni. Sisusta kodu nende luksuslike pleedidega ning naudi \u00fclimat mugavust.<\/p>\n<p>MATERJAL<strong><br \/>\n100% beebialpaka<\/strong><\/p>\n","protected":false},"featured_media":45348,"template":"","meta":{"_acf_changed":false},"product_brand":[],"product_cat":[2642,91,108],"product_tag":[],"product_shipping_class":[],"pa_soft-wrap-cardigan":[],"class_list":{"0":"post-5599","1":"product","2":"type-product","3":"status-publish","4":"has-post-thumbnail","6":"product_cat-our-seasons-favourites-et","7":"product_cat-pleedid","8":"product_cat-sisustus","10":"first","11":"instock","12":"taxable","13":"shipping-taxable","14":"purchasable","15":"product-type-variable","16":"has-default-attributes","17":"wvs-archive-product-wrapper"},"bundled_by":[],"bundle_stock_status":"instock","bundle_stock_quantity":null,"bundle_virtual":false,"bundle_layout":"","bundle_add_to_cart_form_location":"","bundle_editable_in_cart":false,"bundle_sold_individually_context":"","bundle_item_grouping":"","bundle_min_size":"","bundle_max_size":"","bundle_price":[],"bundled_items":[],"bundle_sell_ids":[],"acf":[],"aioseo_notices":[],"_links":{"self":[{"href":"https:\/\/alpaka-shop.com\/et\/wp-json\/wp\/v2\/product\/5599","targetHints":{"allow":["GET"]}}],"collection":[{"href":"https:\/\/alpaka-shop.com\/et\/wp-json\/wp\/v2\/product"}],"about":[{"href":"https:\/\/alpaka-shop.com\/et\/wp-json\/wp\/v2\/types\/product"}],"wp:featuredmedia":[{"embeddable":true,"href":"https:\/\/alpaka-shop.com\/et\/wp-json\/wp\/v2\/media\/45348"}],"wp:attachment":[{"href":"https:\/\/alpaka-shop.com\/et\/wp-json\/wp\/v2\/media?parent=5599"}],"wp:term":[{"taxonomy":"product_brand","embeddable":true,"href":"https:\/\/alpaka-shop.com\/et\/wp-json\/wp\/v2\/product_brand?post=5599"},{"taxonomy":"product_cat","embeddable":true,"href":"https:\/\/alpaka-shop.com\/et\/wp-json\/wp\/v2\/product_cat?post=5599"},{"taxonomy":"product_tag","embeddable":true,"href":"https:\/\/alpaka-shop.com\/et\/wp-json\/wp\/v2\/product_tag?post=5599"},{"taxonomy":"product_shipping_class","embeddable":true,"href":"https:\/\/alpaka-shop.com\/et\/wp-json\/wp\/v2\/product_shipping_class?post=5599"},{"taxonomy":"pa_soft-wrap-cardigan","embeddable":true,"href":"https:\/\/alpaka-shop.com\/et\/wp-json\/wp\/v2\/pa_soft-wrap-cardigan?post=5599"}],"curies":[{"name":"wp","href":"https:\/\/api.w.org\/{rel}","templated":true}]}}