{"id":5784,"date":"2019-07-29T10:52:35","date_gmt":"2019-07-29T10:52:35","guid":{"rendered":"https:\/\/uus.alpaka-shop.com\/product\/pleed-classic-kalasaba\/"},"modified":"2026-04-06T20:20:03","modified_gmt":"2026-04-06T17:20:03","slug":"pleed-classic-kalasaba","status":"publish","type":"product","link":"https:\/\/alpaka-shop.com\/et\/pleed-classic-kalasaba\/","title":{"rendered":"Pleed Classic Kalasaba"},"content":{"rendered":"","protected":false},"excerpt":{"rendered":"<p>Pleed Classic Kalasaba on \u00e4\u00e4retult soe ja pehme alpakavillane pleed, mis muudab toa hetkega koduseks. Klassikaline kalasabamuster m\u00f5jub efektselt ning on kergesti kombineeritav eri interj\u00f6\u00f6ridesse. Sobib suurep\u00e4raselt ka k\u00fclmadel \u00f5htutel terrassile ja kaasa \u00f5htusele kontserdile. Alpaka- ja lambavilla segust pleed loob eriliselt m\u00f5nusa s\u00fcnergia ning sellest saab iga kodu armastatuim sisustusaksessuaar.<\/p>\n<p>MATERJAL<br \/>\n<strong>40% alpaka, 45% vill, 15% akr\u00fc\u00fcl<\/strong><\/p>\n<p>Toode v\u00f5ib ajada kasutamise alguses veidi karva, kuna tegemist on naturaalse materjaliga.<\/p>\n","protected":false},"featured_media":54284,"template":"","meta":{"_acf_changed":false},"product_brand":[],"product_cat":[2812,91,108],"product_tag":[],"product_shipping_class":[],"pa_soft-wrap-cardigan":[],"class_list":{"0":"post-5784","1":"product","2":"type-product","3":"status-publish","4":"has-post-thumbnail","6":"product_cat-martsi-kampaania","7":"product_cat-pleedid","8":"product_cat-sisustus","10":"first","11":"instock","12":"taxable","13":"shipping-taxable","14":"purchasable","15":"product-type-variable","16":"has-default-attributes","17":"wvs-archive-product-wrapper"},"bundled_by":[],"bundle_stock_status":"instock","bundle_stock_quantity":null,"bundle_virtual":false,"bundle_layout":"","bundle_add_to_cart_form_location":"","bundle_editable_in_cart":false,"bundle_sold_individually_context":"","bundle_item_grouping":"","bundle_min_size":"","bundle_max_size":"","bundle_price":[],"bundled_items":[],"bundle_sell_ids":[],"acf":[],"aioseo_notices":[],"_links":{"self":[{"href":"https:\/\/alpaka-shop.com\/et\/wp-json\/wp\/v2\/product\/5784","targetHints":{"allow":["GET"]}}],"collection":[{"href":"https:\/\/alpaka-shop.com\/et\/wp-json\/wp\/v2\/product"}],"about":[{"href":"https:\/\/alpaka-shop.com\/et\/wp-json\/wp\/v2\/types\/product"}],"wp:featuredmedia":[{"embeddable":true,"href":"https:\/\/alpaka-shop.com\/et\/wp-json\/wp\/v2\/media\/54284"}],"wp:attachment":[{"href":"https:\/\/alpaka-shop.com\/et\/wp-json\/wp\/v2\/media?parent=5784"}],"wp:term":[{"taxonomy":"product_brand","embeddable":true,"href":"https:\/\/alpaka-shop.com\/et\/wp-json\/wp\/v2\/product_brand?post=5784"},{"taxonomy":"product_cat","embeddable":true,"href":"https:\/\/alpaka-shop.com\/et\/wp-json\/wp\/v2\/product_cat?post=5784"},{"taxonomy":"product_tag","embeddable":true,"href":"https:\/\/alpaka-shop.com\/et\/wp-json\/wp\/v2\/product_tag?post=5784"},{"taxonomy":"product_shipping_class","embeddable":true,"href":"https:\/\/alpaka-shop.com\/et\/wp-json\/wp\/v2\/product_shipping_class?post=5784"},{"taxonomy":"pa_soft-wrap-cardigan","embeddable":true,"href":"https:\/\/alpaka-shop.com\/et\/wp-json\/wp\/v2\/pa_soft-wrap-cardigan?post=5784"}],"curies":[{"name":"wp","href":"https:\/\/api.w.org\/{rel}","templated":true}]}}