{"id":5805,"date":"2019-07-30T12:03:15","date_gmt":"2019-07-30T12:03:15","guid":{"rendered":"https:\/\/uus.alpaka-shop.com\/product\/pleed-boucle\/"},"modified":"2026-04-14T12:20:02","modified_gmt":"2026-04-14T09:20:02","slug":"pleed-boucle","status":"publish","type":"product","link":"https:\/\/alpaka-shop.com\/et\/pleed-boucle\/","title":{"rendered":"Pleed Boucle"},"content":{"rendered":"","protected":false},"excerpt":{"rendered":"<p><span style=\"font-weight: 400\">Bukleel\u00f5ngast tehtud luksuslikud alpakavillased pleedid on ideaalsed aksessuaarid neile, kes hindavad ajatut kudumistehnikat ja tekstuurse efektiga l\u00f5nga. Peenele alpakavillale on lisatud killuke nailonit, et anda tootele vastupidavust. Reljeefne ja kohev silmuseline l\u00f5ng muudab pleedi veelgi soojemaks ning samas h\u00e4sti hingavaks. Boucle pleed on saadaval kolmes eri v\u00e4rvitoonis, mis sobivad nii rafineeritud kui moeka sisustuse v\u00f5i garderoobiga. Alpakavillane pleed on ideaalne koduaksessuaar, mis t\u00e4idab kodu k\u00f5ige soojemate emotsioonidega.<\/span><\/p>\n<p>MATERJAL<br \/>\n<strong>89% superfine alpaka, 11% nailon<\/strong><\/p>\n<p>&nbsp;<\/p>\n<p>&nbsp;<\/p>\n","protected":false},"featured_media":2397,"template":"","meta":{"_acf_changed":false},"product_brand":[],"product_cat":[91,108],"product_tag":[],"product_shipping_class":[],"pa_soft-wrap-cardigan":[],"class_list":{"0":"post-5805","1":"product","2":"type-product","3":"status-publish","4":"has-post-thumbnail","6":"product_cat-pleedid","7":"product_cat-sisustus","9":"first","10":"instock","11":"taxable","12":"shipping-taxable","13":"purchasable","14":"product-type-variable","15":"has-default-attributes","16":"wvs-archive-product-wrapper"},"bundled_by":[],"bundle_stock_status":"instock","bundle_stock_quantity":null,"bundle_virtual":false,"bundle_layout":"","bundle_add_to_cart_form_location":"","bundle_editable_in_cart":false,"bundle_sold_individually_context":"","bundle_item_grouping":"","bundle_min_size":"","bundle_max_size":"","bundle_price":[],"bundled_items":[],"bundle_sell_ids":[],"acf":[],"aioseo_notices":[],"_links":{"self":[{"href":"https:\/\/alpaka-shop.com\/et\/wp-json\/wp\/v2\/product\/5805","targetHints":{"allow":["GET"]}}],"collection":[{"href":"https:\/\/alpaka-shop.com\/et\/wp-json\/wp\/v2\/product"}],"about":[{"href":"https:\/\/alpaka-shop.com\/et\/wp-json\/wp\/v2\/types\/product"}],"wp:featuredmedia":[{"embeddable":true,"href":"https:\/\/alpaka-shop.com\/et\/wp-json\/wp\/v2\/media\/2397"}],"wp:attachment":[{"href":"https:\/\/alpaka-shop.com\/et\/wp-json\/wp\/v2\/media?parent=5805"}],"wp:term":[{"taxonomy":"product_brand","embeddable":true,"href":"https:\/\/alpaka-shop.com\/et\/wp-json\/wp\/v2\/product_brand?post=5805"},{"taxonomy":"product_cat","embeddable":true,"href":"https:\/\/alpaka-shop.com\/et\/wp-json\/wp\/v2\/product_cat?post=5805"},{"taxonomy":"product_tag","embeddable":true,"href":"https:\/\/alpaka-shop.com\/et\/wp-json\/wp\/v2\/product_tag?post=5805"},{"taxonomy":"product_shipping_class","embeddable":true,"href":"https:\/\/alpaka-shop.com\/et\/wp-json\/wp\/v2\/product_shipping_class?post=5805"},{"taxonomy":"pa_soft-wrap-cardigan","embeddable":true,"href":"https:\/\/alpaka-shop.com\/et\/wp-json\/wp\/v2\/pa_soft-wrap-cardigan?post=5805"}],"curies":[{"name":"wp","href":"https:\/\/api.w.org\/{rel}","templated":true}]}}