{"id":5827,"date":"2019-07-30T11:41:03","date_gmt":"2019-07-30T11:41:03","guid":{"rendered":"https:\/\/uus.alpaka-shop.com\/product\/pleed-royal-kalasaba\/"},"modified":"2026-03-06T12:46:05","modified_gmt":"2026-03-06T10:46:05","slug":"pleed-royal-kalasaba","status":"publish","type":"product","link":"https:\/\/alpaka-shop.com\/et\/pleed-royal-kalasaba\/","title":{"rendered":"Pleed Royal Kalasaba"},"content":{"rendered":"","protected":false},"excerpt":{"rendered":"<p>Pleed Royal Kalasaba on kuninglikust soost. See on valmistatud preemiumklassi beebialpaka villast, mis oma 19-mikronilise peenuse ja siidisusega on veelgi luksuslikum beebialpaka villast. Kollektsiooni nimi on inspireeritud Peruu ajaloost, mil inkade k\u00f5rgkultuuris hinnati alpakavilla k\u00f5rgemalt kui kulda v\u00f5i h\u00f5bedat. Sellest tulenevalt kutsutakse alpakavilla sageli ka inkade kullaks. Royal kollektsiooni pleedid on pehmemad kui miski muu ning sobivad ideaalselt nii moeaksessuaariks kui ka sisustusdetailiks. V\u00e4rvivalikust leiab kakaopruuni, kirsipunast, halli ning sinist.<\/p>\n<p>MATERJAL<br \/>\n<strong>100% royal beebialpaka<\/strong><\/p>\n<p>&nbsp;<\/p>\n<p>&nbsp;<\/p>\n","protected":false},"featured_media":2016,"template":"","meta":{"_acf_changed":false},"product_brand":[],"product_cat":[2812,91,108],"product_tag":[],"product_shipping_class":[],"pa_soft-wrap-cardigan":[],"class_list":{"0":"post-5827","1":"product","2":"type-product","3":"status-publish","4":"has-post-thumbnail","6":"product_cat-martsi-kampaania","7":"product_cat-pleedid","8":"product_cat-sisustus","10":"first","11":"instock","12":"taxable","13":"shipping-taxable","14":"purchasable","15":"product-type-variable","16":"has-default-attributes","17":"wvs-archive-product-wrapper"},"bundled_by":[],"bundle_stock_status":"instock","bundle_stock_quantity":null,"bundle_virtual":false,"bundle_layout":"","bundle_add_to_cart_form_location":"","bundle_editable_in_cart":false,"bundle_sold_individually_context":"","bundle_item_grouping":"","bundle_min_size":"","bundle_max_size":"","bundle_price":[],"bundled_items":[],"bundle_sell_ids":[],"acf":[],"aioseo_notices":[],"_links":{"self":[{"href":"https:\/\/alpaka-shop.com\/et\/wp-json\/wp\/v2\/product\/5827","targetHints":{"allow":["GET"]}}],"collection":[{"href":"https:\/\/alpaka-shop.com\/et\/wp-json\/wp\/v2\/product"}],"about":[{"href":"https:\/\/alpaka-shop.com\/et\/wp-json\/wp\/v2\/types\/product"}],"wp:featuredmedia":[{"embeddable":true,"href":"https:\/\/alpaka-shop.com\/et\/wp-json\/wp\/v2\/media\/2016"}],"wp:attachment":[{"href":"https:\/\/alpaka-shop.com\/et\/wp-json\/wp\/v2\/media?parent=5827"}],"wp:term":[{"taxonomy":"product_brand","embeddable":true,"href":"https:\/\/alpaka-shop.com\/et\/wp-json\/wp\/v2\/product_brand?post=5827"},{"taxonomy":"product_cat","embeddable":true,"href":"https:\/\/alpaka-shop.com\/et\/wp-json\/wp\/v2\/product_cat?post=5827"},{"taxonomy":"product_tag","embeddable":true,"href":"https:\/\/alpaka-shop.com\/et\/wp-json\/wp\/v2\/product_tag?post=5827"},{"taxonomy":"product_shipping_class","embeddable":true,"href":"https:\/\/alpaka-shop.com\/et\/wp-json\/wp\/v2\/product_shipping_class?post=5827"},{"taxonomy":"pa_soft-wrap-cardigan","embeddable":true,"href":"https:\/\/alpaka-shop.com\/et\/wp-json\/wp\/v2\/pa_soft-wrap-cardigan?post=5827"}],"curies":[{"name":"wp","href":"https:\/\/api.w.org\/{rel}","templated":true}]}}