{"id":58353,"date":"2024-12-10T00:10:38","date_gmt":"2024-12-09T22:10:38","guid":{"rendered":"https:\/\/alpaka-shop.com\/?post_type=product&#038;p=58353"},"modified":"2026-04-17T15:00:04","modified_gmt":"2026-04-17T12:00:04","slug":"laste-kaelussall-copy","status":"publish","type":"product","link":"https:\/\/alpaka-shop.com\/et\/laste-kaelussall-copy\/","title":{"rendered":"Kaelussall"},"content":{"rendered":"","protected":false},"excerpt":{"rendered":"<p><span data-sheets-value=\"{&quot;1&quot;:2,&quot;2&quot;:&quot;Laste kaelussall\/ Beebialpaka-villa segust laste kaelussall\/ Kaelussalliga on teie laps hoitud iga ilmaga. Pikendatud esi- ja seljaosa annavad lisasooja rinnaesisele ning \u00fclaseljale. Sall on valmistatud beebialpaka ja meriinovilla segust, mis on nahas\u00f5bralik ja m\u00f5nusalt pehme. M\u00e4nguline sall on saadaval nii \u00fche- kui ka mitmev\u00e4rvilisena.&quot;}\" data-sheets-userformat=\"{&quot;2&quot;:769,&quot;3&quot;:{&quot;1&quot;:0},&quot;11&quot;:4,&quot;12&quot;:0}\" data-sheets-textstyleruns=\"{&quot;1&quot;:0}\uee10{&quot;1&quot;:18,&quot;2&quot;:{&quot;4&quot;:8}}\uee10{&quot;1&quot;:59}\">Kaelussalliga olete soojas iga ilmaga. Sall on valmistatud beebialpaka villast, mis on nahas\u00f5bralik ja m\u00f5nusalt pehme.\u00a0<\/span><\/p>\n<p>MATERJAL<br \/>\n<strong>100% beebialpaka<\/strong><\/p>\n","protected":false},"featured_media":45745,"template":"","meta":{"_acf_changed":false},"product_brand":[],"product_cat":[62,65],"product_tag":[],"product_shipping_class":[],"pa_soft-wrap-cardigan":[],"class_list":{"0":"post-58353","1":"product","2":"type-product","3":"status-publish","4":"has-post-thumbnail","6":"product_cat-naised","7":"product_cat-sallid-ja-olasallid","9":"first","10":"instock","11":"taxable","12":"shipping-taxable","13":"purchasable","14":"product-type-variable","15":"has-default-attributes","16":"wvs-archive-product-wrapper"},"bundled_by":[],"bundle_stock_status":"instock","bundle_stock_quantity":null,"bundle_virtual":false,"bundle_layout":"","bundle_add_to_cart_form_location":"","bundle_editable_in_cart":false,"bundle_sold_individually_context":"","bundle_item_grouping":"","bundle_min_size":"","bundle_max_size":"","bundle_price":[],"bundled_items":[],"bundle_sell_ids":[],"acf":[],"aioseo_notices":[],"_links":{"self":[{"href":"https:\/\/alpaka-shop.com\/et\/wp-json\/wp\/v2\/product\/58353","targetHints":{"allow":["GET"]}}],"collection":[{"href":"https:\/\/alpaka-shop.com\/et\/wp-json\/wp\/v2\/product"}],"about":[{"href":"https:\/\/alpaka-shop.com\/et\/wp-json\/wp\/v2\/types\/product"}],"wp:featuredmedia":[{"embeddable":true,"href":"https:\/\/alpaka-shop.com\/et\/wp-json\/wp\/v2\/media\/45745"}],"wp:attachment":[{"href":"https:\/\/alpaka-shop.com\/et\/wp-json\/wp\/v2\/media?parent=58353"}],"wp:term":[{"taxonomy":"product_brand","embeddable":true,"href":"https:\/\/alpaka-shop.com\/et\/wp-json\/wp\/v2\/product_brand?post=58353"},{"taxonomy":"product_cat","embeddable":true,"href":"https:\/\/alpaka-shop.com\/et\/wp-json\/wp\/v2\/product_cat?post=58353"},{"taxonomy":"product_tag","embeddable":true,"href":"https:\/\/alpaka-shop.com\/et\/wp-json\/wp\/v2\/product_tag?post=58353"},{"taxonomy":"product_shipping_class","embeddable":true,"href":"https:\/\/alpaka-shop.com\/et\/wp-json\/wp\/v2\/product_shipping_class?post=58353"},{"taxonomy":"pa_soft-wrap-cardigan","embeddable":true,"href":"https:\/\/alpaka-shop.com\/et\/wp-json\/wp\/v2\/pa_soft-wrap-cardigan?post=58353"}],"curies":[{"name":"wp","href":"https:\/\/api.w.org\/{rel}","templated":true}]}}