{"id":58643,"date":"2024-12-10T12:01:52","date_gmt":"2024-12-10T10:01:52","guid":{"rendered":"https:\/\/alpaka-shop.com\/pehme-tekstuuriga-randmesoojendajad\/"},"modified":"2026-04-11T14:00:04","modified_gmt":"2026-04-11T11:00:04","slug":"pehme-tekstuuriga-randmesoojendajad","status":"publish","type":"product","link":"https:\/\/alpaka-shop.com\/et\/pehme-tekstuuriga-randmesoojendajad\/","title":{"rendered":"Pehme tekstuuriga randmesoojendajad"},"content":{"rendered":"","protected":false},"excerpt":{"rendered":"<p><span data-sheets-root=\"1\">M\u00f5nusalt kerged randmesoojendajad \u00fchendavad ajatu disaini ja funktsionaalsuse ning on h\u00e4davajalikud abilised k\u00fclmadel p\u00e4evadel. Nukkideni ulatuv l\u00f5ige hoiab k\u00e4ed soojas, j\u00e4ttes s\u00f5rmed vabaks igap\u00e4evaste \u00fclesannete t\u00e4itmiseks ning pikk elastne randmeosa ulatub m\u00f5nusalt mantli alla. Klassikalise poolpatent mustriga kootud randmesoojendajad on nii elegantsed kui ka praktilised. Olles \u00fchtaegu kerged, kuid samas sooja hoidvad, sobivad nad ideaalselt kihiliseks kandmiseks k\u00fclmematel p\u00e4evadel v\u00f5i kui vajad lihtsalt veidi lisasoojust.<\/p>\n<p>MATERJAL<br \/>\n<strong>100% Beebialpaka<\/strong><br \/>\n<\/span><\/p>\n","protected":false},"featured_media":58614,"template":"","meta":{"_acf_changed":false},"product_brand":[],"product_cat":[2970,62],"product_tag":[],"product_shipping_class":[],"pa_soft-wrap-cardigan":[],"class_list":{"0":"post-58643","1":"product","2":"type-product","3":"status-publish","4":"has-post-thumbnail","6":"product_cat-aksessuaarid","7":"product_cat-naised","9":"first","10":"instock","11":"taxable","12":"shipping-taxable","13":"purchasable","14":"product-type-variable","15":"has-default-attributes","16":"wvs-archive-product-wrapper"},"bundled_by":[],"bundle_stock_status":"instock","bundle_stock_quantity":null,"bundle_virtual":false,"bundle_layout":"","bundle_add_to_cart_form_location":"","bundle_editable_in_cart":false,"bundle_sold_individually_context":"","bundle_item_grouping":"","bundle_min_size":"","bundle_max_size":"","bundle_price":[],"bundled_items":[],"bundle_sell_ids":[],"acf":[],"aioseo_notices":[],"_links":{"self":[{"href":"https:\/\/alpaka-shop.com\/et\/wp-json\/wp\/v2\/product\/58643","targetHints":{"allow":["GET"]}}],"collection":[{"href":"https:\/\/alpaka-shop.com\/et\/wp-json\/wp\/v2\/product"}],"about":[{"href":"https:\/\/alpaka-shop.com\/et\/wp-json\/wp\/v2\/types\/product"}],"wp:featuredmedia":[{"embeddable":true,"href":"https:\/\/alpaka-shop.com\/et\/wp-json\/wp\/v2\/media\/58614"}],"wp:attachment":[{"href":"https:\/\/alpaka-shop.com\/et\/wp-json\/wp\/v2\/media?parent=58643"}],"wp:term":[{"taxonomy":"product_brand","embeddable":true,"href":"https:\/\/alpaka-shop.com\/et\/wp-json\/wp\/v2\/product_brand?post=58643"},{"taxonomy":"product_cat","embeddable":true,"href":"https:\/\/alpaka-shop.com\/et\/wp-json\/wp\/v2\/product_cat?post=58643"},{"taxonomy":"product_tag","embeddable":true,"href":"https:\/\/alpaka-shop.com\/et\/wp-json\/wp\/v2\/product_tag?post=58643"},{"taxonomy":"product_shipping_class","embeddable":true,"href":"https:\/\/alpaka-shop.com\/et\/wp-json\/wp\/v2\/product_shipping_class?post=58643"},{"taxonomy":"pa_soft-wrap-cardigan","embeddable":true,"href":"https:\/\/alpaka-shop.com\/et\/wp-json\/wp\/v2\/pa_soft-wrap-cardigan?post=58643"}],"curies":[{"name":"wp","href":"https:\/\/api.w.org\/{rel}","templated":true}]}}