{"id":5873,"date":"2019-07-30T12:28:45","date_gmt":"2019-07-30T09:28:45","guid":{"rendered":"https:\/\/uus.alpaka-shop.com\/product\/pleed-eco-scottish\/"},"modified":"2026-04-06T10:00:14","modified_gmt":"2026-04-06T07:00:14","slug":"pleed-eco-scottish","status":"publish","type":"product","link":"https:\/\/alpaka-shop.com\/et\/pleed-eco-scottish\/","title":{"rendered":"Pleed Eco Scottish"},"content":{"rendered":"","protected":false},"excerpt":{"rendered":"<p>100% \u00f6koloogilisest beebialpaka villast kootud pleed. \u00a0Kasutatud on v\u00e4rvimata l\u00f5nga, mille looduslikud naturaalsed v\u00e4rvid on kootud \u0161oti-ruudu mustris. Need klassikalise disainiga pleedid on ideaalsed, kui hindad ajatut disaini, kompromissitut kvaliteeti ja \u00fclimat mugavust.<\/p>\n<p>MATERJAL<br \/>\n<strong>100% \u00f6koloogiline v\u00e4rvimata beebialpaka<\/strong><\/p>\n<p>&nbsp;<\/p>\n<p>&nbsp;<\/p>\n","protected":false},"featured_media":2106,"template":"","meta":{"_acf_changed":false},"product_brand":[],"product_cat":[2812,91,108],"product_tag":[],"product_shipping_class":[],"pa_soft-wrap-cardigan":[],"class_list":{"0":"post-5873","1":"product","2":"type-product","3":"status-publish","4":"has-post-thumbnail","6":"product_cat-martsi-kampaania","7":"product_cat-pleedid","8":"product_cat-sisustus","10":"first","11":"instock","12":"taxable","13":"shipping-taxable","14":"purchasable","15":"product-type-variable","16":"has-default-attributes","17":"wvs-archive-product-wrapper"},"bundled_by":[],"bundle_stock_status":"instock","bundle_stock_quantity":null,"bundle_virtual":false,"bundle_layout":"","bundle_add_to_cart_form_location":"","bundle_editable_in_cart":false,"bundle_sold_individually_context":"","bundle_item_grouping":"","bundle_min_size":"","bundle_max_size":"","bundle_price":[],"bundled_items":[],"bundle_sell_ids":[],"acf":[],"aioseo_notices":[],"_links":{"self":[{"href":"https:\/\/alpaka-shop.com\/et\/wp-json\/wp\/v2\/product\/5873","targetHints":{"allow":["GET"]}}],"collection":[{"href":"https:\/\/alpaka-shop.com\/et\/wp-json\/wp\/v2\/product"}],"about":[{"href":"https:\/\/alpaka-shop.com\/et\/wp-json\/wp\/v2\/types\/product"}],"wp:featuredmedia":[{"embeddable":true,"href":"https:\/\/alpaka-shop.com\/et\/wp-json\/wp\/v2\/media\/2106"}],"wp:attachment":[{"href":"https:\/\/alpaka-shop.com\/et\/wp-json\/wp\/v2\/media?parent=5873"}],"wp:term":[{"taxonomy":"product_brand","embeddable":true,"href":"https:\/\/alpaka-shop.com\/et\/wp-json\/wp\/v2\/product_brand?post=5873"},{"taxonomy":"product_cat","embeddable":true,"href":"https:\/\/alpaka-shop.com\/et\/wp-json\/wp\/v2\/product_cat?post=5873"},{"taxonomy":"product_tag","embeddable":true,"href":"https:\/\/alpaka-shop.com\/et\/wp-json\/wp\/v2\/product_tag?post=5873"},{"taxonomy":"product_shipping_class","embeddable":true,"href":"https:\/\/alpaka-shop.com\/et\/wp-json\/wp\/v2\/product_shipping_class?post=5873"},{"taxonomy":"pa_soft-wrap-cardigan","embeddable":true,"href":"https:\/\/alpaka-shop.com\/et\/wp-json\/wp\/v2\/pa_soft-wrap-cardigan?post=5873"}],"curies":[{"name":"wp","href":"https:\/\/api.w.org\/{rel}","templated":true}]}}