{"id":58748,"date":"2024-12-10T12:40:44","date_gmt":"2024-12-10T10:40:44","guid":{"rendered":"https:\/\/alpaka-shop.com\/?post_type=product&#038;p=58748"},"modified":"2026-02-19T16:00:06","modified_gmt":"2026-02-19T14:00:06","slug":"topelt-randmeosaga-kindad","status":"publish","type":"product","link":"https:\/\/alpaka-shop.com\/et\/topelt-randmeosaga-kindad\/","title":{"rendered":"Topelt randmeosaga kindad"},"content":{"rendered":"","protected":false},"excerpt":{"rendered":"<p><span data-sheets-root=\"1\">Lisage oma talvisesse garderoobi veidi elegantsust soojade kinnastega, millel on omap\u00e4rane \u00fclesp\u00f6\u00f6ratud soonik\u00e4\u00e4rega disain, mis lisab mitmek\u00fclgsust. Need kindad \u00fchendavad suurep\u00e4raselt stiili ja funktsionaalsuse pakkudes kahte kandmisv\u00f5imalust: volditud \u00e4\u00e4rega p\u00f5nevama ning rafineeritud v\u00e4limuse saavutamiseks v\u00f5i t\u00e4ispikana pakkudes t\u00e4iendavat kaitset k\u00fclma eest. Pikendatud \u00e4\u00e4r kaitseb teie k\u00e4si tuule ja ilmastiku eest ning ajatu disain tagab, et kindad sobiksid suurep\u00e4raselt iga talvise riietusega. Mugavad kindad, mis on k\u00fclmemateks kuudeks h\u00e4davajalikud.<\/span><\/p>\n<p>MATERJAL<br \/>\n<strong>100% Beebialpaka<\/strong><\/p>\n","protected":false},"featured_media":58744,"template":"","meta":{"_acf_changed":false},"product_brand":[],"product_cat":[2970,62],"product_tag":[],"product_shipping_class":[],"pa_soft-wrap-cardigan":[],"class_list":{"0":"post-58748","1":"product","2":"type-product","3":"status-publish","4":"has-post-thumbnail","6":"product_cat-aksessuaarid","7":"product_cat-naised","9":"first","10":"instock","11":"taxable","12":"shipping-taxable","13":"purchasable","14":"product-type-variable","15":"has-default-attributes","16":"wvs-archive-product-wrapper"},"bundled_by":[],"bundle_stock_status":"instock","bundle_stock_quantity":null,"bundle_virtual":false,"bundle_layout":"","bundle_add_to_cart_form_location":"","bundle_editable_in_cart":false,"bundle_sold_individually_context":"","bundle_item_grouping":"","bundle_min_size":"","bundle_max_size":"","bundle_price":[],"bundled_items":[],"bundle_sell_ids":[],"acf":[],"aioseo_notices":[],"_links":{"self":[{"href":"https:\/\/alpaka-shop.com\/et\/wp-json\/wp\/v2\/product\/58748","targetHints":{"allow":["GET"]}}],"collection":[{"href":"https:\/\/alpaka-shop.com\/et\/wp-json\/wp\/v2\/product"}],"about":[{"href":"https:\/\/alpaka-shop.com\/et\/wp-json\/wp\/v2\/types\/product"}],"wp:featuredmedia":[{"embeddable":true,"href":"https:\/\/alpaka-shop.com\/et\/wp-json\/wp\/v2\/media\/58744"}],"wp:attachment":[{"href":"https:\/\/alpaka-shop.com\/et\/wp-json\/wp\/v2\/media?parent=58748"}],"wp:term":[{"taxonomy":"product_brand","embeddable":true,"href":"https:\/\/alpaka-shop.com\/et\/wp-json\/wp\/v2\/product_brand?post=58748"},{"taxonomy":"product_cat","embeddable":true,"href":"https:\/\/alpaka-shop.com\/et\/wp-json\/wp\/v2\/product_cat?post=58748"},{"taxonomy":"product_tag","embeddable":true,"href":"https:\/\/alpaka-shop.com\/et\/wp-json\/wp\/v2\/product_tag?post=58748"},{"taxonomy":"product_shipping_class","embeddable":true,"href":"https:\/\/alpaka-shop.com\/et\/wp-json\/wp\/v2\/product_shipping_class?post=58748"},{"taxonomy":"pa_soft-wrap-cardigan","embeddable":true,"href":"https:\/\/alpaka-shop.com\/et\/wp-json\/wp\/v2\/pa_soft-wrap-cardigan?post=58748"}],"curies":[{"name":"wp","href":"https:\/\/api.w.org\/{rel}","templated":true}]}}