{"id":5920,"date":"2019-08-28T08:27:56","date_gmt":"2019-08-28T08:27:56","guid":{"rendered":"https:\/\/uus.alpaka-shop.com\/product\/yaku-pleed\/"},"modified":"2026-03-09T14:45:37","modified_gmt":"2026-03-09T12:45:37","slug":"yaku-pleed","status":"publish","type":"product","link":"https:\/\/alpaka-shop.com\/et\/yaku-pleed\/","title":{"rendered":"Yaku pleed"},"content":{"rendered":"","protected":false},"excerpt":{"rendered":"<p><strong>V\u00e4rvid Valge, Bee\u017a ja Tumepruun on saadaval eeltellimiseks. Tellimuse t\u00e4itmise aeg on 2 n\u00e4dalat.\u00a0<\/strong><\/p>\n<p>V\u00f5rreldamatult pehme ja siidine alpaka nahast pleed, millel on beebialpaka villast tagus. Sobib nii voodikatteks kui ka pleediks diivanile v\u00f5i tugitoolile. Iga pleed on ainulaadne, nii v\u00e4rvitooni kui karva omaduste poolest. Kuna kasutatud on vaid looduslikke materjale, esinevad v\u00e4ikesed erinevused toonis ja karva pikkuses. \u00d5rn ja k\u00fcllusliku puudutusega pleed, mis viib mugavuse ning naudingu t\u00e4iesti uuele tasemele.<\/p>\n<p>See pleed on valmistatud eetilisest alpaka nahast, mis t\u00e4hendab, et toote valmistamiseks pole \u00fchelegi loomale viga tehtud. Alpakad on liiga v\u00e4\u00e4rtuslikud, et neid hukata naha saamise eesm\u00e4rgil ning seep\u00e4rast kasutatakse vaid loomulikul teel hukkunud loomade nahkasid, et anda materjalile uus v\u00e4\u00e4rtus.<\/p>\n<p>MATERJAL<strong><br \/>\nnaturaalne alpaka nahk<br \/>\n<\/strong><\/p>\n<p>TAGUS<strong><br \/>\n100% beebialpaka vill<\/strong><\/p>\n<p>T\u00c4IDIS<strong><br \/>\npehmendavaks t\u00e4idiseks termovatiin<\/strong><\/p>\n","protected":false},"featured_media":18239,"template":"","meta":{"_acf_changed":false},"product_brand":[],"product_cat":[91,108],"product_tag":[],"product_shipping_class":[],"pa_soft-wrap-cardigan":[],"class_list":{"0":"post-5920","1":"product","2":"type-product","3":"status-publish","4":"has-post-thumbnail","6":"product_cat-pleedid","7":"product_cat-sisustus","9":"first","10":"outofstock","11":"taxable","12":"shipping-taxable","13":"purchasable","14":"product-type-variable","15":"has-default-attributes","16":"wvs-archive-product-wrapper"},"bundled_by":[],"bundle_stock_status":"outofstock","bundle_stock_quantity":null,"bundle_virtual":false,"bundle_layout":"","bundle_add_to_cart_form_location":"","bundle_editable_in_cart":false,"bundle_sold_individually_context":"","bundle_item_grouping":"","bundle_min_size":"","bundle_max_size":"","bundle_price":[],"bundled_items":[],"bundle_sell_ids":[],"acf":[],"aioseo_notices":[],"_links":{"self":[{"href":"https:\/\/alpaka-shop.com\/et\/wp-json\/wp\/v2\/product\/5920","targetHints":{"allow":["GET"]}}],"collection":[{"href":"https:\/\/alpaka-shop.com\/et\/wp-json\/wp\/v2\/product"}],"about":[{"href":"https:\/\/alpaka-shop.com\/et\/wp-json\/wp\/v2\/types\/product"}],"wp:featuredmedia":[{"embeddable":true,"href":"https:\/\/alpaka-shop.com\/et\/wp-json\/wp\/v2\/media\/18239"}],"wp:attachment":[{"href":"https:\/\/alpaka-shop.com\/et\/wp-json\/wp\/v2\/media?parent=5920"}],"wp:term":[{"taxonomy":"product_brand","embeddable":true,"href":"https:\/\/alpaka-shop.com\/et\/wp-json\/wp\/v2\/product_brand?post=5920"},{"taxonomy":"product_cat","embeddable":true,"href":"https:\/\/alpaka-shop.com\/et\/wp-json\/wp\/v2\/product_cat?post=5920"},{"taxonomy":"product_tag","embeddable":true,"href":"https:\/\/alpaka-shop.com\/et\/wp-json\/wp\/v2\/product_tag?post=5920"},{"taxonomy":"product_shipping_class","embeddable":true,"href":"https:\/\/alpaka-shop.com\/et\/wp-json\/wp\/v2\/product_shipping_class?post=5920"},{"taxonomy":"pa_soft-wrap-cardigan","embeddable":true,"href":"https:\/\/alpaka-shop.com\/et\/wp-json\/wp\/v2\/pa_soft-wrap-cardigan?post=5920"}],"curies":[{"name":"wp","href":"https:\/\/api.w.org\/{rel}","templated":true}]}}