{"id":59244,"date":"2024-12-13T21:54:02","date_gmt":"2024-12-13T19:54:02","guid":{"rendered":"https:\/\/alpaka-shop.com\/?post_type=product&#038;p=59244"},"modified":"2026-04-07T12:20:05","modified_gmt":"2026-04-07T09:20:05","slug":"kohev-soonikmuts","status":"publish","type":"product","link":"https:\/\/alpaka-shop.com\/et\/kohev-soonikmuts\/","title":{"rendered":"Kohev soonikm\u00fcts"},"content":{"rendered":"","protected":false},"excerpt":{"rendered":"<p><span data-sheets-root=\"1\">V\u00f5rratu mugavuse ja moeka talvise meeleolu jaoks on laia \u00e4\u00e4rega soonikm\u00fcts ideaalne valik. M\u00fctsil on lai topelt soonikuga \u00e4\u00e4r, mis pakub suurep\u00e4rast kaitset tuule eest, hoides sind k\u00fclma ilma korral kindlalt soojas. See m\u00fcts on piisavalt mitmek\u00fclgne igap\u00e4evaste v\u00e4ljas\u00f5itude v\u00f5i seikluste puhul ning lisaks on ta nii funktsionaalne kui ka stiilne. Soonikm\u00fcts on hooajaliste aksessuaaride kohustuslik t\u00e4iendus, millega saad k\u00fclmale enesekindlalt vastu astuta. <\/span><\/p>\n<p>MATERJAL<br \/>\n<strong>100% Beebialpaka<\/strong><\/p>\n","protected":false},"featured_media":59205,"template":"","meta":{"_acf_changed":false},"product_brand":[],"product_cat":[96,62],"product_tag":[],"product_shipping_class":[],"pa_soft-wrap-cardigan":[],"class_list":{"0":"post-59244","1":"product","2":"type-product","3":"status-publish","4":"has-post-thumbnail","6":"product_cat-mutsid-naised","7":"product_cat-naised","9":"first","10":"instock","11":"taxable","12":"shipping-taxable","13":"purchasable","14":"product-type-variable","15":"has-default-attributes","16":"wvs-archive-product-wrapper"},"bundled_by":[],"bundle_stock_status":"instock","bundle_stock_quantity":null,"bundle_virtual":false,"bundle_layout":"","bundle_add_to_cart_form_location":"","bundle_editable_in_cart":false,"bundle_sold_individually_context":"","bundle_item_grouping":"","bundle_min_size":"","bundle_max_size":"","bundle_price":[],"bundled_items":[],"bundle_sell_ids":[],"acf":[],"aioseo_notices":[],"_links":{"self":[{"href":"https:\/\/alpaka-shop.com\/et\/wp-json\/wp\/v2\/product\/59244","targetHints":{"allow":["GET"]}}],"collection":[{"href":"https:\/\/alpaka-shop.com\/et\/wp-json\/wp\/v2\/product"}],"about":[{"href":"https:\/\/alpaka-shop.com\/et\/wp-json\/wp\/v2\/types\/product"}],"wp:featuredmedia":[{"embeddable":true,"href":"https:\/\/alpaka-shop.com\/et\/wp-json\/wp\/v2\/media\/59205"}],"wp:attachment":[{"href":"https:\/\/alpaka-shop.com\/et\/wp-json\/wp\/v2\/media?parent=59244"}],"wp:term":[{"taxonomy":"product_brand","embeddable":true,"href":"https:\/\/alpaka-shop.com\/et\/wp-json\/wp\/v2\/product_brand?post=59244"},{"taxonomy":"product_cat","embeddable":true,"href":"https:\/\/alpaka-shop.com\/et\/wp-json\/wp\/v2\/product_cat?post=59244"},{"taxonomy":"product_tag","embeddable":true,"href":"https:\/\/alpaka-shop.com\/et\/wp-json\/wp\/v2\/product_tag?post=59244"},{"taxonomy":"product_shipping_class","embeddable":true,"href":"https:\/\/alpaka-shop.com\/et\/wp-json\/wp\/v2\/product_shipping_class?post=59244"},{"taxonomy":"pa_soft-wrap-cardigan","embeddable":true,"href":"https:\/\/alpaka-shop.com\/et\/wp-json\/wp\/v2\/pa_soft-wrap-cardigan?post=59244"}],"curies":[{"name":"wp","href":"https:\/\/api.w.org\/{rel}","templated":true}]}}