{"id":5967,"date":"2019-07-30T12:39:08","date_gmt":"2019-07-30T12:39:08","guid":{"rendered":"https:\/\/uus.alpaka-shop.com\/product\/karvaaarisega-pleed\/"},"modified":"2026-03-11T09:57:39","modified_gmt":"2026-03-11T07:57:39","slug":"karvaaarisega-pleed","status":"publish","type":"product","link":"https:\/\/alpaka-shop.com\/et\/karvaaarisega-pleed\/","title":{"rendered":"Karva\u00e4\u00e4risega pleed"},"content":{"rendered":"","protected":false},"excerpt":{"rendered":"<p>Pleed, milles kohtuvad elegants ja looduslike ehedate materjalide \u00f5rn puudutus. Nahast \u00e4\u00e4risega beebialpaka villast kootud pleed on soojahoidev ja \u00e4\u00e4retult pehme. Kasutusel olev alpaka nahk on hoolikalt valitud pikimate ja siidiseimate hulgast. Iga pleed on pisut unikaalne nii v\u00e4rvin\u00fcansi kui karvapikkuse poolest, sest tegemist on naturaalse materjaliga. Need pleedid sobivad imeh\u00e4sti kodusisustuseks kui ka moeaksessuaariks. Emba elu t\u00e4is sooje emotsioone.<\/p>\n<p>See pleed on valmistatud eetilisest alpaka nahast, mis t\u00e4hendab, et toote valmimiseks pole \u00fchelegi loomale kahju tehtud. Alpakad on naha saamiseks lihtsalt liiga v\u00e4\u00e4rtuslikud villaloomad, seega vaid loomulikul teel hukkunud loomade nahkadest valmistatakse tooteid, et mitte materjali \u00e4ra visata ja anda sellele uus kasutus.<\/p>\n<p>MATERJAL<strong><br \/>\n100% beebialpaka vill, alpaka nahast \u00e4\u00e4risega<\/strong><\/p>\n<p>&nbsp;<\/p>\n","protected":false},"featured_media":49143,"template":"","meta":{"_acf_changed":false},"product_brand":[],"product_cat":[2812,91,108],"product_tag":[],"product_shipping_class":[],"pa_soft-wrap-cardigan":[],"class_list":{"0":"post-5967","1":"product","2":"type-product","3":"status-publish","4":"has-post-thumbnail","6":"product_cat-martsi-kampaania","7":"product_cat-pleedid","8":"product_cat-sisustus","10":"first","11":"instock","12":"taxable","13":"shipping-taxable","14":"purchasable","15":"product-type-variable","16":"has-default-attributes","17":"wvs-archive-product-wrapper"},"bundled_by":[],"bundle_stock_status":"instock","bundle_stock_quantity":null,"bundle_virtual":false,"bundle_layout":"","bundle_add_to_cart_form_location":"","bundle_editable_in_cart":false,"bundle_sold_individually_context":"","bundle_item_grouping":"","bundle_min_size":"","bundle_max_size":"","bundle_price":[],"bundled_items":[],"bundle_sell_ids":[],"acf":[],"aioseo_notices":[],"_links":{"self":[{"href":"https:\/\/alpaka-shop.com\/et\/wp-json\/wp\/v2\/product\/5967","targetHints":{"allow":["GET"]}}],"collection":[{"href":"https:\/\/alpaka-shop.com\/et\/wp-json\/wp\/v2\/product"}],"about":[{"href":"https:\/\/alpaka-shop.com\/et\/wp-json\/wp\/v2\/types\/product"}],"wp:featuredmedia":[{"embeddable":true,"href":"https:\/\/alpaka-shop.com\/et\/wp-json\/wp\/v2\/media\/49143"}],"wp:attachment":[{"href":"https:\/\/alpaka-shop.com\/et\/wp-json\/wp\/v2\/media?parent=5967"}],"wp:term":[{"taxonomy":"product_brand","embeddable":true,"href":"https:\/\/alpaka-shop.com\/et\/wp-json\/wp\/v2\/product_brand?post=5967"},{"taxonomy":"product_cat","embeddable":true,"href":"https:\/\/alpaka-shop.com\/et\/wp-json\/wp\/v2\/product_cat?post=5967"},{"taxonomy":"product_tag","embeddable":true,"href":"https:\/\/alpaka-shop.com\/et\/wp-json\/wp\/v2\/product_tag?post=5967"},{"taxonomy":"product_shipping_class","embeddable":true,"href":"https:\/\/alpaka-shop.com\/et\/wp-json\/wp\/v2\/product_shipping_class?post=5967"},{"taxonomy":"pa_soft-wrap-cardigan","embeddable":true,"href":"https:\/\/alpaka-shop.com\/et\/wp-json\/wp\/v2\/pa_soft-wrap-cardigan?post=5967"}],"curies":[{"name":"wp","href":"https:\/\/api.w.org\/{rel}","templated":true}]}}