{"id":59879,"date":"2025-02-25T16:31:32","date_gmt":"2025-02-25T14:31:32","guid":{"rendered":"https:\/\/alpaka-shop.com\/sallkraega-kardigan\/"},"modified":"2026-04-06T13:07:02","modified_gmt":"2026-04-06T10:07:02","slug":"sallkraega-kardigan","status":"publish","type":"product","link":"https:\/\/alpaka-shop.com\/et\/sallkraega-kardigan\/","title":{"rendered":"Sallkraega kardigan"},"content":{"rendered":"","protected":false},"excerpt":{"rendered":"<p><span data-sheets-root=\"1\">Luksuslikult pehme kardigan, mis sobib t\u00f5en\u00e4oliselt kogu Sinu garderoobiga. Ajatu ning vaba l\u00f5ikega kudum, mis langeb elegantselt m\u00f6\u00f6da keha kaunistades igat figuuri. S\u00f5rmeotsa pikkus ning delikaatse sallkraega disain muudab selle kardigani mitmek\u00fclgselt kasutatavaks, sobides nii m\u00f5nusasse kodukeskonda kui ka pidulikumale \u00fcritusele. Kanna seda teksade ja saabastega vabal ajal v\u00f5i elegantse kleidiga, et saavutada \u0161ikim v\u00e4limus. <\/span><\/p>\n","protected":false},"featured_media":59826,"template":"","meta":{"_acf_changed":false},"product_brand":[],"product_cat":[98,62],"product_tag":[],"product_shipping_class":[],"pa_soft-wrap-cardigan":[],"class_list":{"0":"post-59879","1":"product","2":"type-product","3":"status-publish","4":"has-post-thumbnail","6":"product_cat-kampsunid-kardiganid-naised","7":"product_cat-naised","9":"first","10":"instock","11":"taxable","12":"shipping-taxable","13":"purchasable","14":"product-type-variable","15":"has-default-attributes","16":"wvs-archive-product-wrapper"},"bundled_by":[],"bundle_stock_status":"instock","bundle_stock_quantity":null,"bundle_virtual":false,"bundle_layout":"","bundle_add_to_cart_form_location":"","bundle_editable_in_cart":false,"bundle_sold_individually_context":"","bundle_item_grouping":"","bundle_min_size":"","bundle_max_size":"","bundle_price":[],"bundled_items":[],"bundle_sell_ids":[],"acf":[],"aioseo_notices":[],"_links":{"self":[{"href":"https:\/\/alpaka-shop.com\/et\/wp-json\/wp\/v2\/product\/59879","targetHints":{"allow":["GET"]}}],"collection":[{"href":"https:\/\/alpaka-shop.com\/et\/wp-json\/wp\/v2\/product"}],"about":[{"href":"https:\/\/alpaka-shop.com\/et\/wp-json\/wp\/v2\/types\/product"}],"wp:featuredmedia":[{"embeddable":true,"href":"https:\/\/alpaka-shop.com\/et\/wp-json\/wp\/v2\/media\/59826"}],"wp:attachment":[{"href":"https:\/\/alpaka-shop.com\/et\/wp-json\/wp\/v2\/media?parent=59879"}],"wp:term":[{"taxonomy":"product_brand","embeddable":true,"href":"https:\/\/alpaka-shop.com\/et\/wp-json\/wp\/v2\/product_brand?post=59879"},{"taxonomy":"product_cat","embeddable":true,"href":"https:\/\/alpaka-shop.com\/et\/wp-json\/wp\/v2\/product_cat?post=59879"},{"taxonomy":"product_tag","embeddable":true,"href":"https:\/\/alpaka-shop.com\/et\/wp-json\/wp\/v2\/product_tag?post=59879"},{"taxonomy":"product_shipping_class","embeddable":true,"href":"https:\/\/alpaka-shop.com\/et\/wp-json\/wp\/v2\/product_shipping_class?post=59879"},{"taxonomy":"pa_soft-wrap-cardigan","embeddable":true,"href":"https:\/\/alpaka-shop.com\/et\/wp-json\/wp\/v2\/pa_soft-wrap-cardigan?post=59879"}],"curies":[{"name":"wp","href":"https:\/\/api.w.org\/{rel}","templated":true}]}}