{"id":7843,"date":"2019-08-28T08:55:01","date_gmt":"2019-08-28T08:55:01","guid":{"rendered":"https:\/\/uus.alpaka-shop.com\/product\/yaku-padjad\/"},"modified":"2026-03-06T12:55:53","modified_gmt":"2026-03-06T10:55:53","slug":"yaku-padi","status":"publish","type":"product","link":"https:\/\/alpaka-shop.com\/et\/yaku-padi\/","title":{"rendered":"Yaku padi"},"content":{"rendered":"","protected":false},"excerpt":{"rendered":"<p>Yaku padjad on valmistatud pikast ja siidisest alpaka karvast. \u201cYaku\u201d t\u00e4hendab L\u00f5una-Ameerika ket\u0161uade keeles \u201cvesi\u201d, mille \u00f5rn lainetus otsekui peegeldubki padja pealispinnal. Iga padi on veidi erineva v\u00e4rvivarjundi ja karvapikkusega, kuna kasutatud on vaid naturaalseid materjale. Yaku padjad on unikaalsed sisustusaksessuaarid moodsasse koju ja loovad hetkega m\u00f5nusa sooja tunde igas interj\u00f6\u00f6ris. Padjakatte tagus on valmistatud beebialpaka villast. Saadaval ka karvaga m\u00f5lemal pool, k\u00fcsi pakkumist.<\/p>\n<p>See padi on tehtud eetilisest alpaka nahast ja \u00fchelegi loomale toote valmistamiseks viga ei tehtud. Alpakad on liiga v\u00e4\u00e4rtuslikud villaloomad ning vaid loomulikul teel hukkunud loomade nahka kasutatakse toodete valmistamisel, et anda materjalile seel\u00e4bi uus v\u00e4\u00e4rtus.<\/p>\n<p>MATERJAL<strong><br \/>\nnaturaalne alpaka nahk<br \/>\n<\/strong><\/p>\n<p>TAGUS<strong><br \/>\n100% beebialpaka vill<br \/>\n<\/strong><\/p>\n<p>PADJASISU<strong><br \/>\nsisupadjad eraldi tellimisel<\/strong><\/p>\n","protected":false},"featured_media":2707,"template":"","meta":{"_acf_changed":false},"product_brand":[],"product_cat":[90,108],"product_tag":[],"product_shipping_class":[],"pa_soft-wrap-cardigan":[],"class_list":{"0":"post-7843","1":"product","2":"type-product","3":"status-publish","4":"has-post-thumbnail","6":"product_cat-padjad","7":"product_cat-sisustus","9":"first","10":"instock","11":"taxable","12":"shipping-taxable","13":"purchasable","14":"product-type-variable","15":"has-default-attributes","16":"wvs-archive-product-wrapper"},"bundled_by":[],"bundle_stock_status":"instock","bundle_stock_quantity":null,"bundle_virtual":false,"bundle_layout":"","bundle_add_to_cart_form_location":"","bundle_editable_in_cart":false,"bundle_sold_individually_context":"","bundle_item_grouping":"","bundle_min_size":"","bundle_max_size":"","bundle_price":[],"bundled_items":[],"bundle_sell_ids":[],"acf":[],"aioseo_notices":[],"_links":{"self":[{"href":"https:\/\/alpaka-shop.com\/et\/wp-json\/wp\/v2\/product\/7843","targetHints":{"allow":["GET"]}}],"collection":[{"href":"https:\/\/alpaka-shop.com\/et\/wp-json\/wp\/v2\/product"}],"about":[{"href":"https:\/\/alpaka-shop.com\/et\/wp-json\/wp\/v2\/types\/product"}],"wp:featuredmedia":[{"embeddable":true,"href":"https:\/\/alpaka-shop.com\/et\/wp-json\/wp\/v2\/media\/2707"}],"wp:attachment":[{"href":"https:\/\/alpaka-shop.com\/et\/wp-json\/wp\/v2\/media?parent=7843"}],"wp:term":[{"taxonomy":"product_brand","embeddable":true,"href":"https:\/\/alpaka-shop.com\/et\/wp-json\/wp\/v2\/product_brand?post=7843"},{"taxonomy":"product_cat","embeddable":true,"href":"https:\/\/alpaka-shop.com\/et\/wp-json\/wp\/v2\/product_cat?post=7843"},{"taxonomy":"product_tag","embeddable":true,"href":"https:\/\/alpaka-shop.com\/et\/wp-json\/wp\/v2\/product_tag?post=7843"},{"taxonomy":"product_shipping_class","embeddable":true,"href":"https:\/\/alpaka-shop.com\/et\/wp-json\/wp\/v2\/product_shipping_class?post=7843"},{"taxonomy":"pa_soft-wrap-cardigan","embeddable":true,"href":"https:\/\/alpaka-shop.com\/et\/wp-json\/wp\/v2\/pa_soft-wrap-cardigan?post=7843"}],"curies":[{"name":"wp","href":"https:\/\/api.w.org\/{rel}","templated":true}]}}