{"id":7929,"date":"2019-08-29T08:44:24","date_gmt":"2019-08-29T08:44:24","guid":{"rendered":"https:\/\/uus.alpaka-shop.com\/product\/padi-exclusive-kalasaba\/"},"modified":"2026-03-06T12:59:03","modified_gmt":"2026-03-06T10:59:03","slug":"padi-exclusive-kalasaba","status":"publish","type":"product","link":"https:\/\/alpaka-shop.com\/et\/padi-exclusive-kalasaba\/","title":{"rendered":"Padi Exclusive Kalasaba"},"content":{"rendered":"","protected":false},"excerpt":{"rendered":"<p>Villane padi on valmistatud ehtsast beebialpaka villast. T\u00f5eliselt soe, pehme, siidine ja vastupidav beebialpaka vill on \u00fcks parimaid looduslikke kiude maailmas. Selle padja teeb eriliseks kalasabamuster, mis annab tootele \u0161iki ja v\u00e4ljapeetud stiili. Eksklusiivne villane padi annab igale interj\u00f6\u00f6rile l\u00f5pliku lihvi.<\/p>\n<p>MATERJAL<strong><br \/>\n100% beebialpaka<br \/>\n<\/strong><\/p>\n<p>PADJASISU<strong><br \/>\nsisupadjad eraldi tellimisel<\/strong><\/p>\n<p>&nbsp;<\/p>\n","protected":false},"featured_media":2831,"template":"","meta":{"_acf_changed":false},"product_brand":[],"product_cat":[90,108],"product_tag":[],"product_shipping_class":[],"pa_soft-wrap-cardigan":[],"class_list":{"0":"post-7929","1":"product","2":"type-product","3":"status-publish","4":"has-post-thumbnail","6":"product_cat-padjad","7":"product_cat-sisustus","9":"first","10":"instock","11":"taxable","12":"shipping-taxable","13":"purchasable","14":"product-type-variable","15":"has-default-attributes","16":"wvs-archive-product-wrapper"},"bundled_by":[],"bundle_stock_status":"instock","bundle_stock_quantity":null,"bundle_virtual":false,"bundle_layout":"","bundle_add_to_cart_form_location":"","bundle_editable_in_cart":false,"bundle_sold_individually_context":"","bundle_item_grouping":"","bundle_min_size":"","bundle_max_size":"","bundle_price":[],"bundled_items":[],"bundle_sell_ids":[],"acf":[],"aioseo_notices":[],"_links":{"self":[{"href":"https:\/\/alpaka-shop.com\/et\/wp-json\/wp\/v2\/product\/7929","targetHints":{"allow":["GET"]}}],"collection":[{"href":"https:\/\/alpaka-shop.com\/et\/wp-json\/wp\/v2\/product"}],"about":[{"href":"https:\/\/alpaka-shop.com\/et\/wp-json\/wp\/v2\/types\/product"}],"wp:featuredmedia":[{"embeddable":true,"href":"https:\/\/alpaka-shop.com\/et\/wp-json\/wp\/v2\/media\/2831"}],"wp:attachment":[{"href":"https:\/\/alpaka-shop.com\/et\/wp-json\/wp\/v2\/media?parent=7929"}],"wp:term":[{"taxonomy":"product_brand","embeddable":true,"href":"https:\/\/alpaka-shop.com\/et\/wp-json\/wp\/v2\/product_brand?post=7929"},{"taxonomy":"product_cat","embeddable":true,"href":"https:\/\/alpaka-shop.com\/et\/wp-json\/wp\/v2\/product_cat?post=7929"},{"taxonomy":"product_tag","embeddable":true,"href":"https:\/\/alpaka-shop.com\/et\/wp-json\/wp\/v2\/product_tag?post=7929"},{"taxonomy":"product_shipping_class","embeddable":true,"href":"https:\/\/alpaka-shop.com\/et\/wp-json\/wp\/v2\/product_shipping_class?post=7929"},{"taxonomy":"pa_soft-wrap-cardigan","embeddable":true,"href":"https:\/\/alpaka-shop.com\/et\/wp-json\/wp\/v2\/pa_soft-wrap-cardigan?post=7929"}],"curies":[{"name":"wp","href":"https:\/\/api.w.org\/{rel}","templated":true}]}}