{"id":7964,"date":"2019-08-30T12:06:11","date_gmt":"2019-08-30T12:06:11","guid":{"rendered":"https:\/\/uus.alpaka-shop.com\/product\/yaku-kaisukarud\/"},"modified":"2026-04-10T10:00:15","modified_gmt":"2026-04-10T07:00:15","slug":"yaku-kaisukaru","status":"publish","type":"product","link":"https:\/\/alpaka-shop.com\/et\/yaku-kaisukaru\/","title":{"rendered":"Yaku Kaisukaru"},"content":{"rendered":"","protected":false},"excerpt":{"rendered":"<p>Yaku kaisukaru on valmistatud naturaalsest alpaka nahast, mille karva peetakse pehmeimaks ja siidiseimaks maailmas. Pikk karv lisab karule iseloomu ja annab lustaka v\u00e4limuse. Iga kaisukaru on hoole ja armastusega k\u00e4sitsi valmistatud, j\u00e4rgides k\u00f5rgeimaid kvaliteedin\u00f5udeid. K\u00e4sit\u00f6\u00f6na valminud karud on k\u00f5ik unikaalsed, pole olemas kahte t\u00e4pselt samasugust karu. Alpaka nahk ja karv ei sisalda lanoliini, mis teeb meie kaisukarud allergiavabaks. Kaisukaru Yaku sobib ideaalselt kingituseks, tuues kingisaajale s\u00fclet\u00e4ie sooje emotsioone!<\/p>\n<p>MATERJAL<strong><br \/>\nnaturaalne alpaka nahk<\/strong><\/p>\n","protected":false},"featured_media":3582,"template":"","meta":{"_acf_changed":false},"product_brand":[],"product_cat":[89],"product_tag":[],"product_shipping_class":[],"pa_soft-wrap-cardigan":[],"class_list":{"0":"post-7964","1":"product","2":"type-product","3":"status-publish","4":"has-post-thumbnail","6":"product_cat-kaisukarud","8":"first","9":"instock","10":"taxable","11":"shipping-taxable","12":"purchasable","13":"product-type-variable","14":"has-default-attributes","15":"wvs-archive-product-wrapper"},"bundled_by":[],"bundle_stock_status":"instock","bundle_stock_quantity":null,"bundle_virtual":false,"bundle_layout":"","bundle_add_to_cart_form_location":"","bundle_editable_in_cart":false,"bundle_sold_individually_context":"","bundle_item_grouping":"","bundle_min_size":"","bundle_max_size":"","bundle_price":[],"bundled_items":[],"bundle_sell_ids":[],"acf":[],"aioseo_notices":[],"_links":{"self":[{"href":"https:\/\/alpaka-shop.com\/et\/wp-json\/wp\/v2\/product\/7964","targetHints":{"allow":["GET"]}}],"collection":[{"href":"https:\/\/alpaka-shop.com\/et\/wp-json\/wp\/v2\/product"}],"about":[{"href":"https:\/\/alpaka-shop.com\/et\/wp-json\/wp\/v2\/types\/product"}],"wp:featuredmedia":[{"embeddable":true,"href":"https:\/\/alpaka-shop.com\/et\/wp-json\/wp\/v2\/media\/3582"}],"wp:attachment":[{"href":"https:\/\/alpaka-shop.com\/et\/wp-json\/wp\/v2\/media?parent=7964"}],"wp:term":[{"taxonomy":"product_brand","embeddable":true,"href":"https:\/\/alpaka-shop.com\/et\/wp-json\/wp\/v2\/product_brand?post=7964"},{"taxonomy":"product_cat","embeddable":true,"href":"https:\/\/alpaka-shop.com\/et\/wp-json\/wp\/v2\/product_cat?post=7964"},{"taxonomy":"product_tag","embeddable":true,"href":"https:\/\/alpaka-shop.com\/et\/wp-json\/wp\/v2\/product_tag?post=7964"},{"taxonomy":"product_shipping_class","embeddable":true,"href":"https:\/\/alpaka-shop.com\/et\/wp-json\/wp\/v2\/product_shipping_class?post=7964"},{"taxonomy":"pa_soft-wrap-cardigan","embeddable":true,"href":"https:\/\/alpaka-shop.com\/et\/wp-json\/wp\/v2\/pa_soft-wrap-cardigan?post=7964"}],"curies":[{"name":"wp","href":"https:\/\/api.w.org\/{rel}","templated":true}]}}