{"id":7986,"date":"2019-08-30T12:08:01","date_gmt":"2019-08-30T12:08:01","guid":{"rendered":"https:\/\/uus.alpaka-shop.com\/product\/sami-kaisukarud\/"},"modified":"2026-04-13T10:30:05","modified_gmt":"2026-04-13T07:30:05","slug":"sami-kaisukaru","status":"publish","type":"product","link":"https:\/\/alpaka-shop.com\/et\/sami-kaisukaru\/","title":{"rendered":"Sami Kaisukaru"},"content":{"rendered":"","protected":false},"excerpt":{"rendered":"<p>Sami kaisukaru on tehtud pehmest ja tihedast alpaka nahast, millel on sametpehme puudutus. L\u00fchike ja kohev karv annab karule vastupandamatult armsa v\u00e4limuse ja siidise pinna. Sami kaisukaru v\u00f5idab hetkega k\u00f5igi s\u00fcdamed. Iga karu on k\u00e4sit\u00f6\u00f6 ja seega unikaalne ning kordumatu. Alpaka nahk ega karv ei sisalda lanoliini, mis t\u00e4hendab, et karud on allergiavabad. Kaisukaru Sami on ideaalne kingitus, mis toob saajale palju r\u00f5\u00f5mu ja k\u00f5ige soojemaid kallistusi.<\/p>\n<p>MATERJAL<strong><br \/>\nnaturaalne alpaka nahk<\/strong><\/p>\n","protected":false},"featured_media":45309,"template":"","meta":{"_acf_changed":false},"product_brand":[],"product_cat":[2586,89],"product_tag":[],"product_shipping_class":[],"pa_soft-wrap-cardigan":[],"class_list":{"0":"post-7986","1":"product","2":"type-product","3":"status-publish","4":"has-post-thumbnail","6":"product_cat-gifts-for-her-et","7":"product_cat-kaisukarud","9":"first","10":"instock","11":"taxable","12":"shipping-taxable","13":"purchasable","14":"product-type-variable","15":"has-default-attributes","16":"wvs-archive-product-wrapper"},"bundled_by":[],"bundle_stock_status":"instock","bundle_stock_quantity":null,"bundle_virtual":false,"bundle_layout":"","bundle_add_to_cart_form_location":"","bundle_editable_in_cart":false,"bundle_sold_individually_context":"","bundle_item_grouping":"","bundle_min_size":"","bundle_max_size":"","bundle_price":[],"bundled_items":[],"bundle_sell_ids":[],"acf":[],"aioseo_notices":[],"_links":{"self":[{"href":"https:\/\/alpaka-shop.com\/et\/wp-json\/wp\/v2\/product\/7986","targetHints":{"allow":["GET"]}}],"collection":[{"href":"https:\/\/alpaka-shop.com\/et\/wp-json\/wp\/v2\/product"}],"about":[{"href":"https:\/\/alpaka-shop.com\/et\/wp-json\/wp\/v2\/types\/product"}],"wp:featuredmedia":[{"embeddable":true,"href":"https:\/\/alpaka-shop.com\/et\/wp-json\/wp\/v2\/media\/45309"}],"wp:attachment":[{"href":"https:\/\/alpaka-shop.com\/et\/wp-json\/wp\/v2\/media?parent=7986"}],"wp:term":[{"taxonomy":"product_brand","embeddable":true,"href":"https:\/\/alpaka-shop.com\/et\/wp-json\/wp\/v2\/product_brand?post=7986"},{"taxonomy":"product_cat","embeddable":true,"href":"https:\/\/alpaka-shop.com\/et\/wp-json\/wp\/v2\/product_cat?post=7986"},{"taxonomy":"product_tag","embeddable":true,"href":"https:\/\/alpaka-shop.com\/et\/wp-json\/wp\/v2\/product_tag?post=7986"},{"taxonomy":"product_shipping_class","embeddable":true,"href":"https:\/\/alpaka-shop.com\/et\/wp-json\/wp\/v2\/product_shipping_class?post=7986"},{"taxonomy":"pa_soft-wrap-cardigan","embeddable":true,"href":"https:\/\/alpaka-shop.com\/et\/wp-json\/wp\/v2\/pa_soft-wrap-cardigan?post=7986"}],"curies":[{"name":"wp","href":"https:\/\/api.w.org\/{rel}","templated":true}]}}