{"id":8034,"date":"2019-08-30T12:40:42","date_gmt":"2019-08-30T12:40:42","guid":{"rendered":"https:\/\/uus.alpaka-shop.com\/product\/sami-xl-kaisukarud\/"},"modified":"2026-04-10T14:00:08","modified_gmt":"2026-04-10T11:00:08","slug":"sami-xl-kaisukaru","status":"publish","type":"product","link":"https:\/\/alpaka-shop.com\/et\/sami-xl-kaisukaru\/","title":{"rendered":"Sami XL Kaisukaru"},"content":{"rendered":"","protected":false},"excerpt":{"rendered":"<p>\u00dclimalt pehme kaisukaru ehtsast alpaka nahast, mille suurus on ideaalne kaisutamiseks v\u00f5i efektseks v\u00e4ljapanekuks. Pehme ja kohev karv annab karule v\u00f5luva v\u00e4limuse ja vastupandamatu puudutuse. Iga karu on valmistatud k\u00e4sitsi hoole ja armastusega, iga\u00fcks oma n\u00e4o ja moega. Alpaka naha koostises pole pole allergeenset lanoliini, mist\u00f5ttu sobib see kaisukaru h\u00e4sti ka tundliku naha puhul. Alpaka kaisukaru soe kallistus valmistab r\u00f5\u00f5mu nii suurtele kui v\u00e4ikestele!<\/p>\n<p>MATERJAL<strong><br \/>\nnaturaalne alpaka nahk<\/strong><\/p>\n","protected":false},"featured_media":49757,"template":"","meta":{"_acf_changed":false},"product_brand":[],"product_cat":[89],"product_tag":[],"product_shipping_class":[],"pa_soft-wrap-cardigan":[],"class_list":{"0":"post-8034","1":"product","2":"type-product","3":"status-publish","4":"has-post-thumbnail","6":"product_cat-kaisukarud","8":"first","9":"instock","10":"taxable","11":"shipping-taxable","12":"purchasable","13":"product-type-variable","14":"has-default-attributes","15":"wvs-archive-product-wrapper"},"bundled_by":[],"bundle_stock_status":"instock","bundle_stock_quantity":null,"bundle_virtual":false,"bundle_layout":"","bundle_add_to_cart_form_location":"","bundle_editable_in_cart":false,"bundle_sold_individually_context":"","bundle_item_grouping":"","bundle_min_size":"","bundle_max_size":"","bundle_price":[],"bundled_items":[],"bundle_sell_ids":[],"acf":[],"aioseo_notices":[],"_links":{"self":[{"href":"https:\/\/alpaka-shop.com\/et\/wp-json\/wp\/v2\/product\/8034","targetHints":{"allow":["GET"]}}],"collection":[{"href":"https:\/\/alpaka-shop.com\/et\/wp-json\/wp\/v2\/product"}],"about":[{"href":"https:\/\/alpaka-shop.com\/et\/wp-json\/wp\/v2\/types\/product"}],"wp:featuredmedia":[{"embeddable":true,"href":"https:\/\/alpaka-shop.com\/et\/wp-json\/wp\/v2\/media\/49757"}],"wp:attachment":[{"href":"https:\/\/alpaka-shop.com\/et\/wp-json\/wp\/v2\/media?parent=8034"}],"wp:term":[{"taxonomy":"product_brand","embeddable":true,"href":"https:\/\/alpaka-shop.com\/et\/wp-json\/wp\/v2\/product_brand?post=8034"},{"taxonomy":"product_cat","embeddable":true,"href":"https:\/\/alpaka-shop.com\/et\/wp-json\/wp\/v2\/product_cat?post=8034"},{"taxonomy":"product_tag","embeddable":true,"href":"https:\/\/alpaka-shop.com\/et\/wp-json\/wp\/v2\/product_tag?post=8034"},{"taxonomy":"product_shipping_class","embeddable":true,"href":"https:\/\/alpaka-shop.com\/et\/wp-json\/wp\/v2\/product_shipping_class?post=8034"},{"taxonomy":"pa_soft-wrap-cardigan","embeddable":true,"href":"https:\/\/alpaka-shop.com\/et\/wp-json\/wp\/v2\/pa_soft-wrap-cardigan?post=8034"}],"curies":[{"name":"wp","href":"https:\/\/api.w.org\/{rel}","templated":true}]}}