{"id":8052,"date":"2019-08-30T12:52:58","date_gmt":"2019-08-30T12:52:58","guid":{"rendered":"https:\/\/uus.alpaka-shop.com\/product\/inti-teddy-bears\/"},"modified":"2026-01-19T11:01:34","modified_gmt":"2026-01-19T09:01:34","slug":"inti-kaisukaru","status":"publish","type":"product","link":"https:\/\/alpaka-shop.com\/et\/inti-kaisukaru\/","title":{"rendered":"Inti Kaisukaru"},"content":{"rendered":"","protected":false},"excerpt":{"rendered":"<p>Udupehme Inti Kaisukaru on valmistatud naturaalsest alpaka nahast, mille puudutus on pehmem ja siidisem kui mistahes looduslikul karval maailmas. Inti karv annab kaisukarule armsa ja koheva v\u00e4limuse. Iga karu on valmistatud k\u00e4sitsi ning maailmas pole \u00fchtegi t\u00e4iesti samasugust karu. Alpaka karv ei sisalda lanoliini, t\u00e4nu millele on k\u00f5ik meie kaisukarud allergiavabad. Alpaka kaisukaru toob naeratuse k\u00f5igi n\u00e4ole ning tagab hea tuju pikaks ajaks!<\/p>\n<p>MATERJAL<strong><br \/>\nnaturaalne alpaka nahk<\/strong><\/p>\n","protected":false},"featured_media":52152,"template":"","meta":{"_acf_changed":false},"product_brand":[],"product_cat":[89],"product_tag":[],"product_shipping_class":[],"pa_soft-wrap-cardigan":[],"class_list":{"0":"post-8052","1":"product","2":"type-product","3":"status-publish","4":"has-post-thumbnail","6":"product_cat-kaisukarud","8":"first","9":"instock","10":"taxable","11":"shipping-taxable","12":"purchasable","13":"product-type-variable","14":"has-default-attributes","15":"wvs-archive-product-wrapper"},"bundled_by":[],"bundle_stock_status":"instock","bundle_stock_quantity":null,"bundle_virtual":false,"bundle_layout":"","bundle_add_to_cart_form_location":"","bundle_editable_in_cart":false,"bundle_sold_individually_context":"","bundle_item_grouping":"","bundle_min_size":"","bundle_max_size":"","bundle_price":[],"bundled_items":[],"bundle_sell_ids":[],"acf":[],"aioseo_notices":[],"_links":{"self":[{"href":"https:\/\/alpaka-shop.com\/et\/wp-json\/wp\/v2\/product\/8052","targetHints":{"allow":["GET"]}}],"collection":[{"href":"https:\/\/alpaka-shop.com\/et\/wp-json\/wp\/v2\/product"}],"about":[{"href":"https:\/\/alpaka-shop.com\/et\/wp-json\/wp\/v2\/types\/product"}],"wp:featuredmedia":[{"embeddable":true,"href":"https:\/\/alpaka-shop.com\/et\/wp-json\/wp\/v2\/media\/52152"}],"wp:attachment":[{"href":"https:\/\/alpaka-shop.com\/et\/wp-json\/wp\/v2\/media?parent=8052"}],"wp:term":[{"taxonomy":"product_brand","embeddable":true,"href":"https:\/\/alpaka-shop.com\/et\/wp-json\/wp\/v2\/product_brand?post=8052"},{"taxonomy":"product_cat","embeddable":true,"href":"https:\/\/alpaka-shop.com\/et\/wp-json\/wp\/v2\/product_cat?post=8052"},{"taxonomy":"product_tag","embeddable":true,"href":"https:\/\/alpaka-shop.com\/et\/wp-json\/wp\/v2\/product_tag?post=8052"},{"taxonomy":"product_shipping_class","embeddable":true,"href":"https:\/\/alpaka-shop.com\/et\/wp-json\/wp\/v2\/product_shipping_class?post=8052"},{"taxonomy":"pa_soft-wrap-cardigan","embeddable":true,"href":"https:\/\/alpaka-shop.com\/et\/wp-json\/wp\/v2\/pa_soft-wrap-cardigan?post=8052"}],"curies":[{"name":"wp","href":"https:\/\/api.w.org\/{rel}","templated":true}]}}