{"id":26871,"date":"2021-03-23T21:05:49","date_gmt":"2021-03-23T19:05:49","guid":{"rendered":"https:\/\/alpaka-shop.com\/test\/"},"modified":"2021-04-12T19:24:31","modified_gmt":"2021-04-12T16:24:31","slug":"ss21","status":"publish","type":"page","link":"https:\/\/alpaka-shop.com\/fi\/ss21\/","title":{"rendered":"SS21"},"content":{"rendered":"<section class=\"l-section wpb_row category-description height_small\"><div class=\"l-section-h i-cf\"><div class=\"g-cols vc_row via_flex valign_top type_default stacking_default\"><div class=\"vc_col-sm-12 wpb_column vc_column_container\"><div class=\"vc_column-inner\"><div class=\"wpb_wrapper\"><div class=\"wpb_text_column\"><div class=\"wpb_wrapper\"><h1 style=\"text-align: center;\">KEV\u00c4T \/ KES\u00c4 KOKOELMA<\/h1>\n<p style=\"text-align: center;\">Kev\u00e4t \/ Kes\u00e4 neule-mallistomme muuttaa kotona vietetut hetket mukavaksi ja auttavat luoda inspiroivia ideoita. Kun olemme l\u00f6yt\u00e4neet uudelleen arvostuksemme rentoutumisesta, loimme kokoelman, joka on miellytt\u00e4v\u00e4 ja mukava &#8211; kotona tai muuallakin. Luonnollisesti pehme\u00e4t s\u00e4vyt ja korkealaatuiset materiaalit takaavat, ett\u00e4 neulomme eiv\u00e4t sitoudu vuodenaikoihin ja kest\u00e4v\u00e4t muodikkaina monia vuosia.<\/p>\n<\/div><\/div><\/div><\/div><\/div><\/div><\/div><\/section><section class=\"l-section wpb_row collection-grid height_small\"><div class=\"l-section-h i-cf\"><div class=\"g-cols vc_row via_flex valign_top type_default stacking_default\"><div class=\"vc_col-sm-6 wpb_column vc_column_container\"><div class=\"vc_column-inner\"><div class=\"wpb_wrapper\"><div class=\"w-image align_center\"><a title=\"Kevyt puseropaita\" href=\"https:\/\/alpaka-shop.com\/fi\/draped-light-sweater\/\" aria-label=\"ALPAKA Draped light Sweater Ivory Maarja Jakobson\" class=\"w-image-h\"><img decoding=\"async\" width=\"731\" height=\"1024\" src=\"https:\/\/alpaka-shop.com\/wp-content\/uploads\/2021\/04\/ALPAKA-Draped-light-Sweater-Ivory-Maarja-Jakobson-731x1024.jpg\" class=\"attachment-large size-large wvs-archive-product-image\" alt=\"\" loading=\"lazy\" srcset=\"https:\/\/alpaka-shop.com\/wp-content\/uploads\/2021\/04\/ALPAKA-Draped-light-Sweater-Ivory-Maarja-Jakobson-731x1024.jpg 731w, https:\/\/alpaka-shop.com\/wp-content\/uploads\/2021\/04\/ALPAKA-Draped-light-Sweater-Ivory-Maarja-Jakobson-214x300.jpg 214w, https:\/\/alpaka-shop.com\/wp-content\/uploads\/2021\/04\/ALPAKA-Draped-light-Sweater-Ivory-Maarja-Jakobson-300x420.jpg 300w, https:\/\/alpaka-shop.com\/wp-content\/uploads\/2021\/04\/ALPAKA-Draped-light-Sweater-Ivory-Maarja-Jakobson-600x840.jpg 600w, https:\/\/alpaka-shop.com\/wp-content\/uploads\/2021\/04\/ALPAKA-Draped-light-Sweater-Ivory-Maarja-Jakobson.jpg 800w\" sizes=\"auto, (max-width: 731px) 100vw, 731px\" \/><\/a><\/div><div class=\"wpb_text_column\"><div class=\"wpb_wrapper\"><p><a href=\"https:\/\/alpaka-shop.com\/fi\/verhomainen-kevyt-pusero\/\">Verhomainen Kevyt Pusero<\/a><\/p>\n<\/div><\/div><\/div><\/div><\/div><div class=\"vc_col-sm-6 wpb_column vc_column_container two-column-grid\"><div class=\"vc_column-inner\"><div class=\"wpb_wrapper\"><div class=\"g-cols wpb_row via_flex valign_top type_default stacking_default\"><div class=\"vc_col-sm-6 wpb_column vc_column_container\"><div class=\"vc_column-inner\"><div class=\"wpb_wrapper\"><div class=\"w-image align_center\"><a title=\"Kevyt puseropaita\" href=\"https:\/\/alpaka-shop.com\/fi\/draped-cotton-cardigan\/\" aria-label=\"ALPAKA Draped cotton cardigan LIGHT TAUPE Maarja Jakobson\" class=\"w-image-h\"><img decoding=\"async\" width=\"400\" height=\"560\" src=\"https:\/\/alpaka-shop.com\/wp-content\/uploads\/2021\/04\/ALPAKA-Draped-cotton-cardigan-LIGHT-TAUPE-Maarja-Jakobson-.jpg\" class=\"attachment-shop_single size-shop_single wvs-archive-product-image\" alt=\"\" loading=\"lazy\" srcset=\"https:\/\/alpaka-shop.com\/wp-content\/uploads\/2021\/04\/ALPAKA-Draped-cotton-cardigan-LIGHT-TAUPE-Maarja-Jakobson-.jpg 400w, https:\/\/alpaka-shop.com\/wp-content\/uploads\/2021\/04\/ALPAKA-Draped-cotton-cardigan-LIGHT-TAUPE-Maarja-Jakobson--214x300.jpg 214w, https:\/\/alpaka-shop.com\/wp-content\/uploads\/2021\/04\/ALPAKA-Draped-cotton-cardigan-LIGHT-TAUPE-Maarja-Jakobson--300x420.jpg 300w\" sizes=\"auto, (max-width: 400px) 100vw, 400px\" \/><\/a><\/div><div class=\"wpb_text_column\"><div class=\"wpb_wrapper\"><p class=\"product_title entry-title\">Verhomainen Puuvilalinen Neuletakki<\/p>\n<\/div><\/div><div class=\"w-image align_center\"><a title=\"Kevyt puseropaita\" href=\"https:\/\/alpaka-shop.com\/fi\/ribbed-tunic-dress\/\" aria-label=\"ALPAKA-Ribbed-tunic-dress-ivory-in-studio-side_grey_400x560px\" class=\"w-image-h\"><img decoding=\"async\" width=\"400\" height=\"560\" src=\"https:\/\/alpaka-shop.com\/wp-content\/uploads\/2021\/04\/ALPAKA-Ribbed-tunic-dress-ivory-in-studio-side_grey_400x560px.jpg\" class=\"attachment-shop_single size-shop_single wvs-archive-product-image\" alt=\"\" loading=\"lazy\" srcset=\"https:\/\/alpaka-shop.com\/wp-content\/uploads\/2021\/04\/ALPAKA-Ribbed-tunic-dress-ivory-in-studio-side_grey_400x560px.jpg 400w, https:\/\/alpaka-shop.com\/wp-content\/uploads\/2021\/04\/ALPAKA-Ribbed-tunic-dress-ivory-in-studio-side_grey_400x560px-214x300.jpg 214w, https:\/\/alpaka-shop.com\/wp-content\/uploads\/2021\/04\/ALPAKA-Ribbed-tunic-dress-ivory-in-studio-side_grey_400x560px-300x420.jpg 300w\" sizes=\"auto, (max-width: 400px) 100vw, 400px\" \/><\/a><\/div><div class=\"wpb_text_column\"><div class=\"wpb_wrapper\"><p><a href=\"https:\/\/alpaka-shop.com\/fi\/joustinneuleinentunika-mekko\/\">JoustinneuleinenTunika-Mekko<\/a><\/p>\n<\/div><\/div><\/div><\/div><\/div><div class=\"vc_col-sm-6 wpb_column vc_column_container\"><div class=\"vc_column-inner\"><div class=\"wpb_wrapper\"><div class=\"w-image align_center\"><a title=\"Kevyt puseropaita\" href=\"https:\/\/alpaka-shop.com\/fi\/light-blouse-with-transparency\/\" aria-label=\"ALPAKA-Light-Blouse-with-Transparency-Vanilla-front_grey-(2)-400x560px\" class=\"w-image-h\"><img decoding=\"async\" width=\"400\" height=\"560\" src=\"https:\/\/alpaka-shop.com\/wp-content\/uploads\/2021\/04\/ALPAKA-Light-Blouse-with-Transparency-Vanilla-front_grey-2-400x560px.jpg\" class=\"attachment-shop_single size-shop_single wvs-archive-product-image\" alt=\"\" loading=\"lazy\" srcset=\"https:\/\/alpaka-shop.com\/wp-content\/uploads\/2021\/04\/ALPAKA-Light-Blouse-with-Transparency-Vanilla-front_grey-2-400x560px.jpg 400w, https:\/\/alpaka-shop.com\/wp-content\/uploads\/2021\/04\/ALPAKA-Light-Blouse-with-Transparency-Vanilla-front_grey-2-400x560px-214x300.jpg 214w, https:\/\/alpaka-shop.com\/wp-content\/uploads\/2021\/04\/ALPAKA-Light-Blouse-with-Transparency-Vanilla-front_grey-2-400x560px-300x420.jpg 300w\" sizes=\"auto, (max-width: 400px) 100vw, 400px\" \/><\/a><\/div><div class=\"wpb_text_column\"><div class=\"wpb_wrapper\"><p><a href=\"https:\/\/alpaka-shop.com\/fi\/kevyt-puseropaita\/\">Kevyt puseropaita<\/a><\/p>\n<\/div><\/div><div class=\"w-image align_center\"><a title=\"Royal Robe\" href=\"https:\/\/alpaka-shop.com\/fi\/royal-robe\/\" aria-label=\"ALPAKA-Royal-robe-taupe-in-studio-side-_grey_400x560px-(1)\" class=\"w-image-h\"><img decoding=\"async\" width=\"400\" height=\"560\" src=\"https:\/\/alpaka-shop.com\/wp-content\/uploads\/2021\/04\/ALPAKA-Royal-robe-taupe-in-studio-side-_grey_400x560px-1.jpg\" class=\"attachment-shop_single size-shop_single wvs-archive-product-image\" alt=\"\" loading=\"lazy\" srcset=\"https:\/\/alpaka-shop.com\/wp-content\/uploads\/2021\/04\/ALPAKA-Royal-robe-taupe-in-studio-side-_grey_400x560px-1.jpg 400w, https:\/\/alpaka-shop.com\/wp-content\/uploads\/2021\/04\/ALPAKA-Royal-robe-taupe-in-studio-side-_grey_400x560px-1-214x300.jpg 214w, https:\/\/alpaka-shop.com\/wp-content\/uploads\/2021\/04\/ALPAKA-Royal-robe-taupe-in-studio-side-_grey_400x560px-1-300x420.jpg 300w\" sizes=\"auto, (max-width: 400px) 100vw, 400px\" \/><\/a><\/div><div class=\"wpb_text_column\"><div class=\"wpb_wrapper\"><p><a title=\"Royal Robe\" href=\"https:\/\/alpaka-shop.com\/fi\/royal-robe\/\">Royal Robe<\/a><\/p>\n<\/div><\/div><\/div><\/div><\/div><\/div><\/div><\/div><\/div><\/div><\/div><\/section><section class=\"l-section wpb_row collection-grid height_small\"><div class=\"l-section-h i-cf\"><div class=\"g-cols vc_row via_flex valign_top type_default stacking_default\"><div class=\"vc_col-sm-12 wpb_column vc_column_container\"><div class=\"vc_column-inner\"><div class=\"wpb_wrapper\"><div class=\"w-image align_center\"><a title=\"Kevyt puseropaita\" href=\"https:\/\/alpaka-shop.com\/fi\/light-blouse-with-transparency\/\" aria-label=\"Light-blouse-with-transparency\" class=\"w-image-h\"><img decoding=\"async\" width=\"1501\" height=\"1000\" src=\"https:\/\/alpaka-shop.com\/wp-content\/uploads\/2021\/03\/Light-blouse-with-transparency.jpg\" class=\"attachment-full size-full wvs-archive-product-image\" alt=\"\" loading=\"lazy\" srcset=\"https:\/\/alpaka-shop.com\/wp-content\/uploads\/2021\/03\/Light-blouse-with-transparency.jpg 1501w, https:\/\/alpaka-shop.com\/wp-content\/uploads\/2021\/03\/Light-blouse-with-transparency-300x200.jpg 300w, https:\/\/alpaka-shop.com\/wp-content\/uploads\/2021\/03\/Light-blouse-with-transparency-1024x682.jpg 1024w, https:\/\/alpaka-shop.com\/wp-content\/uploads\/2021\/03\/Light-blouse-with-transparency-600x400.jpg 600w\" sizes=\"auto, (max-width: 1501px) 100vw, 1501px\" \/><\/a><\/div><div class=\"wpb_text_column\"><div class=\"wpb_wrapper\"><p><a href=\"https:\/\/alpaka-shop.com\/fi\/kevyt-puseropaita\/\">Kevyt puseropaita<\/a><\/p>\n<\/div><\/div><\/div><\/div><\/div><\/div><\/div><\/section><section class=\"l-section wpb_row collection-grid height_small\"><div class=\"l-section-h i-cf\"><div class=\"g-cols vc_row via_flex valign_top type_default stacking_default\"><div class=\"vc_col-sm-6 wpb_column vc_column_container two-column-grid\"><div class=\"vc_column-inner\"><div class=\"wpb_wrapper\"><div class=\"g-cols wpb_row via_flex valign_top type_default stacking_default\"><div class=\"vc_col-sm-6 wpb_column vc_column_container\"><div class=\"vc_column-inner\"><div class=\"wpb_wrapper\"><div class=\"w-image align_center\"><a title=\"Royal Crew neuletakki Naisille\" href=\"https:\/\/alpaka-shop.com\/fi\/royal-crew-neuletakki-naisille\/\" aria-label=\"ALPAKA-Womens-Royal-crew-pastel-pink-in-studio-side-grey_400x560px\" class=\"w-image-h\"><img decoding=\"async\" width=\"400\" height=\"560\" src=\"https:\/\/alpaka-shop.com\/wp-content\/uploads\/2021\/04\/ALPAKA-Womens-Royal-crew-pastel-pink-in-studio-side-grey_400x560px.jpg\" class=\"attachment-shop_single size-shop_single wvs-archive-product-image\" alt=\"\" loading=\"lazy\" srcset=\"https:\/\/alpaka-shop.com\/wp-content\/uploads\/2021\/04\/ALPAKA-Womens-Royal-crew-pastel-pink-in-studio-side-grey_400x560px.jpg 400w, https:\/\/alpaka-shop.com\/wp-content\/uploads\/2021\/04\/ALPAKA-Womens-Royal-crew-pastel-pink-in-studio-side-grey_400x560px-214x300.jpg 214w, https:\/\/alpaka-shop.com\/wp-content\/uploads\/2021\/04\/ALPAKA-Womens-Royal-crew-pastel-pink-in-studio-side-grey_400x560px-300x420.jpg 300w\" sizes=\"auto, (max-width: 400px) 100vw, 400px\" \/><\/a><\/div><div class=\"wpb_text_column\"><div class=\"wpb_wrapper\"><p><a title=\"Royal Crew\" href=\"https:\/\/alpaka-shop.com\/fi\/royal-crew\/\">Royal Crew neuletakki Naisille<\/a><\/p>\n<\/div><\/div><div class=\"w-image align_center\"><a title=\"Puuvillainen Neuleviitta\" href=\"https:\/\/alpaka-shop.com\/fi\/cotton-knit-cape\/\" aria-label=\"ALPAKA-Cotton-Knit-Cape-light-grey-front_grey_400x560px-(1)\" class=\"w-image-h\"><img decoding=\"async\" width=\"400\" height=\"560\" src=\"https:\/\/alpaka-shop.com\/wp-content\/uploads\/2021\/04\/ALPAKA-Cotton-Knit-Cape-light-grey-front_grey_400x560px-1.jpg\" class=\"attachment-shop_single size-shop_single wvs-archive-product-image\" alt=\"\" loading=\"lazy\" srcset=\"https:\/\/alpaka-shop.com\/wp-content\/uploads\/2021\/04\/ALPAKA-Cotton-Knit-Cape-light-grey-front_grey_400x560px-1.jpg 400w, https:\/\/alpaka-shop.com\/wp-content\/uploads\/2021\/04\/ALPAKA-Cotton-Knit-Cape-light-grey-front_grey_400x560px-1-214x300.jpg 214w, https:\/\/alpaka-shop.com\/wp-content\/uploads\/2021\/04\/ALPAKA-Cotton-Knit-Cape-light-grey-front_grey_400x560px-1-300x420.jpg 300w\" sizes=\"auto, (max-width: 400px) 100vw, 400px\" \/><\/a><\/div><div class=\"wpb_text_column\"><div class=\"wpb_wrapper\"><p><a href=\"https:\/\/alpaka-shop.com\/fi\/puuvillainen-neuleviitta\/\">Puuvillainen Neuleviitta<\/a><\/p>\n<\/div><\/div><\/div><\/div><\/div><div class=\"vc_col-sm-6 wpb_column vc_column_container\"><div class=\"vc_column-inner\"><div class=\"wpb_wrapper\"><div class=\"w-image align_center\"><a title=\"Matkahuivi taskuilla\" href=\"https:\/\/alpaka-shop.com\/fi\/travel-shawl\/\" aria-label=\"ALPAKA Light Travel Shawl Cameo Rose Maarja Jakobson\" class=\"w-image-h\"><img decoding=\"async\" width=\"400\" height=\"560\" src=\"https:\/\/alpaka-shop.com\/wp-content\/uploads\/2021\/04\/ALPAKA-Light-Travel-Shawl-Cameo-Rose-Maarja-Jakobson.jpg\" class=\"attachment-shop_single size-shop_single wvs-archive-product-image\" alt=\"\" loading=\"lazy\" srcset=\"https:\/\/alpaka-shop.com\/wp-content\/uploads\/2021\/04\/ALPAKA-Light-Travel-Shawl-Cameo-Rose-Maarja-Jakobson.jpg 400w, https:\/\/alpaka-shop.com\/wp-content\/uploads\/2021\/04\/ALPAKA-Light-Travel-Shawl-Cameo-Rose-Maarja-Jakobson-214x300.jpg 214w, https:\/\/alpaka-shop.com\/wp-content\/uploads\/2021\/04\/ALPAKA-Light-Travel-Shawl-Cameo-Rose-Maarja-Jakobson-300x420.jpg 300w\" sizes=\"auto, (max-width: 400px) 100vw, 400px\" \/><\/a><\/div><div class=\"wpb_text_column\"><div class=\"wpb_wrapper\"><p class=\"product_title entry-title\"><a href=\"https:\/\/alpaka-shop.com\/fi\/travel-shawl\/\">Matkahuivi taskuilla<\/a><\/p>\n<\/div><\/div><div class=\"w-image align_center\"><a title=\"Oversized V-kaulus pusero\" href=\"https:\/\/alpaka-shop.com\/fi\/oversized-v-neck-sweater\/\" aria-label=\"ALPAKA-Oversized-V-neck-sweater_SILVER_front_closer_studio_400x560px\" class=\"w-image-h\"><img decoding=\"async\" width=\"400\" height=\"560\" src=\"https:\/\/alpaka-shop.com\/wp-content\/uploads\/2020\/11\/ALPAKA-Oversized-V-neck-sweater_SILVER_front_closer_studio_400x560px.jpg\" class=\"attachment-shop_single size-shop_single wvs-archive-product-image\" alt=\"\" loading=\"lazy\" srcset=\"https:\/\/alpaka-shop.com\/wp-content\/uploads\/2020\/11\/ALPAKA-Oversized-V-neck-sweater_SILVER_front_closer_studio_400x560px.jpg 400w, https:\/\/alpaka-shop.com\/wp-content\/uploads\/2020\/11\/ALPAKA-Oversized-V-neck-sweater_SILVER_front_closer_studio_400x560px-214x300.jpg 214w, https:\/\/alpaka-shop.com\/wp-content\/uploads\/2020\/11\/ALPAKA-Oversized-V-neck-sweater_SILVER_front_closer_studio_400x560px-300x420.jpg 300w\" sizes=\"auto, (max-width: 400px) 100vw, 400px\" \/><\/a><\/div><div class=\"wpb_text_column\"><div class=\"wpb_wrapper\"><p><a href=\"https:\/\/alpaka-shop.com\/fi\/oversized-v-kaulus-pusero\/\">Oversized V-kaulus pusero<\/a><\/p>\n<\/div><\/div><\/div><\/div><\/div><\/div><\/div><\/div><\/div><div class=\"vc_col-sm-6 wpb_column vc_column_container\"><div class=\"vc_column-inner\"><div class=\"wpb_wrapper\"><div class=\"w-image align_center\"><a title=\"Royal Neuletakki\" href=\"https:\/\/alpaka-shop.com\/fi\/royal-neuletakki\/\" aria-label=\"ALPAKA Womens Royal Cardigan Pastel Pink Maarja Jakobson\" class=\"w-image-h\"><img decoding=\"async\" width=\"731\" height=\"1024\" src=\"https:\/\/alpaka-shop.com\/wp-content\/uploads\/2021\/04\/ALPAKA-Womens-Royal-Cardigan-Pastel-Pink-Maarja-Jakobson-731x1024.jpg\" class=\"attachment-large size-large wvs-archive-product-image\" alt=\"\" loading=\"lazy\" srcset=\"https:\/\/alpaka-shop.com\/wp-content\/uploads\/2021\/04\/ALPAKA-Womens-Royal-Cardigan-Pastel-Pink-Maarja-Jakobson-731x1024.jpg 731w, https:\/\/alpaka-shop.com\/wp-content\/uploads\/2021\/04\/ALPAKA-Womens-Royal-Cardigan-Pastel-Pink-Maarja-Jakobson-214x300.jpg 214w, https:\/\/alpaka-shop.com\/wp-content\/uploads\/2021\/04\/ALPAKA-Womens-Royal-Cardigan-Pastel-Pink-Maarja-Jakobson-300x420.jpg 300w, https:\/\/alpaka-shop.com\/wp-content\/uploads\/2021\/04\/ALPAKA-Womens-Royal-Cardigan-Pastel-Pink-Maarja-Jakobson-600x840.jpg 600w, https:\/\/alpaka-shop.com\/wp-content\/uploads\/2021\/04\/ALPAKA-Womens-Royal-Cardigan-Pastel-Pink-Maarja-Jakobson.jpg 800w\" sizes=\"auto, (max-width: 731px) 100vw, 731px\" \/><\/a><\/div><div class=\"wpb_text_column\"><div class=\"wpb_wrapper\"><p><a href=\"https:\/\/alpaka-shop.com\/fi\/royal-neuletakki\/\">Royal Neuletakki<\/a><\/p>\n<\/div><\/div><\/div><\/div><\/div><\/div><\/div><\/section><section class=\"l-section wpb_row collection-grid height_small\"><div class=\"l-section-h i-cf\"><div class=\"g-cols vc_row via_flex valign_top type_default stacking_default\"><div class=\"vc_col-sm-6 wpb_column vc_column_container\"><div class=\"vc_column-inner\"><div class=\"wpb_wrapper\"><div class=\"w-image align_center\"><a title=\"Volume Sleeve Pusero\" href=\"https:\/\/alpaka-shop.com\/fi\/volume-sleeve-sweater\/\" aria-label=\"ALPAKA Womens volume sleeve sweater bordeaux Maarja Jakobson\" class=\"w-image-h\"><img decoding=\"async\" width=\"731\" height=\"1024\" src=\"https:\/\/alpaka-shop.com\/wp-content\/uploads\/2021\/04\/ALPAKA-Womens-volume-sleeve-sweater-bordeaux-Maarja-Jakobson-731x1024.jpg\" class=\"attachment-large size-large wvs-archive-product-image\" alt=\"\" loading=\"lazy\" srcset=\"https:\/\/alpaka-shop.com\/wp-content\/uploads\/2021\/04\/ALPAKA-Womens-volume-sleeve-sweater-bordeaux-Maarja-Jakobson-731x1024.jpg 731w, https:\/\/alpaka-shop.com\/wp-content\/uploads\/2021\/04\/ALPAKA-Womens-volume-sleeve-sweater-bordeaux-Maarja-Jakobson-214x300.jpg 214w, https:\/\/alpaka-shop.com\/wp-content\/uploads\/2021\/04\/ALPAKA-Womens-volume-sleeve-sweater-bordeaux-Maarja-Jakobson-300x420.jpg 300w, https:\/\/alpaka-shop.com\/wp-content\/uploads\/2021\/04\/ALPAKA-Womens-volume-sleeve-sweater-bordeaux-Maarja-Jakobson-600x840.jpg 600w, https:\/\/alpaka-shop.com\/wp-content\/uploads\/2021\/04\/ALPAKA-Womens-volume-sleeve-sweater-bordeaux-Maarja-Jakobson.jpg 800w\" sizes=\"auto, (max-width: 731px) 100vw, 731px\" \/><\/a><\/div><div class=\"wpb_text_column\"><div class=\"wpb_wrapper\"><p><a href=\"https:\/\/alpaka-shop.com\/fi\/volumenarmel-pullover\/\">Volume Sleeve Pusero<\/a><\/p>\n<\/div><\/div><\/div><\/div><\/div><div class=\"vc_col-sm-6 wpb_column vc_column_container two-column-grid\"><div class=\"vc_column-inner\"><div class=\"wpb_wrapper\"><div class=\"g-cols wpb_row via_flex valign_top type_default stacking_default\"><div class=\"vc_col-sm-6 wpb_column vc_column_container\"><div class=\"vc_column-inner\"><div class=\"wpb_wrapper\"><div class=\"w-image align_center\"><a title=\"Royal Crew neuletakki Naisille\" href=\"https:\/\/alpaka-shop.com\/fi\/royal-crew-neuletakki-naisille\/\" aria-label=\"ALPAKA-Royal-Crew-TAUPE-Maarja-Jakobson-Tartu-Art-Gallery_400x560\" class=\"w-image-h\"><img decoding=\"async\" width=\"400\" height=\"560\" src=\"https:\/\/alpaka-shop.com\/wp-content\/uploads\/2021\/04\/ALPAKA-Royal-Crew-TAUPE-Maarja-Jakobson-Tartu-Art-Gallery_400x560.jpg\" class=\"attachment-shop_single size-shop_single wvs-archive-product-image\" alt=\"\" loading=\"lazy\" srcset=\"https:\/\/alpaka-shop.com\/wp-content\/uploads\/2021\/04\/ALPAKA-Royal-Crew-TAUPE-Maarja-Jakobson-Tartu-Art-Gallery_400x560.jpg 400w, https:\/\/alpaka-shop.com\/wp-content\/uploads\/2021\/04\/ALPAKA-Royal-Crew-TAUPE-Maarja-Jakobson-Tartu-Art-Gallery_400x560-214x300.jpg 214w, https:\/\/alpaka-shop.com\/wp-content\/uploads\/2021\/04\/ALPAKA-Royal-Crew-TAUPE-Maarja-Jakobson-Tartu-Art-Gallery_400x560-300x420.jpg 300w\" sizes=\"auto, (max-width: 400px) 100vw, 400px\" \/><\/a><\/div><div class=\"wpb_text_column\"><div class=\"wpb_wrapper\"><p><a title=\"Royal Crew\" href=\"https:\/\/alpaka-shop.com\/fi\/royal-crew\/\">Royal Crew neuletakki Naisille<\/a><\/p>\n<\/div><\/div><div class=\"w-image align_center\"><a title=\"Royal Robe\" href=\"https:\/\/alpaka-shop.com\/fi\/royal-robe\/\" aria-label=\"ALPAKA-Royal-robe-taupe-in-studio-side_grey_400x560px-(1)\" class=\"w-image-h\"><img decoding=\"async\" width=\"400\" height=\"560\" src=\"https:\/\/alpaka-shop.com\/wp-content\/uploads\/2021\/04\/ALPAKA-Royal-robe-taupe-in-studio-side_grey_400x560px-1.jpg\" class=\"attachment-shop_single size-shop_single wvs-archive-product-image\" alt=\"\" loading=\"lazy\" srcset=\"https:\/\/alpaka-shop.com\/wp-content\/uploads\/2021\/04\/ALPAKA-Royal-robe-taupe-in-studio-side_grey_400x560px-1.jpg 400w, https:\/\/alpaka-shop.com\/wp-content\/uploads\/2021\/04\/ALPAKA-Royal-robe-taupe-in-studio-side_grey_400x560px-1-214x300.jpg 214w, https:\/\/alpaka-shop.com\/wp-content\/uploads\/2021\/04\/ALPAKA-Royal-robe-taupe-in-studio-side_grey_400x560px-1-300x420.jpg 300w\" sizes=\"auto, (max-width: 400px) 100vw, 400px\" \/><\/a><\/div><div class=\"wpb_text_column\"><div class=\"wpb_wrapper\"><p><a title=\"Royal Robe\" href=\"https:\/\/alpaka-shop.com\/fi\/royal-robe\/\">Royal Robe<\/a><\/p>\n<\/div><\/div><\/div><\/div><\/div><div class=\"vc_col-sm-6 wpb_column vc_column_container\"><div class=\"vc_column-inner\"><div class=\"wpb_wrapper\"><div class=\"w-image align_center\"><a title=\"Exclusive viitta\" href=\"https:\/\/alpaka-shop.com\/fi\/exclusive-cape\/\" aria-label=\"Cape-Exclusive-in-WHEAT-with-Marleen-in-Studio-grey-web-PORT-(3)_400x560px\" class=\"w-image-h\"><img decoding=\"async\" width=\"400\" height=\"560\" src=\"https:\/\/alpaka-shop.com\/wp-content\/uploads\/2021\/04\/Cape-Exclusive-in-WHEAT-with-Marleen-in-Studio-grey-web-PORT-3_400x560px.jpg\" class=\"attachment-shop_single size-shop_single wvs-archive-product-image\" alt=\"\" loading=\"lazy\" srcset=\"https:\/\/alpaka-shop.com\/wp-content\/uploads\/2021\/04\/Cape-Exclusive-in-WHEAT-with-Marleen-in-Studio-grey-web-PORT-3_400x560px.jpg 400w, https:\/\/alpaka-shop.com\/wp-content\/uploads\/2021\/04\/Cape-Exclusive-in-WHEAT-with-Marleen-in-Studio-grey-web-PORT-3_400x560px-214x300.jpg 214w, https:\/\/alpaka-shop.com\/wp-content\/uploads\/2021\/04\/Cape-Exclusive-in-WHEAT-with-Marleen-in-Studio-grey-web-PORT-3_400x560px-300x420.jpg 300w\" sizes=\"auto, (max-width: 400px) 100vw, 400px\" \/><\/a><\/div><div class=\"wpb_text_column\"><div class=\"wpb_wrapper\"><p><a href=\"https:\/\/alpaka-shop.com\/fi\/exclusive-viitta\/\">Exclusive viitta<\/a><\/p>\n<\/div><\/div><div class=\"w-image align_center\"><a title=\"Matkahuivi taskuilla\" href=\"https:\/\/alpaka-shop.com\/fi\/travel-shawl\/\" aria-label=\"ALPAKA-Travel-shawl_CAMEO-ROSE_overshoulder_studio_grey_400x5600px\" class=\"w-image-h\"><img decoding=\"async\" width=\"400\" height=\"560\" src=\"https:\/\/alpaka-shop.com\/wp-content\/uploads\/2021\/04\/ALPAKA-Travel-shawl_CAMEO-ROSE_overshoulder_studio_grey_400x5600px.jpg\" class=\"attachment-shop_single size-shop_single wvs-archive-product-image\" alt=\"\" loading=\"lazy\" srcset=\"https:\/\/alpaka-shop.com\/wp-content\/uploads\/2021\/04\/ALPAKA-Travel-shawl_CAMEO-ROSE_overshoulder_studio_grey_400x5600px.jpg 400w, https:\/\/alpaka-shop.com\/wp-content\/uploads\/2021\/04\/ALPAKA-Travel-shawl_CAMEO-ROSE_overshoulder_studio_grey_400x5600px-214x300.jpg 214w, https:\/\/alpaka-shop.com\/wp-content\/uploads\/2021\/04\/ALPAKA-Travel-shawl_CAMEO-ROSE_overshoulder_studio_grey_400x5600px-300x420.jpg 300w\" sizes=\"auto, (max-width: 400px) 100vw, 400px\" \/><\/a><\/div><div class=\"wpb_text_column\"><div class=\"wpb_wrapper\"><p class=\"product_title entry-title\"><a href=\"https:\/\/alpaka-shop.com\/fi\/travel-shawl\/\">Matkahuivi taskuilla<\/a><\/p>\n<\/div><\/div><\/div><\/div><\/div><\/div><\/div><\/div><\/div><\/div><\/div><\/section>\n","protected":false},"excerpt":{"rendered":"KEV\u00c4T \/ KES\u00c4 KOKOELMA Kev\u00e4t \/ Kes\u00e4 neule-mallistomme muuttaa kotona vietetut hetket mukavaksi ja auttavat luoda inspiroivia ideoita. Kun olemme l\u00f6yt\u00e4neet uudelleen arvostuksemme rentoutumisesta, loimme kokoelman, joka on miellytt\u00e4v\u00e4 ja mukava &#8211; kotona tai muuallakin. Luonnollisesti pehme\u00e4t s\u00e4vyt ja korkealaatuiset materiaalit takaavat, ett\u00e4 neulomme eiv\u00e4t sitoudu vuodenaikoihin ja kest\u00e4v\u00e4t muodikkaina monia vuosia. Verhomainen Kevyt Pusero...","protected":false},"author":1,"featured_media":0,"parent":0,"menu_order":0,"comment_status":"closed","ping_status":"closed","template":"","meta":{"_acf_changed":false,"footnotes":""},"class_list":["post-26871","page","type-page","status-publish","hentry"],"acf":[],"aioseo_notices":[],"_links":{"self":[{"href":"https:\/\/alpaka-shop.com\/fi\/wp-json\/wp\/v2\/pages\/26871","targetHints":{"allow":["GET"]}}],"collection":[{"href":"https:\/\/alpaka-shop.com\/fi\/wp-json\/wp\/v2\/pages"}],"about":[{"href":"https:\/\/alpaka-shop.com\/fi\/wp-json\/wp\/v2\/types\/page"}],"author":[{"embeddable":true,"href":"https:\/\/alpaka-shop.com\/fi\/wp-json\/wp\/v2\/users\/1"}],"replies":[{"embeddable":true,"href":"https:\/\/alpaka-shop.com\/fi\/wp-json\/wp\/v2\/comments?post=26871"}],"version-history":[{"count":0,"href":"https:\/\/alpaka-shop.com\/fi\/wp-json\/wp\/v2\/pages\/26871\/revisions"}],"wp:attachment":[{"href":"https:\/\/alpaka-shop.com\/fi\/wp-json\/wp\/v2\/media?parent=26871"}],"curies":[{"name":"wp","href":"https:\/\/api.w.org\/{rel}","templated":true}]}}