{"id":40978,"date":"2022-09-23T13:26:44","date_gmt":"2022-09-23T10:26:44","guid":{"rendered":"https:\/\/alpaka-shop.com\/?page_id=40978"},"modified":"2022-12-21T12:19:06","modified_gmt":"2022-12-21T10:19:06","slug":"uutuudet-22","status":"publish","type":"page","link":"https:\/\/alpaka-shop.com\/fi\/uutuudet-22\/","title":{"rendered":"UUTUUDET 2022"},"content":{"rendered":"<section class=\"l-section wpb_row height_small\"><div class=\"l-section-h i-cf\"><div class=\"g-cols vc_row via_flex valign_top type_default stacking_default\"><div class=\"vc_col-sm-2 wpb_column vc_column_container\"><div class=\"vc_column-inner\"><div class=\"wpb_wrapper\"><\/div><\/div><\/div><div class=\"vc_col-sm-8 wpb_column vc_column_container\"><div class=\"vc_column-inner\"><div class=\"wpb_wrapper\"><div class=\"wpb_text_column us_custom_532bacf5 has_text_color\"><div class=\"wpb_wrapper\"><h1 style=\"text-align: center;\"><span lang=\"fi-FI\">UUTUUDET<\/span><\/h1>\n<\/div><\/div><\/div><\/div><\/div><div class=\"vc_col-sm-2 wpb_column vc_column_container\"><div class=\"vc_column-inner\"><div class=\"wpb_wrapper\"><\/div><\/div><\/div><\/div><\/div><\/section><section class=\"l-section wpb_row height_small\"><div class=\"l-section-h i-cf\"><div class=\"g-cols vc_row via_flex valign_top type_default stacking_default\"><div class=\"vc_col-sm-6 wpb_column vc_column_container\"><div class=\"vc_column-inner\"><div class=\"wpb_wrapper\"><div class=\"w-image align_none\"><div class=\"w-image-h\"><img decoding=\"async\" width=\"800\" height=\"1200\" src=\"https:\/\/alpaka-shop.com\/wp-content\/uploads\/2022\/09\/text.jpg\" class=\"attachment-full size-full wvs-archive-product-image\" alt=\"\" loading=\"lazy\" srcset=\"https:\/\/alpaka-shop.com\/wp-content\/uploads\/2022\/09\/text.jpg 800w, https:\/\/alpaka-shop.com\/wp-content\/uploads\/2022\/09\/text-200x300.jpg 200w, https:\/\/alpaka-shop.com\/wp-content\/uploads\/2022\/09\/text-683x1024.jpg 683w, https:\/\/alpaka-shop.com\/wp-content\/uploads\/2022\/09\/text-300x450.jpg 300w, https:\/\/alpaka-shop.com\/wp-content\/uploads\/2022\/09\/text-600x900.jpg 600w, https:\/\/alpaka-shop.com\/wp-content\/uploads\/2022\/09\/text-100x150.jpg 100w\" sizes=\"auto, (max-width: 800px) 100vw, 800px\" \/><\/div><\/div><\/div><\/div><\/div><div class=\"vc_col-sm-6 wpb_column vc_column_container\"><div class=\"vc_column-inner\"><div class=\"wpb_wrapper\"><div class=\"w-image align_none\"><div class=\"w-image-h\"><img decoding=\"async\" width=\"800\" height=\"1200\" src=\"https:\/\/alpaka-shop.com\/wp-content\/uploads\/2022\/09\/v-neck-sweater.jpg\" class=\"attachment-full size-full wvs-archive-product-image\" alt=\"\" loading=\"lazy\" srcset=\"https:\/\/alpaka-shop.com\/wp-content\/uploads\/2022\/09\/v-neck-sweater.jpg 800w, https:\/\/alpaka-shop.com\/wp-content\/uploads\/2022\/09\/v-neck-sweater-200x300.jpg 200w, https:\/\/alpaka-shop.com\/wp-content\/uploads\/2022\/09\/v-neck-sweater-683x1024.jpg 683w, https:\/\/alpaka-shop.com\/wp-content\/uploads\/2022\/09\/v-neck-sweater-300x450.jpg 300w, https:\/\/alpaka-shop.com\/wp-content\/uploads\/2022\/09\/v-neck-sweater-600x900.jpg 600w, https:\/\/alpaka-shop.com\/wp-content\/uploads\/2022\/09\/v-neck-sweater-100x150.jpg 100w\" sizes=\"auto, (max-width: 800px) 100vw, 800px\" \/><\/div><\/div><\/div><\/div><\/div><\/div><\/div><\/section><section class=\"l-section wpb_row height_small\"><div class=\"l-section-h i-cf\"><div class=\"g-cols vc_row via_flex valign_top type_default stacking_default\"><div class=\"vc_col-sm-12 wpb_column vc_column_container\"><div class=\"vc_column-inner\"><div class=\"wpb_wrapper\"><div class=\"w-btn-wrapper align_center\"><a class=\"w-btn us-btn-style_3\" href=\"https:\/\/alpaka-shop.com\/fi\/uutuudet\/\"><span class=\"w-btn-label\">SHOP NOW<\/span><\/a><\/div><\/div><\/div><\/div><\/div><\/div><\/section><section class=\"l-section wpb_row height_small\"><div class=\"l-section-h i-cf\"><div class=\"g-cols vc_row via_flex valign_top type_default stacking_default\"><div class=\"vc_col-sm-4 wpb_column vc_column_container\"><div class=\"vc_column-inner\"><div class=\"wpb_wrapper\"><div class=\"w-image align_none\"><div class=\"w-image-h\"><img decoding=\"async\" width=\"800\" height=\"1200\" src=\"https:\/\/alpaka-shop.com\/wp-content\/uploads\/2022\/09\/trapeze-dress.jpg\" class=\"attachment-full size-full wvs-archive-product-image\" alt=\"\" loading=\"lazy\" srcset=\"https:\/\/alpaka-shop.com\/wp-content\/uploads\/2022\/09\/trapeze-dress.jpg 800w, https:\/\/alpaka-shop.com\/wp-content\/uploads\/2022\/09\/trapeze-dress-200x300.jpg 200w, https:\/\/alpaka-shop.com\/wp-content\/uploads\/2022\/09\/trapeze-dress-683x1024.jpg 683w, https:\/\/alpaka-shop.com\/wp-content\/uploads\/2022\/09\/trapeze-dress-300x450.jpg 300w, https:\/\/alpaka-shop.com\/wp-content\/uploads\/2022\/09\/trapeze-dress-600x900.jpg 600w, https:\/\/alpaka-shop.com\/wp-content\/uploads\/2022\/09\/trapeze-dress-100x150.jpg 100w\" sizes=\"auto, (max-width: 800px) 100vw, 800px\" \/><\/div><\/div><\/div><\/div><\/div><div class=\"vc_col-sm-4 wpb_column vc_column_container\"><div class=\"vc_column-inner\"><div class=\"wpb_wrapper\"><div class=\"w-image align_none\"><div class=\"w-image-h\"><img decoding=\"async\" width=\"800\" height=\"1200\" src=\"https:\/\/alpaka-shop.com\/wp-content\/uploads\/2022\/09\/mountain.jpg\" class=\"attachment-full size-full wvs-archive-product-image\" alt=\"\" loading=\"lazy\" srcset=\"https:\/\/alpaka-shop.com\/wp-content\/uploads\/2022\/09\/mountain.jpg 800w, https:\/\/alpaka-shop.com\/wp-content\/uploads\/2022\/09\/mountain-200x300.jpg 200w, https:\/\/alpaka-shop.com\/wp-content\/uploads\/2022\/09\/mountain-683x1024.jpg 683w, https:\/\/alpaka-shop.com\/wp-content\/uploads\/2022\/09\/mountain-300x450.jpg 300w, https:\/\/alpaka-shop.com\/wp-content\/uploads\/2022\/09\/mountain-600x900.jpg 600w, https:\/\/alpaka-shop.com\/wp-content\/uploads\/2022\/09\/mountain-100x150.jpg 100w\" sizes=\"auto, (max-width: 800px) 100vw, 800px\" \/><\/div><\/div><\/div><\/div><\/div><div class=\"vc_col-sm-4 wpb_column vc_column_container\"><div class=\"vc_column-inner\"><div class=\"wpb_wrapper\"><div class=\"w-image align_none\"><div class=\"w-image-h\"><img decoding=\"async\" width=\"800\" height=\"1200\" src=\"https:\/\/alpaka-shop.com\/wp-content\/uploads\/2022\/09\/wrap-cardigan.jpg\" class=\"attachment-full size-full wvs-archive-product-image\" alt=\"\" loading=\"lazy\" srcset=\"https:\/\/alpaka-shop.com\/wp-content\/uploads\/2022\/09\/wrap-cardigan.jpg 800w, https:\/\/alpaka-shop.com\/wp-content\/uploads\/2022\/09\/wrap-cardigan-200x300.jpg 200w, https:\/\/alpaka-shop.com\/wp-content\/uploads\/2022\/09\/wrap-cardigan-683x1024.jpg 683w, https:\/\/alpaka-shop.com\/wp-content\/uploads\/2022\/09\/wrap-cardigan-300x450.jpg 300w, https:\/\/alpaka-shop.com\/wp-content\/uploads\/2022\/09\/wrap-cardigan-600x900.jpg 600w, https:\/\/alpaka-shop.com\/wp-content\/uploads\/2022\/09\/wrap-cardigan-100x150.jpg 100w\" sizes=\"auto, (max-width: 800px) 100vw, 800px\" \/><\/div><\/div><\/div><\/div><\/div><\/div><\/div><\/section><section class=\"l-section wpb_row height_small\"><div class=\"l-section-h i-cf\"><div class=\"g-cols vc_row via_flex valign_top type_default stacking_default\"><div class=\"vc_col-sm-2 wpb_column vc_column_container\"><div class=\"vc_column-inner\"><div class=\"wpb_wrapper\"><\/div><\/div><\/div><div class=\"vc_col-sm-8 wpb_column vc_column_container\"><div class=\"vc_column-inner\"><div class=\"wpb_wrapper\"><div class=\"wpb_text_column\"><div class=\"wpb_wrapper\"><p style=\"text-align: center;\"><span lang=\"fi-FI\">Syys- ja talvikauden kokoelmamme inspiraatio vie meid\u00e4t takaisin juurillemme. <\/span><\/p>\n<p style=\"text-align: center;\"><span lang=\"fi-FI\">Koska luonnon luomukset ovat aina hypnotisoineet meit\u00e4, p\u00e4\u00e4timme vied\u00e4 sinut matkalle arvokkaan materiaalimme alkuper\u00e4\u00e4n. <\/span><\/p>\n<p style=\"text-align: center;\"><span lang=\"fi-FI\">Keskittym\u00e4ll\u00e4 Perun vuoristoseudun suurenmoiseen ja ihmeelliseen luonnolliseen palettiin syleilemme juuriamme modernilla tavalla leikkisin tekstuurein, puhtain siluetein ja kevyin kankain. <\/span><\/p>\n<p style=\"text-align: center;\"><span lang=\"fi-FI\">T\u00e4m\u00e4 kokoelma on t\u00e4ynn\u00e4 v\u00e4ltt\u00e4m\u00e4tt\u00f6mi\u00e4 tuotteita, jotka ovat mukanasi kausien l\u00e4pi ja sopivat erinomaisesti kapselivaatekaappiisi, joten voit luoda lukemattomia asuja v\u00e4hemmist\u00e4 vaatekappaleista.<\/span><\/p>\n<\/div><\/div><\/div><\/div><\/div><div class=\"vc_col-sm-2 wpb_column vc_column_container\"><div class=\"vc_column-inner\"><div class=\"wpb_wrapper\"><\/div><\/div><\/div><\/div><\/div><\/section><section class=\"l-section wpb_row height_small\"><div class=\"l-section-h i-cf\"><div class=\"g-cols vc_row via_flex valign_top type_default stacking_default\"><div class=\"vc_col-sm-6 wpb_column vc_column_container\"><div class=\"vc_column-inner\"><div class=\"wpb_wrapper\"><div class=\"w-image align_none\"><div class=\"w-image-h\"><img decoding=\"async\" width=\"800\" height=\"1200\" src=\"https:\/\/alpaka-shop.com\/wp-content\/uploads\/2022\/09\/royal-robe.jpg\" class=\"attachment-full size-full wvs-archive-product-image\" alt=\"\" loading=\"lazy\" srcset=\"https:\/\/alpaka-shop.com\/wp-content\/uploads\/2022\/09\/royal-robe.jpg 800w, https:\/\/alpaka-shop.com\/wp-content\/uploads\/2022\/09\/royal-robe-200x300.jpg 200w, https:\/\/alpaka-shop.com\/wp-content\/uploads\/2022\/09\/royal-robe-683x1024.jpg 683w, https:\/\/alpaka-shop.com\/wp-content\/uploads\/2022\/09\/royal-robe-300x450.jpg 300w, https:\/\/alpaka-shop.com\/wp-content\/uploads\/2022\/09\/royal-robe-600x900.jpg 600w, https:\/\/alpaka-shop.com\/wp-content\/uploads\/2022\/09\/royal-robe-100x150.jpg 100w\" sizes=\"auto, (max-width: 800px) 100vw, 800px\" \/><\/div><\/div><\/div><\/div><\/div><div class=\"vc_col-sm-6 wpb_column vc_column_container\"><div class=\"vc_column-inner\"><div class=\"wpb_wrapper\"><div class=\"w-image align_none\"><div class=\"w-image-h\"><img decoding=\"async\" width=\"800\" height=\"1200\" src=\"https:\/\/alpaka-shop.com\/wp-content\/uploads\/2022\/09\/alpakas.jpg\" class=\"attachment-full size-full wvs-archive-product-image\" alt=\"\" loading=\"lazy\" srcset=\"https:\/\/alpaka-shop.com\/wp-content\/uploads\/2022\/09\/alpakas.jpg 800w, https:\/\/alpaka-shop.com\/wp-content\/uploads\/2022\/09\/alpakas-200x300.jpg 200w, https:\/\/alpaka-shop.com\/wp-content\/uploads\/2022\/09\/alpakas-683x1024.jpg 683w, https:\/\/alpaka-shop.com\/wp-content\/uploads\/2022\/09\/alpakas-300x450.jpg 300w, https:\/\/alpaka-shop.com\/wp-content\/uploads\/2022\/09\/alpakas-600x900.jpg 600w, https:\/\/alpaka-shop.com\/wp-content\/uploads\/2022\/09\/alpakas-100x150.jpg 100w\" sizes=\"auto, (max-width: 800px) 100vw, 800px\" \/><\/div><\/div><\/div><\/div><\/div><\/div><\/div><\/section>\n","protected":false},"excerpt":{"rendered":"UUTUUDET SHOP NOWSyys- ja talvikauden kokoelmamme inspiraatio vie meid\u00e4t takaisin juurillemme. Koska luonnon luomukset ovat aina hypnotisoineet meit\u00e4, p\u00e4\u00e4timme vied\u00e4 sinut matkalle arvokkaan materiaalimme alkuper\u00e4\u00e4n. Keskittym\u00e4ll\u00e4 Perun vuoristoseudun suurenmoiseen ja ihmeelliseen luonnolliseen palettiin syleilemme juuriamme modernilla tavalla leikkisin tekstuurein, puhtain siluetein ja kevyin kankain. T\u00e4m\u00e4 kokoelma on t\u00e4ynn\u00e4 v\u00e4ltt\u00e4m\u00e4tt\u00f6mi\u00e4 tuotteita, jotka ovat mukanasi kausien l\u00e4pi...","protected":false},"author":1,"featured_media":0,"parent":0,"menu_order":0,"comment_status":"closed","ping_status":"closed","template":"","meta":{"_acf_changed":false,"footnotes":""},"class_list":["post-40978","page","type-page","status-publish","hentry"],"acf":[],"aioseo_notices":[],"_links":{"self":[{"href":"https:\/\/alpaka-shop.com\/fi\/wp-json\/wp\/v2\/pages\/40978","targetHints":{"allow":["GET"]}}],"collection":[{"href":"https:\/\/alpaka-shop.com\/fi\/wp-json\/wp\/v2\/pages"}],"about":[{"href":"https:\/\/alpaka-shop.com\/fi\/wp-json\/wp\/v2\/types\/page"}],"author":[{"embeddable":true,"href":"https:\/\/alpaka-shop.com\/fi\/wp-json\/wp\/v2\/users\/1"}],"replies":[{"embeddable":true,"href":"https:\/\/alpaka-shop.com\/fi\/wp-json\/wp\/v2\/comments?post=40978"}],"version-history":[{"count":0,"href":"https:\/\/alpaka-shop.com\/fi\/wp-json\/wp\/v2\/pages\/40978\/revisions"}],"wp:attachment":[{"href":"https:\/\/alpaka-shop.com\/fi\/wp-json\/wp\/v2\/media?parent=40978"}],"curies":[{"name":"wp","href":"https:\/\/api.w.org\/{rel}","templated":true}]}}