{"id":41642,"date":"2022-10-06T09:55:35","date_gmt":"2022-10-06T06:55:35","guid":{"rendered":"https:\/\/alpaka-shop.com\/?page_id=41642"},"modified":"2022-12-15T10:39:04","modified_gmt":"2022-12-15T08:39:04","slug":"alpakkavillasukat","status":"publish","type":"page","link":"https:\/\/alpaka-shop.com\/fi\/alpakkavillasukat\/","title":{"rendered":"Alpakkavillasukat"},"content":{"rendered":"<section class=\"l-section wpb_row height_small\"><div class=\"l-section-h i-cf\"><div class=\"g-cols vc_row via_flex valign_top type_default stacking_default\"><div class=\"vc_col-sm-12 wpb_column vc_column_container\"><div class=\"vc_column-inner\"><div class=\"wpb_wrapper\"><div class=\"w-image align_none\"><div class=\"w-image-h\"><img decoding=\"async\" width=\"1200\" height=\"500\" src=\"https:\/\/alpaka-shop.com\/wp-content\/uploads\/2022\/11\/socks-cover.jpg\" class=\"attachment-full size-full wvs-archive-product-image\" alt=\"\" loading=\"lazy\" srcset=\"https:\/\/alpaka-shop.com\/wp-content\/uploads\/2022\/11\/socks-cover.jpg 1200w, https:\/\/alpaka-shop.com\/wp-content\/uploads\/2022\/11\/socks-cover-300x125.jpg 300w, https:\/\/alpaka-shop.com\/wp-content\/uploads\/2022\/11\/socks-cover-1024x427.jpg 1024w, https:\/\/alpaka-shop.com\/wp-content\/uploads\/2022\/11\/socks-cover-600x250.jpg 600w, https:\/\/alpaka-shop.com\/wp-content\/uploads\/2022\/11\/socks-cover-100x42.jpg 100w\" sizes=\"auto, (max-width: 1200px) 100vw, 1200px\" \/><\/div><\/div><\/div><\/div><\/div><\/div><\/div><\/section><section class=\"l-section wpb_row height_small\"><div class=\"l-section-h i-cf\"><div class=\"g-cols vc_row via_flex valign_top type_default stacking_default\"><div class=\"vc_col-sm-12 wpb_column vc_column_container\"><div class=\"vc_column-inner\"><div class=\"wpb_wrapper\"><div class=\"wpb_text_column\"><div class=\"wpb_wrapper\"><h1 style=\"text-align: center;\">SUKAT<\/h1>\n<p style=\"text-align: center;\">Alpakkavillasukat ovat v\u00e4ltt\u00e4m\u00e4t\u00f6n tuote kylmiin kausiin.<br \/>\nSilkkisenpehme\u00e4 alpakan kuitu tarjoaa l\u00e4mp\u00f6\u00e4 ja on eritt\u00e4in mukava jalkojasi vasten.<br \/>\nUnisex-sukkamme ovat saatavilla tihe\u00e4silmukkaisena ja paksuneuloksisena.<\/p>\n<\/div><\/div><\/div><\/div><\/div><\/div><\/div><\/section><section class=\"l-section wpb_row height_small\"><div class=\"l-section-h i-cf\"><div class=\"g-cols vc_row via_flex valign_top type_default stacking_default\"><div class=\"vc_col-sm-6 wpb_column vc_column_container\"><div class=\"vc_column-inner\"><div class=\"wpb_wrapper\"><div class=\"w-grid type_grid layout_28376 cols_1 preload_style_spinner\" id=\"us_grid_1\" style=\"--columns:1;--gap:1.5rem;\"><style>.layout_28376 .w-grid-item-h{}.layout_28376 .usg_product_field_1{font-size:14px!important}.layout_28376 .usg_post_title_1{color:#424242!important;font-family:var(--h3-font-family)!important;font-weight:500!important;text-transform:capitalize!important}.layout_28376 .usg_post_custom_field_1{margin-bottom:0.5rem!important}.layout_28376 .usg_post_custom_field_2{color:#7a7a7a!important;font-size:10px!important;font-family:var(--font-family)!important;font-weight:100!important;text-transform:uppercase!important;font-style:normal!important}<\/style><div class=\"w-grid-list\">\t<article class=\"w-grid-item size_1x1 post-41379 product type-product status-publish has-post-thumbnail product_cat-uncategorized-fi first instock taxable shipping-taxable purchasable product-type-variable has-default-attributes wvs-archive-product-wrapper\" data-id=\"41379\">\r\n\t\t<div class=\"w-grid-item-h\">\r\n\t\t\t\t\t\t<div class=\"w-post-elm post_custom_field usg_post_custom_field_1 type_image us_tile_additional_image\"><a href=\"https:\/\/alpaka-shop.com\/fi\/hienot-sukat-fi-2\/\"><img decoding=\"async\" width=\"1200\" height=\"1800\" src=\"https:\/\/alpaka-shop.com\/wp-content\/uploads\/2022\/09\/ALPAKA-thin-socks-charcoal-front-studio-gray.jpg\" class=\"attachment-full size-full wvs-archive-product-image\" alt=\"\" srcset=\"https:\/\/alpaka-shop.com\/wp-content\/uploads\/2022\/09\/ALPAKA-thin-socks-charcoal-front-studio-gray.jpg 1200w, https:\/\/alpaka-shop.com\/wp-content\/uploads\/2022\/09\/ALPAKA-thin-socks-charcoal-front-studio-gray-200x300.jpg 200w, https:\/\/alpaka-shop.com\/wp-content\/uploads\/2022\/09\/ALPAKA-thin-socks-charcoal-front-studio-gray-683x1024.jpg 683w, https:\/\/alpaka-shop.com\/wp-content\/uploads\/2022\/09\/ALPAKA-thin-socks-charcoal-front-studio-gray-300x450.jpg 300w, https:\/\/alpaka-shop.com\/wp-content\/uploads\/2022\/09\/ALPAKA-thin-socks-charcoal-front-studio-gray-600x900.jpg 600w, https:\/\/alpaka-shop.com\/wp-content\/uploads\/2022\/09\/ALPAKA-thin-socks-charcoal-front-studio-gray-100x150.jpg 100w\" sizes=\"(max-width: 1200px) 100vw, 1200px\" \/><\/a><\/div><\/a><span class=\"gtm4wp_productdata\" style=\"display:none; visibility:hidden;\" data-gtm4wp_product_data=\"{&quot;internal_id&quot;:41379,&quot;item_id&quot;:41379,&quot;item_name&quot;:&quot;Hienot sukat&quot;,&quot;sku&quot;:41379,&quot;price&quot;:29,&quot;stocklevel&quot;:null,&quot;stockstatus&quot;:&quot;instock&quot;,&quot;google_business_vertical&quot;:&quot;retail&quot;,&quot;item_category&quot;:&quot;Uncategorized&quot;,&quot;id&quot;:41379,&quot;productlink&quot;:&quot;https:\\\/\\\/alpaka-shop.com\\\/fi\\\/hienot-sukat-fi-2\\\/&quot;,&quot;item_list_name&quot;:&quot;General Product List&quot;,&quot;index&quot;:1,&quot;product_type&quot;:&quot;variable&quot;,&quot;item_brand&quot;:&quot;&quot;}\"><\/span>\t\t\t<input type=\"hidden\" class=\"pmwProductId\" data-id=\"41379\">\n\t\t\t\t\t<script>\n\t\t\t(window.pmwDataLayer = window.pmwDataLayer || {}).products                = window.pmwDataLayer.products || {};\n\t\t\twindow.pmwDataLayer.products[41379] = {\"id\":\"41379\",\"sku\":\"\",\"price\":29,\"brand\":\"\",\"quantity\":1,\"dyn_r_ids\":{\"post_id\":\"41379\",\"sku\":41379,\"gpf\":\"woocommerce_gpf_41379\",\"gla\":\"gla_41379\"},\"is_variable\":true,\"type\":\"variable\",\"name\":\"Hienot sukat\",\"category\":[\"Uncategorized\"],\"is_variation\":false};\n\t\t\t\t\twindow.pmw_product_position = window.pmw_product_position || 1;\n\t\twindow.pmwDataLayer.products[41379]['position'] = window.pmw_product_position++;\n\t\t\t\t<\/script>\n\t\t<p class=\"w-post-elm post_title usg_post_title_1 category-product-meta-title has_text_color woocommerce-loop-product__title color_link_inherit\"><a href=\"https:\/\/alpaka-shop.com\/fi\/hienot-sukat-fi-2\/\">Hienot sukat<\/a><\/p><p class=\"w-post-elm product_field price usg_product_field_1 category-product-meta-price\"><span class=\"woocommerce-Price-amount amount\"><bdi>29<span class=\"woocommerce-Price-currencySymbol\">&euro;<\/span><\/bdi><\/span><\/p>\t\t<\/div>\r\n\t\t\t<\/article>\r\n<\/div><div class=\"w-grid-preloader\">\t<div class=\"g-preloader type_1\">\r\n\t\t<div><\/div>\r\n\t<\/div>\r\n\t<\/div>\t<div class=\"w-grid-json hidden\" onclick='return {&quot;action&quot;:&quot;us_ajax_grid&quot;,&quot;infinite_scroll&quot;:0,&quot;max_num_pages&quot;:1,&quot;pagination&quot;:&quot;none&quot;,&quot;template_vars&quot;:{&quot;columns&quot;:&quot;1&quot;,&quot;exclude_items&quot;:&quot;none&quot;,&quot;img_size&quot;:&quot;default&quot;,&quot;ignore_items_size&quot;:0,&quot;items_layout&quot;:&quot;28376&quot;,&quot;items_offset&quot;:&quot;1&quot;,&quot;load_animation&quot;:&quot;none&quot;,&quot;overriding_link&quot;:&quot;{\\&quot;url\\&quot;:\\&quot;\\&quot;}&quot;,&quot;post_id&quot;:0,&quot;query_args&quot;:{&quot;ignore_sticky_posts&quot;:1,&quot;post_type&quot;:&quot;any&quot;,&quot;post__in&quot;:[&quot;36231&quot;],&quot;tax_query&quot;:[{&quot;taxonomy&quot;:&quot;product_visibility&quot;,&quot;field&quot;:&quot;slug&quot;,&quot;terms&quot;:[&quot;exclude-from-catalog&quot;],&quot;operator&quot;:&quot;NOT IN&quot;}],&quot;posts_per_page&quot;:&quot;10&quot;},&quot;orderby_query_args&quot;:{&quot;orderby&quot;:{&quot;date&quot;:&quot;DESC&quot;}},&quot;type&quot;:&quot;grid&quot;,&quot;us_grid_post_type&quot;:&quot;ids&quot;,&quot;us_grid_ajax_index&quot;:1,&quot;us_grid_filter_query_string&quot;:null,&quot;us_grid_index&quot;:1,&quot;page_args&quot;:[],&quot;lang&quot;:&quot;fi&quot;}}'><\/div>\r\n\t<\/div><\/div><\/div><\/div><div class=\"vc_col-sm-6 wpb_column vc_column_container\"><div class=\"vc_column-inner\"><div class=\"wpb_wrapper\"><div class=\"w-image align_none\"><a title=\"Hienot Sukat\" href=\" https:\/\/alpaka-shop.com\/fi\/hienot-sukat-2\/\" aria-label=\"ALPAKA-fine-knit-socks-1200x1800\" class=\"w-image-h\"><img decoding=\"async\" width=\"1200\" height=\"1800\" src=\"https:\/\/alpaka-shop.com\/wp-content\/uploads\/2022\/11\/ALPAKA-fine-knit-socks-1200x1800-1.jpg\" class=\"attachment-full size-full wvs-archive-product-image\" alt=\"\" loading=\"lazy\" srcset=\"https:\/\/alpaka-shop.com\/wp-content\/uploads\/2022\/11\/ALPAKA-fine-knit-socks-1200x1800-1.jpg 1200w, https:\/\/alpaka-shop.com\/wp-content\/uploads\/2022\/11\/ALPAKA-fine-knit-socks-1200x1800-1-200x300.jpg 200w, https:\/\/alpaka-shop.com\/wp-content\/uploads\/2022\/11\/ALPAKA-fine-knit-socks-1200x1800-1-683x1024.jpg 683w, https:\/\/alpaka-shop.com\/wp-content\/uploads\/2022\/11\/ALPAKA-fine-knit-socks-1200x1800-1-300x450.jpg 300w, https:\/\/alpaka-shop.com\/wp-content\/uploads\/2022\/11\/ALPAKA-fine-knit-socks-1200x1800-1-600x900.jpg 600w, https:\/\/alpaka-shop.com\/wp-content\/uploads\/2022\/11\/ALPAKA-fine-knit-socks-1200x1800-1-100x150.jpg 100w\" sizes=\"auto, (max-width: 1200px) 100vw, 1200px\" \/><\/a><\/div><\/div><\/div><\/div><\/div><\/div><\/section><section class=\"l-section wpb_row height_small\"><div class=\"l-section-h i-cf\"><div class=\"g-cols vc_row via_flex valign_top type_default stacking_default\"><div class=\"vc_col-sm-6 wpb_column vc_column_container\"><div class=\"vc_column-inner\"><div class=\"wpb_wrapper\"><div class=\"w-grid type_grid layout_28376 cols_1 preload_style_spinner\" id=\"us_grid_2\" style=\"--columns:1;--gap:1.5rem;\"><div class=\"w-grid-list\">\t<article class=\"w-grid-item size_1x1 post-42956 product type-product status-publish has-post-thumbnail product_cat-lapset first instock taxable shipping-taxable purchasable product-type-variable has-default-attributes wvs-archive-product-wrapper\" data-id=\"42956\">\r\n\t\t<div class=\"w-grid-item-h\">\r\n\t\t\t\t\t\t<div class=\"w-post-elm post_custom_field usg_post_custom_field_1 type_image us_tile_additional_image\"><a href=\"https:\/\/alpaka-shop.com\/fi\/hienot-sukat-fi\/\"><img decoding=\"async\" width=\"1200\" height=\"1800\" src=\"https:\/\/alpaka-shop.com\/wp-content\/uploads\/2022\/10\/alpaka-kids-hat-with-colour-play-milk-coffee-musk-green-lily-white-with-pom-1200x1800-1.jpg\" class=\"attachment-full size-full wvs-archive-product-image\" alt=\"\" srcset=\"https:\/\/alpaka-shop.com\/wp-content\/uploads\/2022\/10\/alpaka-kids-hat-with-colour-play-milk-coffee-musk-green-lily-white-with-pom-1200x1800-1.jpg 1200w, https:\/\/alpaka-shop.com\/wp-content\/uploads\/2022\/10\/alpaka-kids-hat-with-colour-play-milk-coffee-musk-green-lily-white-with-pom-1200x1800-1-200x300.jpg 200w, https:\/\/alpaka-shop.com\/wp-content\/uploads\/2022\/10\/alpaka-kids-hat-with-colour-play-milk-coffee-musk-green-lily-white-with-pom-1200x1800-1-683x1024.jpg 683w, https:\/\/alpaka-shop.com\/wp-content\/uploads\/2022\/10\/alpaka-kids-hat-with-colour-play-milk-coffee-musk-green-lily-white-with-pom-1200x1800-1-300x450.jpg 300w, https:\/\/alpaka-shop.com\/wp-content\/uploads\/2022\/10\/alpaka-kids-hat-with-colour-play-milk-coffee-musk-green-lily-white-with-pom-1200x1800-1-600x900.jpg 600w, https:\/\/alpaka-shop.com\/wp-content\/uploads\/2022\/10\/alpaka-kids-hat-with-colour-play-milk-coffee-musk-green-lily-white-with-pom-1200x1800-1-100x150.jpg 100w\" sizes=\"(max-width: 1200px) 100vw, 1200px\" \/><\/a><\/div><\/a><span class=\"gtm4wp_productdata\" style=\"display:none; visibility:hidden;\" data-gtm4wp_product_data=\"{&quot;internal_id&quot;:42956,&quot;item_id&quot;:42956,&quot;item_name&quot;:&quot;Hienot sukat&quot;,&quot;sku&quot;:42956,&quot;price&quot;:24,&quot;stocklevel&quot;:null,&quot;stockstatus&quot;:&quot;instock&quot;,&quot;google_business_vertical&quot;:&quot;retail&quot;,&quot;item_category&quot;:&quot;Lapset&quot;,&quot;id&quot;:42956,&quot;productlink&quot;:&quot;https:\\\/\\\/alpaka-shop.com\\\/fi\\\/hienot-sukat-fi\\\/&quot;,&quot;item_list_name&quot;:&quot;General Product List&quot;,&quot;index&quot;:1,&quot;product_type&quot;:&quot;variable&quot;,&quot;item_brand&quot;:&quot;&quot;}\"><\/span>\t\t\t<input type=\"hidden\" class=\"pmwProductId\" data-id=\"42956\">\n\t\t\t\t\t<script>\n\t\t\t(window.pmwDataLayer = window.pmwDataLayer || {}).products                = window.pmwDataLayer.products || {};\n\t\t\twindow.pmwDataLayer.products[42956] = {\"id\":\"42956\",\"sku\":\"\",\"price\":24,\"brand\":\"\",\"quantity\":1,\"dyn_r_ids\":{\"post_id\":\"42956\",\"sku\":42956,\"gpf\":\"woocommerce_gpf_42956\",\"gla\":\"gla_42956\"},\"is_variable\":true,\"type\":\"variable\",\"name\":\"Hienot sukat\",\"category\":[\"Lapset\"],\"is_variation\":false};\n\t\t\t\t\twindow.pmw_product_position = window.pmw_product_position || 1;\n\t\twindow.pmwDataLayer.products[42956]['position'] = window.pmw_product_position++;\n\t\t\t\t<\/script>\n\t\t<p class=\"w-post-elm post_title usg_post_title_1 category-product-meta-title has_text_color woocommerce-loop-product__title color_link_inherit\"><a href=\"https:\/\/alpaka-shop.com\/fi\/hienot-sukat-fi\/\">Hienot sukat<\/a><\/p><p class=\"w-post-elm product_field price usg_product_field_1 category-product-meta-price\"><span class=\"woocommerce-Price-amount amount\"><bdi>24<span class=\"woocommerce-Price-currencySymbol\">&euro;<\/span><\/bdi><\/span><\/p>\t\t<\/div>\r\n\t\t\t<\/article>\r\n<\/div><div class=\"w-grid-preloader\">\t<div class=\"g-preloader type_1\">\r\n\t\t<div><\/div>\r\n\t<\/div>\r\n\t<\/div>\t<div class=\"w-grid-json hidden\" onclick='return {&quot;action&quot;:&quot;us_ajax_grid&quot;,&quot;infinite_scroll&quot;:0,&quot;max_num_pages&quot;:1,&quot;pagination&quot;:&quot;none&quot;,&quot;template_vars&quot;:{&quot;columns&quot;:&quot;1&quot;,&quot;exclude_items&quot;:&quot;none&quot;,&quot;img_size&quot;:&quot;default&quot;,&quot;ignore_items_size&quot;:0,&quot;items_layout&quot;:&quot;28376&quot;,&quot;items_offset&quot;:&quot;1&quot;,&quot;load_animation&quot;:&quot;none&quot;,&quot;overriding_link&quot;:&quot;{\\&quot;url\\&quot;:\\&quot;\\&quot;}&quot;,&quot;post_id&quot;:0,&quot;query_args&quot;:{&quot;ignore_sticky_posts&quot;:1,&quot;post_type&quot;:&quot;any&quot;,&quot;post__in&quot;:[&quot;42929&quot;],&quot;tax_query&quot;:[{&quot;taxonomy&quot;:&quot;product_visibility&quot;,&quot;field&quot;:&quot;slug&quot;,&quot;terms&quot;:[&quot;exclude-from-catalog&quot;],&quot;operator&quot;:&quot;NOT IN&quot;}],&quot;posts_per_page&quot;:&quot;10&quot;},&quot;orderby_query_args&quot;:{&quot;orderby&quot;:{&quot;date&quot;:&quot;DESC&quot;}},&quot;type&quot;:&quot;grid&quot;,&quot;us_grid_post_type&quot;:&quot;ids&quot;,&quot;us_grid_ajax_index&quot;:2,&quot;us_grid_filter_query_string&quot;:null,&quot;us_grid_index&quot;:2,&quot;page_args&quot;:[],&quot;lang&quot;:&quot;fi&quot;}}'><\/div>\r\n\t<\/div><\/div><\/div><\/div><div class=\"vc_col-sm-6 wpb_column vc_column_container\"><div class=\"vc_column-inner\"><div class=\"wpb_wrapper\"><div class=\"w-image align_none\"><a title=\"Paksut Sukat\" href=\"https:\/\/alpaka-shop.com\/fi\/hienot-sukat-fi\" aria-label=\"alpaka kids beret mauve profile 1200x1800\" class=\"w-image-h\"><img decoding=\"async\" width=\"1200\" height=\"1800\" src=\"https:\/\/alpaka-shop.com\/wp-content\/uploads\/2022\/10\/alpaka-kids-beret-mauve-profile-1200x1800-1.jpg\" class=\"attachment-full size-full wvs-archive-product-image\" alt=\"\" loading=\"lazy\" srcset=\"https:\/\/alpaka-shop.com\/wp-content\/uploads\/2022\/10\/alpaka-kids-beret-mauve-profile-1200x1800-1.jpg 1200w, https:\/\/alpaka-shop.com\/wp-content\/uploads\/2022\/10\/alpaka-kids-beret-mauve-profile-1200x1800-1-200x300.jpg 200w, https:\/\/alpaka-shop.com\/wp-content\/uploads\/2022\/10\/alpaka-kids-beret-mauve-profile-1200x1800-1-683x1024.jpg 683w, https:\/\/alpaka-shop.com\/wp-content\/uploads\/2022\/10\/alpaka-kids-beret-mauve-profile-1200x1800-1-300x450.jpg 300w, https:\/\/alpaka-shop.com\/wp-content\/uploads\/2022\/10\/alpaka-kids-beret-mauve-profile-1200x1800-1-600x900.jpg 600w, https:\/\/alpaka-shop.com\/wp-content\/uploads\/2022\/10\/alpaka-kids-beret-mauve-profile-1200x1800-1-100x150.jpg 100w\" sizes=\"auto, (max-width: 1200px) 100vw, 1200px\" \/><\/a><\/div><\/div><\/div><\/div><\/div><\/div><\/section>\n","protected":false},"excerpt":{"rendered":"","protected":false},"author":1,"featured_media":0,"parent":0,"menu_order":0,"comment_status":"closed","ping_status":"closed","template":"","meta":{"_acf_changed":false,"footnotes":""},"class_list":["post-41642","page","type-page","status-publish","hentry"],"acf":[],"aioseo_notices":[],"_links":{"self":[{"href":"https:\/\/alpaka-shop.com\/fi\/wp-json\/wp\/v2\/pages\/41642","targetHints":{"allow":["GET"]}}],"collection":[{"href":"https:\/\/alpaka-shop.com\/fi\/wp-json\/wp\/v2\/pages"}],"about":[{"href":"https:\/\/alpaka-shop.com\/fi\/wp-json\/wp\/v2\/types\/page"}],"author":[{"embeddable":true,"href":"https:\/\/alpaka-shop.com\/fi\/wp-json\/wp\/v2\/users\/1"}],"replies":[{"embeddable":true,"href":"https:\/\/alpaka-shop.com\/fi\/wp-json\/wp\/v2\/comments?post=41642"}],"version-history":[{"count":0,"href":"https:\/\/alpaka-shop.com\/fi\/wp-json\/wp\/v2\/pages\/41642\/revisions"}],"wp:attachment":[{"href":"https:\/\/alpaka-shop.com\/fi\/wp-json\/wp\/v2\/media?parent=41642"}],"curies":[{"name":"wp","href":"https:\/\/api.w.org\/{rel}","templated":true}]}}