{"id":4730,"date":"2019-11-25T14:17:42","date_gmt":"2019-11-25T14:17:42","guid":{"rendered":"https:\/\/uus.alpaka-shop.com\/tietoa-alpakoista\/"},"modified":"2020-03-26T13:47:57","modified_gmt":"2020-03-26T13:47:57","slug":"tietoa-alpakoista","status":"publish","type":"page","link":"https:\/\/alpaka-shop.com\/fi\/tietoa-alpakoista\/","title":{"rendered":"Tietoa Alpakoista"},"content":{"rendered":"<section class=\"l-section wpb_row height_small\"><div class=\"l-section-h i-cf\"><div class=\"g-cols vc_row via_flex valign_top type_default stacking_default\"><div class=\"vc_col-sm-12 wpb_column vc_column_container\"><div class=\"vc_column-inner\"><div class=\"wpb_wrapper\"><div class=\"wpb_text_column story-text-container\"><div class=\"wpb_wrapper\"><h1 style=\"text-align: center;\">Tietoa alpakoista<\/h1>\n<\/div><\/div><div class=\"w-image story-picture-container align_none\"><div class=\"w-image-h\"><img decoding=\"async\" width=\"1600\" height=\"888\" src=\"https:\/\/alpaka-shop.com\/wp-content\/uploads\/2020\/03\/Why-Alpaka.jpg\" class=\"attachment-full size-full wvs-archive-product-image\" alt=\"\" loading=\"lazy\" srcset=\"https:\/\/alpaka-shop.com\/wp-content\/uploads\/2020\/03\/Why-Alpaka.jpg 1600w, https:\/\/alpaka-shop.com\/wp-content\/uploads\/2020\/03\/Why-Alpaka-300x167.jpg 300w, https:\/\/alpaka-shop.com\/wp-content\/uploads\/2020\/03\/Why-Alpaka-600x333.jpg 600w, https:\/\/alpaka-shop.com\/wp-content\/uploads\/2020\/03\/Why-Alpaka-1024x568.jpg 1024w, https:\/\/alpaka-shop.com\/wp-content\/uploads\/2020\/03\/Why-Alpaka-1536x852.jpg 1536w\" sizes=\"auto, (max-width: 1600px) 100vw, 1600px\" \/><\/div><\/div><\/div><\/div><\/div><\/div><\/div><\/section><section class=\"l-section wpb_row height_small\"><div class=\"l-section-h i-cf\"><div class=\"g-cols vc_row via_flex valign_top type_default stacking_default\"><div class=\"vc_col-sm-12 wpb_column vc_column_container\"><div class=\"vc_column-inner\"><div class=\"wpb_wrapper\"><div class=\"wpb_text_column content-page-text-block\"><div class=\"wpb_wrapper\"><h2>Tietoa alpakoista<\/h2>\n<p>Alpakat ovat etel\u00e4amerikkalaisia kameliel\u00e4imi\u00e4, jotka ovat kotoisin Perun yl\u00e4ng\u00f6ilt\u00e4. Alpakat jalostettiin kotiel\u00e4imiksi tuhansia vuosia sitten, ja niiden harvinaisen hienoa villaa arvostettiin jo inkakulttuurissa. Ankara ilmasto ja jopa 40 \u00b0C l\u00e4mp\u00f6tilanvaihtelut, joita el\u00e4inten t\u00e4ytyy siet\u00e4\u00e4 3 500 \u2013 5 000 metrin korkeudessa, tekev\u00e4t alpakan villasta yhden maailman halutuimmista luonnonkuiduista.<\/p>\n<\/div><\/div><\/div><\/div><\/div><\/div><\/div><\/section><section class=\"l-section wpb_row height_small\"><div class=\"l-section-h i-cf\"><div class=\"g-cols vc_row via_flex valign_top type_default stacking_default\"><div class=\"vc_col-sm-12 wpb_column vc_column_container\"><div class=\"vc_column-inner\"><div class=\"wpb_wrapper\"><div class=\"wpb_text_column us_custom_f61e63ba content-page-custom-heading\"><div class=\"wpb_wrapper\"><h2 style=\"text-align: center;\">MIK\u00c4 TEKEE ALPAKAN<br \/>\nVILLASTA ERINOMAISEN<\/h2>\n<\/div><\/div><div class=\"g-cols wpb_row content-page-img-grid via_flex valign_middle type_default stacking_default\"><div class=\"vc_col-sm-6 wpb_column vc_column_container\"><div class=\"vc_column-inner\"><div class=\"wpb_wrapper\"><div class=\"w-image align_none\"><div class=\"w-image-h\"><img decoding=\"async\" width=\"584\" height=\"436\" src=\"https:\/\/alpaka-shop.com\/wp-content\/uploads\/2019\/07\/alpaka-wool.jpg\" class=\"attachment-full size-full wvs-archive-product-image\" alt=\"\" loading=\"lazy\" srcset=\"https:\/\/alpaka-shop.com\/wp-content\/uploads\/2019\/07\/alpaka-wool.jpg 584w, https:\/\/alpaka-shop.com\/wp-content\/uploads\/2019\/07\/alpaka-wool-300x224.jpg 300w\" sizes=\"auto, (max-width: 584px) 100vw, 584px\" \/><\/div><\/div><\/div><\/div><\/div><div class=\"vc_col-sm-6 wpb_column vc_column_container\"><div class=\"vc_column-inner\"><div class=\"wpb_wrapper\"><div class=\"wpb_text_column alpaka-custom-list-style\"><div class=\"wpb_wrapper\"><h2>Eritt\u00e4in sile\u00e4 suomupinta ja kiilto antavat alpakan villalle vertaansa vailla olevat fyysiset ja emotionaaliset ominaisuudet<\/h2>\n<ul>\n<li>7 kertaa lampaanvillaa l\u00e4mpim\u00e4mp\u00e4\u00e4<\/li>\n<li>huomattavan vahvaa ja kest\u00e4v\u00e4\u00e4<\/li>\n<li>eritt\u00e4in hengitt\u00e4v\u00e4\u00e4 ja kevytt\u00e4<\/li>\n<li>luonnollisen kiilt\u00e4v\u00e4\u00e4<\/li>\n<\/ul>\n<\/div><\/div><\/div><\/div><\/div><\/div><div class=\"w-separator size_custom\" style=\"height:60px\"><\/div><div class=\"g-cols wpb_row us_custom_386b9a27 content-page-img-grid via_flex valign_middle type_default reversed stacking_default\"><div class=\"vc_col-sm-6 wpb_column vc_column_container\"><div class=\"vc_column-inner\"><div class=\"wpb_wrapper\"><div class=\"wpb_text_column alpaka-custom-list-style\"><div class=\"wpb_wrapper\"><h2>Eritt\u00e4in pehme\u00e4\u00e4 ja silkkist\u00e4, kuten kashmirvilla<\/h2>\n<ul>\n<li>liekinkest\u00e4v\u00e4\u00e4<\/li>\n<li>ei nyppyynny helposti<\/li>\n<li>ei kutita<\/li>\n<li>luonnollisesti hypoallergeeninen; ei sis\u00e4ll\u00e4 lanoliinia<\/li>\n<li>vett\u00e4 ja likaa hylkiv\u00e4<\/li>\n<li>pieni ymp\u00e4rist\u00f6vaikutus<\/li>\n<li>helppo hoitaa<\/li>\n<\/ul>\n<\/div><\/div><\/div><\/div><\/div><div class=\"vc_col-sm-6 wpb_column vc_column_container\"><div class=\"vc_column-inner\"><div class=\"wpb_wrapper\"><div class=\"w-image align_none\"><div class=\"w-image-h\"><img decoding=\"async\" width=\"585\" height=\"436\" src=\"https:\/\/alpaka-shop.com\/wp-content\/uploads\/2019\/07\/soft-alpaka-wool.jpg\" class=\"attachment-full size-full wvs-archive-product-image\" alt=\"\" loading=\"lazy\" srcset=\"https:\/\/alpaka-shop.com\/wp-content\/uploads\/2019\/07\/soft-alpaka-wool.jpg 585w, https:\/\/alpaka-shop.com\/wp-content\/uploads\/2019\/07\/soft-alpaka-wool-300x224.jpg 300w\" sizes=\"auto, (max-width: 585px) 100vw, 585px\" \/><\/div><\/div><\/div><\/div><\/div><\/div><\/div><\/div><\/div><\/div><\/div><\/section>\n","protected":false},"excerpt":{"rendered":"Tietoa alpakoista Tietoa alpakoista Alpakat ovat etel\u00e4amerikkalaisia kameliel\u00e4imi\u00e4, jotka ovat kotoisin Perun yl\u00e4ng\u00f6ilt\u00e4. Alpakat jalostettiin kotiel\u00e4imiksi tuhansia vuosia sitten, ja niiden harvinaisen hienoa villaa arvostettiin jo inkakulttuurissa. Ankara ilmasto ja jopa 40 \u00b0C l\u00e4mp\u00f6tilanvaihtelut, joita el\u00e4inten t\u00e4ytyy siet\u00e4\u00e4 3 500 \u2013 5 000 metrin korkeudessa, tekev\u00e4t alpakan villasta yhden maailman halutuimmista luonnonkuiduista. MIK\u00c4 TEKEE ALPAKAN...","protected":false},"author":1,"featured_media":0,"parent":0,"menu_order":0,"comment_status":"closed","ping_status":"closed","template":"","meta":{"_acf_changed":false,"footnotes":""},"class_list":["post-4730","page","type-page","status-publish","hentry"],"acf":[],"aioseo_notices":[],"_links":{"self":[{"href":"https:\/\/alpaka-shop.com\/fi\/wp-json\/wp\/v2\/pages\/4730","targetHints":{"allow":["GET"]}}],"collection":[{"href":"https:\/\/alpaka-shop.com\/fi\/wp-json\/wp\/v2\/pages"}],"about":[{"href":"https:\/\/alpaka-shop.com\/fi\/wp-json\/wp\/v2\/types\/page"}],"author":[{"embeddable":true,"href":"https:\/\/alpaka-shop.com\/fi\/wp-json\/wp\/v2\/users\/1"}],"replies":[{"embeddable":true,"href":"https:\/\/alpaka-shop.com\/fi\/wp-json\/wp\/v2\/comments?post=4730"}],"version-history":[{"count":0,"href":"https:\/\/alpaka-shop.com\/fi\/wp-json\/wp\/v2\/pages\/4730\/revisions"}],"wp:attachment":[{"href":"https:\/\/alpaka-shop.com\/fi\/wp-json\/wp\/v2\/media?parent=4730"}],"curies":[{"name":"wp","href":"https:\/\/api.w.org\/{rel}","templated":true}]}}