{"id":4756,"date":"2019-11-25T15:01:36","date_gmt":"2019-11-25T15:01:36","guid":{"rendered":"https:\/\/uus.alpaka-shop.com\/terms\/"},"modified":"2023-04-18T15:36:29","modified_gmt":"2023-04-18T12:36:29","slug":"terms","status":"publish","type":"page","link":"https:\/\/alpaka-shop.com\/fi\/terms\/","title":{"rendered":"K\u00e4ytt\u00f6ehdot\u00a0"},"content":{"rendered":"<section class=\"l-section wpb_row content-page-header height_small\"><div class=\"l-section-h i-cf\"><div class=\"g-cols vc_row via_flex valign_top type_default stacking_default\"><div class=\"vc_col-sm-12 wpb_column vc_column_container\"><div class=\"vc_column-inner\"><div class=\"wpb_wrapper\"><div class=\"wpb_text_column\"><div class=\"wpb_wrapper\"><h1 style=\"text-align: center;\">K\u00e4ytt\u00f6ehdot<\/h1>\n<\/div><\/div><\/div><\/div><\/div><\/div><\/div><\/section><section class=\"l-section wpb_row height_small\"><div class=\"l-section-h i-cf\"><div class=\"g-cols vc_row via_flex valign_top type_default stacking_default\"><div class=\"vc_col-sm-12 wpb_column vc_column_container\"><div class=\"vc_column-inner\"><div class=\"wpb_wrapper\"><div class=\"wpb_text_column content-page-text-block\"><div class=\"wpb_wrapper\"><h3>1. YLEISET EHDOT<\/h3>\n<p>Kiitos, kun k\u00e4vit sivustolla alpaka-shop.com. T\u00e4m\u00e4n sivuston k\u00e4ytt\u00f6\u00e4 ja tuotteiden tilaamista sivuston kautta koskevat seuraavat ehdot ja muu sovellettava laki. Jos et hyv\u00e4ksy n\u00e4it\u00e4 ehtoja ja s\u00e4\u00e4nt\u00f6j\u00e4, pyyd\u00e4mme sinua olemaan k\u00e4ytt\u00e4m\u00e4tt\u00e4 sivustoamme. Pid\u00e4t\u00e4mme oikeuden muuttaa n\u00e4it\u00e4 ehtoja ja s\u00e4\u00e4nt\u00f6j\u00e4 aika ajoin oman harkintamme mukaan ilman ennakkoilmoitusta. Kaikkia t\u00e4h\u00e4n sivustoon liittyvi\u00e4 asioita hallitsevat Viron tasavallan lait.<\/p>\n<h3>2. TIETOA YRITYKSEST\u00c4<\/h3>\n<p>T\u00e4m\u00e4n sivuston omistaa ja sit\u00e4 yll\u00e4pit\u00e4\u00e4 Decoreter O\u00dc. Postiosoite on Tatari 64, Tallinn 10134 Estonia, European Union. Yrityksemme on rekister\u00f6ity Virossa yritystunnuksella 11447750. ALV-tunnuksemme on EE101245450. Me omistamme oikeudet kaikkeen t\u00e4m\u00e4n sivuston sis\u00e4lt\u00f6\u00f6n (mukaan lukien muun muassa sivuston nimi ja toimialue, logot ja tavaramerkit, valokuvat).<\/p>\n<h3>3. LISENSSI JA SIVUSTON K\u00c4YTT\u00d6<\/h3>\n<p>Sinun tulee olettaa, ett\u00e4 meill\u00e4 on tekij\u00e4noikeus kaikkeen, ellei toisin ilmoiteta. Voit k\u00e4ytt\u00e4\u00e4 sivustomme sis\u00e4lt\u00f6\u00e4 vapaasti vain omiin henkil\u00f6kohtaisiin, ei-kaupallisiin tarkoituksiisi sill\u00e4 ehdolla, ett\u00e4 et muokkaa sit\u00e4 ja ett\u00e4 s\u00e4ilyt\u00e4t kaikki sis\u00e4ll\u00f6ss\u00e4 olevat tekij\u00e4noikeudet ja muut omistusilmoitukset. Sivustomme sis\u00e4lt\u00f6\u00e4 ei saa kokonaisuudessaan tai osittain myyd\u00e4, uudelleentuottaa, jaella tai muulla tavalla k\u00e4ytt\u00e4\u00e4 mihink\u00e4\u00e4n kaupalliseen tarkoitukseen ilman nimenomaista kirjallista lupaa.<\/p>\n<h3>4. TILAUKSEN TEKEMINEN<\/h3>\n<p>Lis\u00e4\u00e4 haluamasi tuotteet ostoskoriin ja osta ne. Kassan j\u00e4lkeen loppusumma n\u00e4kyy n\u00e4yt\u00f6ll\u00e4. Toimitus on maksutonta kaikkiin kohteisiin. Voit maksaa ostoksesi PayPalin kautta tai luottokortilla. Sopimus astuu voimaan, kun maksettava summa siirret\u00e4\u00e4n verkkokaupan pankkitilille. Jos emme kykene toimittamaan tilattuja tuotteita varastojen loppumisen tai mink\u00e4 tahansa muun syyn takia, ilmoitetaan ostajalle asiasta mahdollisimman pian, ja maksettu summa palautetaan pikaisesti, ja viimeist\u00e4\u00e4n 14 p\u00e4iv\u00e4n kuluessa ilmoituksen vastaanottamisesta.<\/p>\n<h3>5. TARJOUS JA LOPPUTULOS<\/h3>\n<p>Ostosopimus p\u00e4\u00e4ttyy, kun olemme hyv\u00e4ksyneet tilauksesi ja vahvistaneet tuotteiden l\u00e4hetyksen. Voidaksesi ostaa tuotteita sivustolta sinun tulee olla t\u00e4ysi-ik\u00e4inen (18-vuotias).<\/p>\n<h3>6. HINTA JA MAKSUEHDOT<\/h3>\n<p>Kaikki hinnat ovat ilmoitettu euroissa ja sis\u00e4lt\u00e4v\u00e4t pakkauskulut, ALV:n ja muut hintakomponentit. Pid\u00e4t\u00e4mme oikeuden tehd\u00e4 muutoksia hinnastoomme yksipuolisesti. Jos tuotteemme hinta on ilmoitettu virheellisesti valokuvavirheen tai kirjoitusvirheen takia, on meill\u00e4 oikeus kielt\u00e4yty\u00e4 tuotteiden tilauksista tai peruuttaa tilaukset, joiden hinta on ilmoitettu virheellisesti.<\/p>\n<p>Tuemme seuraavia maksutapoja: PayPal, luottokortti. Jos haluat maksaa pankkisiirrolla, ota meihin yhteytt\u00e4 saadaksesi lis\u00e4tietoja.<\/p>\n<h3>7. TOIMITUS<\/h3>\n<p>Toimitamme tuotteitamme maailmanlaajuisesti. Toimitus on maksutonta kaikkiin kohteisiin. Normaali toimitus on lentopostilla. Yleisesti ottaen tuotteet toimitetaan asiakkaan antamaan osoitteeseen. T\u00e4m\u00e4 ei kuitenkaan ole mahdollista joissakin kohteissa, ja t\u00e4llaisessa tapauksessa tuotteet toimitetaan l\u00e4himp\u00e4\u00e4n postitoimistoon. Otamme sinuun yhteytt\u00e4 etuk\u00e4teen, jos teemme n\u00e4in.<\/p>\n<p>Toimitusajat vaihtelevat tuotteiden mukaan. Tilauksen suoritusaika varastossa oleville tuotteille on 2-5 p\u00e4iv\u00e4\u00e4 EU-maissa ja 3-10 p\u00e4iv\u00e4\u00e4 muissa maissa. Tilauksen suoritusaika tilausty\u00f6n\u00e4 valmistetuille tuotteille on korkeintaan 12 viikkoa EU:n alueella ja korkeintaan 14 viikkoa kaikissa muissa kohteissa.<\/p>\n<p>Jos haluamasi tuote on tilap\u00e4isesti loppunut varastosta, tee tiedustelu, niin me ilmoitamme sinulle viiveest\u00e4 ja odotettavissa olevasta l\u00e4hetysp\u00e4iv\u00e4m\u00e4\u00e4r\u00e4st\u00e4 s\u00e4hk\u00f6postilla. Ilmoitamme sivustolla tuotteen saatavuuden ja siirtym\u00e4ajan, mutta n\u00e4m\u00e4 tiedot tulee katsoa suuntaa-antaviksi eik\u00e4 sitoviksi. Me emme ota vastuuta emmek\u00e4 my\u00f6nn\u00e4 korvauksia toimitusten viiv\u00e4stymisest\u00e4.<\/p>\n<p>Huomaa, ett\u00e4 Euroopan unionin ulkopuolelle l\u00e4hetett\u00e4viin tuotteisiin voidaan soveltaa tulleja ja tuontimaksuja. Asiakas on vastuussa t\u00e4llaisista tulimaksuista. Maksut ovat maakohtaisia. Ota yhteytt\u00e4 kohdemaan tullitoimipaikkaan saadaksesi lis\u00e4tietoja sovellettavista tulleista ja tuontiveroista.<\/p>\n<h3>8. PALAUTUKSET<\/h3>\n<p>Sinulla on oikeus palauttaa tuote 14 p\u00e4iv\u00e4\u00e4 sen vastaanotettuasi. Palauta tuotteet meille postitse osoitteeseen Decoreter O\u00dc, Tatari 64, Tallinn 10134, Estonia ja ota meihin yhteytt\u00e4 osoitteessa sales@alpaka.ee ennen kuin l\u00e4het\u00e4t tuotteet.<\/p>\n<p>Emme ota vastuuta palautuksen postituskuluista, ellei palautusta tehd\u00e4 meist\u00e4 johtuvan laatu- tai toimitusvirheen takia. Muista, ett\u00e4 kuidun luonteesta johtuen kaikki tuotteemme ovat ainutlaatuisia ja niiden ulkon\u00e4k\u00f6 voi vaihdella hieman. Vaikka teemme kaikkemme varmistaaksemme, ett\u00e4 v\u00e4rit vastaavat mahdollisimman l\u00e4heisesti todellisia v\u00e4rej\u00e4, pieni\u00e4 vaihteluita voi ilmet\u00e4 n\u00e4ytt\u00f6si v\u00e4riasetuksista riippuen.<\/p>\n<p>Palautettavien tuotteiden tulee olla k\u00e4ytt\u00e4m\u00e4tt\u00f6mi\u00e4 ja alkuper\u00e4isiss\u00e4 pakkauksissaan. Jotta voisit palauttaa tuotteita meille, avaa pakkaus varovasti ja vahingoittamatta sen sis\u00e4lt\u00f6\u00e4. \u00c4l\u00e4 irrota merkkej\u00e4 tai etikettej\u00e4 ja s\u00e4ilyt\u00e4 alkuper\u00e4inen pakkaus siihen asti, kun olet p\u00e4\u00e4tt\u00e4nyt pit\u00e4\u00e4 tuotteet. Emme hyv\u00e4ksy tilausty\u00f6n\u00e4 tehtyjen tuotteiden palautuksia.<\/p>\n<p>Kun olet ilmoittanut meille haluavasi palauttaa tuotteita, maksamme sinulle hyvityksen mahdollisimman pian ja viimeist\u00e4\u00e4n 30 p\u00e4iv\u00e4n kuluessa peruutuksestasi. Hyvityst\u00e4 ei kuitenkaan makseta ennen kuin olemme saaneet palautetut tuotteet takaisin varastoomme tai asiakirjan, joka todistaa tuotteiden l\u00e4hetyksen. Palautetut tuotteet ovat sinun vastuullasi siihen asti, kun ne saapuvat varastoomme, joten s\u00e4ilyt\u00e4 kaikki niihin liittyv\u00e4t asiakirjat.<\/p>\n<h3>9. TIETOSUOJAK\u00c4YT\u00c4NT\u00d6<\/h3>\n<p>Kunnioitamme asiakkaittemme yksityisyytt\u00e4. Ker\u00e4\u00e4mme henkil\u00f6tietoja vain, kun l\u00e4het\u00e4t niit\u00e4 ostosi yhteydess\u00e4 tai kun rekister\u00f6idyt uutiskirjeemme saajaksi. Ker\u00e4\u00e4mme erityyppisi\u00e4 tietoja, kuten nimesi, toimitusosoitteesi, puhelinnumerosi, s\u00e4hk\u00f6postiosoitteesi ja sijaintisi. Emme k\u00e4yt\u00e4 antamiasi tietoja ilman nimenomaista lupaa muuhun, kuin tilauksen k\u00e4sittelyyn ja viestint\u00e4\u00e4n kanssasi. Emme anna henkil\u00f6tietokasi eteenp\u00e4in kolmansille osapuolille mihink\u00e4\u00e4n muuhun tarkoitukseen, kuin tilauksesi k\u00e4sittelyyn. Kun rekister\u00f6idyt uutiskirjeen saajaksi, s\u00e4hk\u00f6postiosoitettasi k\u00e4ytet\u00e4\u00e4n mainontatarkoituksiin: ilmoituksiin alennusmyynneist\u00e4, uusista tuotteista ja muista uutisista. Jos p\u00e4\u00e4t\u00e4t perua suostumuksen tietojesi ker\u00e4\u00e4miseen, k\u00e4ytt\u00f6\u00f6n tai julkistamiseen, ota meihin yhteytt\u00e4 osoitteeseen info@alpaka.ee milloin vain.<\/p>\n<p>Huomaa, ett\u00e4 k\u00e4yt\u00e4mme seurantaj\u00e4rjestelmi\u00e4 ja ev\u00e4steit\u00e4 ker\u00e4t\u00e4ksemme tilastotietoja ja ymm\u00e4rt\u00e4\u00e4ksemme, miten asiakkaat k\u00e4ytt\u00e4v\u00e4t sivustoamme. Seurantaj\u00e4rjestelm\u00e4t ker\u00e4\u00e4v\u00e4t tietoja, kuten IP-osoite, selaintyyppi, viitelinkki sek\u00e4 tapahtumatietoja, kuten tuotetiedot, palautus- ja ostotiedot. T\u00e4m\u00e4 auttaa meit\u00e4 parantamaan sivustomme esityst\u00e4 ja antamaan sinulle paremman asiakaskokemuksen. Jatkamalla sivustomme selaamista hyv\u00e4ksyt ev\u00e4steiden k\u00e4yt\u00f6n.<\/p>\n<\/div><\/div><\/div><\/div><\/div><\/div><\/div><\/section>\n","protected":false},"excerpt":{"rendered":"K\u00e4ytt\u00f6ehdot 1. YLEISET EHDOT Kiitos, kun k\u00e4vit sivustolla alpaka-shop.com. T\u00e4m\u00e4n sivuston k\u00e4ytt\u00f6\u00e4 ja tuotteiden tilaamista sivuston kautta koskevat seuraavat ehdot ja muu sovellettava laki. Jos et hyv\u00e4ksy n\u00e4it\u00e4 ehtoja ja s\u00e4\u00e4nt\u00f6j\u00e4, pyyd\u00e4mme sinua olemaan k\u00e4ytt\u00e4m\u00e4tt\u00e4 sivustoamme. Pid\u00e4t\u00e4mme oikeuden muuttaa n\u00e4it\u00e4 ehtoja ja s\u00e4\u00e4nt\u00f6j\u00e4 aika ajoin oman harkintamme mukaan ilman ennakkoilmoitusta. Kaikkia t\u00e4h\u00e4n sivustoon liittyvi\u00e4 asioita...","protected":false},"author":1,"featured_media":0,"parent":0,"menu_order":0,"comment_status":"closed","ping_status":"closed","template":"","meta":{"_acf_changed":false,"footnotes":""},"class_list":["post-4756","page","type-page","status-publish","hentry"],"acf":[],"aioseo_notices":[],"_links":{"self":[{"href":"https:\/\/alpaka-shop.com\/fi\/wp-json\/wp\/v2\/pages\/4756","targetHints":{"allow":["GET"]}}],"collection":[{"href":"https:\/\/alpaka-shop.com\/fi\/wp-json\/wp\/v2\/pages"}],"about":[{"href":"https:\/\/alpaka-shop.com\/fi\/wp-json\/wp\/v2\/types\/page"}],"author":[{"embeddable":true,"href":"https:\/\/alpaka-shop.com\/fi\/wp-json\/wp\/v2\/users\/1"}],"replies":[{"embeddable":true,"href":"https:\/\/alpaka-shop.com\/fi\/wp-json\/wp\/v2\/comments?post=4756"}],"version-history":[{"count":0,"href":"https:\/\/alpaka-shop.com\/fi\/wp-json\/wp\/v2\/pages\/4756\/revisions"}],"wp:attachment":[{"href":"https:\/\/alpaka-shop.com\/fi\/wp-json\/wp\/v2\/media?parent=4756"}],"curies":[{"name":"wp","href":"https:\/\/api.w.org\/{rel}","templated":true}]}}