{"id":4764,"date":"2019-11-25T15:15:22","date_gmt":"2019-11-25T15:15:22","guid":{"rendered":"https:\/\/uus.alpaka-shop.com\/toimitus\/"},"modified":"2020-03-26T13:56:48","modified_gmt":"2020-03-26T13:56:48","slug":"toimitus","status":"publish","type":"page","link":"https:\/\/alpaka-shop.com\/fi\/toimitus\/","title":{"rendered":"Toimitus"},"content":{"rendered":"<section class=\"l-section wpb_row content-page-header height_small\"><div class=\"l-section-h i-cf\"><div class=\"g-cols vc_row via_flex valign_top type_default stacking_default\"><div class=\"vc_col-sm-12 wpb_column vc_column_container\"><div class=\"vc_column-inner\"><div class=\"wpb_wrapper\"><div class=\"wpb_text_column\"><div class=\"wpb_wrapper\"><h1 style=\"text-align: center;\">Toimitus<\/h1>\n<\/div><\/div><\/div><\/div><\/div><\/div><\/div><\/section><section class=\"l-section wpb_row height_small\"><div class=\"l-section-h i-cf\"><div class=\"g-cols vc_row via_flex valign_top type_default stacking_default\"><div class=\"vc_col-sm-12 wpb_column vc_column_container\"><div class=\"vc_column-inner\"><div class=\"wpb_wrapper\"><div class=\"wpb_text_column content-page-text-block\"><div class=\"wpb_wrapper\"><h3>Toimitamme tuotteitamme maailmanlaajuisesti. Toimitus on maksutonta kaikkiin kohteisiin.<\/h3>\n<p>Normaali toimitus on lentopostilla. Yleisesti ottaen tuotteet toimitetaan asiakkaan antamaan osoitteeseen. T\u00e4m\u00e4 ei kuitenkaan ole mahdollista joissakin kohteissa, ja t\u00e4llaisessa tapauksessa tuotteet toimitetaan l\u00e4himp\u00e4\u00e4n postitoimistoon. Otamme sinuun yhteytt\u00e4 etuk\u00e4teen, jos teemme n\u00e4in.<\/p>\n<h3>Toimitusajat<\/h3>\n<p>Toimitusajat vaihtelevat tuotteiden mukaan. Tilauksen tavallinen suoritusaika varastossa oleville tuotteille on noin 2-5 p\u00e4iv\u00e4\u00e4 EU:n alueella ja korkeintaan 3-10 p\u00e4iv\u00e4\u00e4 Euroopan ulkopuolella, kohteesta riippuen. Tilauksen suoritusaika mittatilausty\u00f6n\u00e4 valmistetuille tuotteille on korkeintaan 12 viikkoa EU:n alueella ja korkeintaan 14 viikkoa kaikissa muissa kohteissa. Ota meihin yhteytt\u00e4 saadaksesi tarkempaa tietoa toimitusajoista.<\/p>\n<p>Jos haluamasi tuote on tilap\u00e4isesti loppunut varastosta, me ilmoitamme sinulle viiveest\u00e4 ja odotettavissa olevasta l\u00e4hetysp\u00e4iv\u00e4m\u00e4\u00e4r\u00e4st\u00e4 s\u00e4hk\u00f6postilla. Ilmoitamme sivustolla tuotteen saatavuuden ja siirtym\u00e4ajan, mutta n\u00e4m\u00e4 tiedot tulee katsoa suuntaa-antaviksi eik\u00e4 sitoviksi. Me emme ota vastuuta emmek\u00e4 my\u00f6nn\u00e4 korvauksia toimitusten viiv\u00e4stymisest\u00e4.<\/p>\n<h3>Toimitus EU:n ulkopuolelle<\/h3>\n<p>Huomaa, ett\u00e4 Euroopan unionin ulkopuolelle l\u00e4hetett\u00e4viin tuotteisiin voidaan soveltaa tulleja ja tuontimaksuja. Asiakas on vastuussa t\u00e4llaisista tulimaksuista. Maksut ovat maakohtaisia. Ota yhteytt\u00e4 kohdemaan tullitoimipaikkaan saadaksesi lis\u00e4tietoja sovellettavista tulleista ja tuontiveroista.<\/p>\n<\/div><\/div><\/div><\/div><\/div><\/div><\/div><\/section>\n","protected":false},"excerpt":{"rendered":"Toimitus Toimitamme tuotteitamme maailmanlaajuisesti. Toimitus on maksutonta kaikkiin kohteisiin. Normaali toimitus on lentopostilla. Yleisesti ottaen tuotteet toimitetaan asiakkaan antamaan osoitteeseen. T\u00e4m\u00e4 ei kuitenkaan ole mahdollista joissakin kohteissa, ja t\u00e4llaisessa tapauksessa tuotteet toimitetaan l\u00e4himp\u00e4\u00e4n postitoimistoon. Otamme sinuun yhteytt\u00e4 etuk\u00e4teen, jos teemme n\u00e4in. Toimitusajat Toimitusajat vaihtelevat tuotteiden mukaan. Tilauksen tavallinen suoritusaika varastossa oleville tuotteille on noin 2-5...","protected":false},"author":1,"featured_media":0,"parent":0,"menu_order":0,"comment_status":"closed","ping_status":"closed","template":"","meta":{"_acf_changed":false,"footnotes":""},"class_list":["post-4764","page","type-page","status-publish","hentry"],"acf":[],"aioseo_notices":[],"_links":{"self":[{"href":"https:\/\/alpaka-shop.com\/fi\/wp-json\/wp\/v2\/pages\/4764","targetHints":{"allow":["GET"]}}],"collection":[{"href":"https:\/\/alpaka-shop.com\/fi\/wp-json\/wp\/v2\/pages"}],"about":[{"href":"https:\/\/alpaka-shop.com\/fi\/wp-json\/wp\/v2\/types\/page"}],"author":[{"embeddable":true,"href":"https:\/\/alpaka-shop.com\/fi\/wp-json\/wp\/v2\/users\/1"}],"replies":[{"embeddable":true,"href":"https:\/\/alpaka-shop.com\/fi\/wp-json\/wp\/v2\/comments?post=4764"}],"version-history":[{"count":0,"href":"https:\/\/alpaka-shop.com\/fi\/wp-json\/wp\/v2\/pages\/4764\/revisions"}],"wp:attachment":[{"href":"https:\/\/alpaka-shop.com\/fi\/wp-json\/wp\/v2\/media?parent=4764"}],"curies":[{"name":"wp","href":"https:\/\/api.w.org\/{rel}","templated":true}]}}