{"id":4770,"date":"2019-11-25T15:24:43","date_gmt":"2019-11-25T15:24:43","guid":{"rendered":"https:\/\/uus.alpaka-shop.com\/product-care\/"},"modified":"2020-03-26T14:03:45","modified_gmt":"2020-03-26T14:03:45","slug":"tuotteen-hoito","status":"publish","type":"page","link":"https:\/\/alpaka-shop.com\/fi\/tuotteen-hoito\/","title":{"rendered":"Tuotteen hoito"},"content":{"rendered":"<section class=\"l-section wpb_row content-page-header product-care-page height_small with_img\"><div class=\"l-section-img\" role=\"img\" aria-label=\"Kuva\" data-img-width=\"1280\" data-img-height=\"903\" style=\"background-image: url(https:\/\/alpaka-shop.com\/wp-content\/uploads\/2019\/10\/care1.png);background-position: top right;background-repeat: no-repeat;background-size: auto;\"><\/div><div class=\"l-section-h i-cf\"><div class=\"g-cols vc_row via_flex valign_top type_default stacking_default\"><div class=\"vc_col-sm-12 wpb_column vc_column_container\"><div class=\"vc_column-inner\"><div class=\"wpb_wrapper\"><div class=\"wpb_text_column product-care-text-container\"><div class=\"wpb_wrapper\"><h1>VILLAMALLISTON HOITO-OHJEET<\/h1>\n<p>Kaikki ALPAKA-villakokoelman tuotteet on valmistettu luonnonmateriaaleista. N\u00e4in ollen suosittelemme kuivapesua, sill\u00e4 konepesu voi vahingoittaa tuotteita.<\/p>\n<\/div><\/div><div class=\"w-separator size_medium\"><\/div><div class=\"g-cols wpb_row product-care-container via_flex valign_top type_default stacking_default\"><div class=\"vc_col-sm-4 wpb_column vc_column_container\"><div class=\"vc_column-inner\"><div class=\"wpb_wrapper\"><div class=\"wpb_text_column\"><div class=\"wpb_wrapper\"><h2>Kuivapesu<\/h2>\n<p>K\u00e4yt\u00e4 ammattimaista pesulapalvelua, jolla on kokemusta alpakkavillan k\u00e4sittelyst\u00e4. Kerro pesulapalvelulle mahdollisista tahroista. Pyyd\u00e4 pesulapalvelua k\u00e4ytt\u00e4m\u00e4\u00e4n tuoretta liuotinta matalassa l\u00e4mp\u00f6tilassa ja prosessia, johon ei kuulu rumpukuivausta. Joskus villa voi alkaa nyppyynty\u00e4 (kankaan pintaan voi muodostua pienenpieni\u00e4 nukkapalloja). Kuivapesu voi lis\u00e4t\u00e4 nyppyyntymist\u00e4, mutta pesulapalvelun tulisi poistaa nypyt osana ty\u00f6n viimeistely\u00e4.<\/p>\n<\/div><\/div><\/div><\/div><\/div><div class=\"vc_col-sm-4 wpb_column vc_column_container\"><div class=\"vc_column-inner\"><div class=\"wpb_wrapper\"><div class=\"wpb_text_column\"><div class=\"wpb_wrapper\"><h2>K\u00e4sinpesu<\/h2>\n<p>Jos p\u00e4\u00e4t\u00e4t pest\u00e4 tuotteen k\u00e4sin, k\u00e4yt\u00e4 haaleaa (30 \u00b0C) vett\u00e4 ja eritt\u00e4in mietoa pesuainetta tai villashampoota. \u00c4l\u00e4 koskaan k\u00e4yt\u00e4 klooripohjaista valkaisuainetta. Jos peset useampia kappaleita, suosittelemme samanv\u00e4risten pesemist\u00e4 yhdess\u00e4, etteiv\u00e4t v\u00e4rit p\u00e4\u00e4sisi sekoittumaan pesun aikana. Huuhtele kappaleet niin monta kertaa kuin on tarpeen kaiken pesuaineen tai shampoon pois huuhtelemiseksi. Poista liika vesi painelemalla m\u00e4rk\u00e4\u00e4 kappaletta varovasti. \u00c4l\u00e4 taita tai v\u00e4\u00e4nn\u00e4 pyykki\u00e4.<\/p>\n<p>Kuivata pyykki vaaka-asennossa varjoisassa paikassa. V\u00e4lt\u00e4 venymist\u00e4. Ei saa kuivata kuivausrummussa. Kuiva kappale voidaan tarvittaessa silitt\u00e4\u00e4 matalassa l\u00e4mp\u00f6tilassa. Ennen tuotteen pakkaamista s\u00e4ilytykseen, varmista ett\u00e4 se on t\u00e4ysin kuiva. Suosittelemme kuitenkin s\u00e4\u00e4nn\u00f6llist\u00e4 (vuosittaista) kuivapesua tarvittaessa.<\/p>\n<\/div><\/div><\/div><\/div><\/div><div class=\"vc_col-sm-4 wpb_column vc_column_container\"><div class=\"vc_column-inner\"><div class=\"wpb_wrapper\"><div class=\"wpb_text_column\"><div class=\"wpb_wrapper\"><h2>Silitys<\/h2>\n<p>K\u00e4yt\u00e4 silitysraudan villa-asetusta ja lis\u00e4\u00e4 vett\u00e4. K\u00e4yt\u00e4 aina h\u00f6yrysilityst\u00e4. V\u00e4lt\u00e4 \u00e4\u00e4rimm\u00e4ist\u00e4 painetta ja l\u00e4mp\u00f6tiloja.<\/p>\n<h2>Tahrat<\/h2>\n<p>Suosittelemme kuivapesua itsepintaisten tahrojen poistamiseksi. Konepesu voi vahingoittaa tuotetta.<\/p>\n<\/div><\/div><\/div><\/div><\/div><\/div><div class=\"w-separator size_custom\" style=\"height:40px\"><\/div><\/div><\/div><\/div><\/div><\/div><\/section><section class=\"l-section wpb_row us_custom_6217dcc9 care-wool-bg product-care-page height_small with_img\"><div class=\"l-section-img\" role=\"img\" aria-label=\"Kuva\" data-img-width=\"1280\" data-img-height=\"932\" style=\"background-image: url(https:\/\/alpaka-shop.com\/wp-content\/uploads\/2019\/10\/care2.png);background-position: top right;background-repeat: no-repeat;background-size: auto;\"><\/div><div class=\"l-section-h i-cf\"><div class=\"g-cols vc_row via_flex valign_top type_default stacking_default\"><div class=\"vc_col-sm-12 wpb_column vc_column_container\"><div class=\"vc_column-inner\"><div class=\"wpb_wrapper\"><div class=\"g-cols wpb_row via_flex valign_top type_default stacking_default\"><div class=\"vc_col-sm-12 wpb_column vc_column_container\"><div class=\"vc_column-inner\"><div class=\"wpb_wrapper\"><div class=\"wpb_text_column product-care-text-container\"><div class=\"wpb_wrapper\"><h1>TURKISMALLISTON HOITO-OHJEET<\/h1>\n<p>Kaikki eksklusiiviset ALPAKA-tuotteemme, kuten matot, peitteet ja tyynyt, on valmistettu aidosta alpakan turkiksesta. Kullakin tuotteella on ainutlaatuinen ulkon\u00e4k\u00f6 niin v\u00e4rimuunnelmien kuin alpakkaturkiksen fyysisten ominaisuuksien suhteen.<\/p>\n<p>Jokainen alpakkaturkistuote on erilainen hienon alpakkakuidun laadun takia, joka heijastaa valoa ainutlaatuisen kauniisti. Alpakkaturkiksesta valmistetuista matoista, peitteist\u00e4 ja tyynyist\u00e4 l\u00e4htee aluksi jonkin verran villaa, mik\u00e4 on normaalia. Voit p\u00f6yhi\u00e4 alpakkaturkistuotteita ulkona, jotta irtonaiset karvat l\u00e4htev\u00e4t pois.<\/p>\n<\/div><\/div><\/div><\/div><\/div><\/div><div class=\"w-separator size_medium\"><\/div><div class=\"g-cols wpb_row us_custom_18807001 product-care-container via_flex valign_top type_default stacking_default\"><div class=\"vc_col-sm-4 wpb_column vc_column_container\"><div class=\"vc_column-inner\"><div class=\"wpb_wrapper\"><div class=\"wpb_text_column\"><div class=\"wpb_wrapper\"><h2>Kunnossapito<\/h2>\n<p>Aidosta alpakkaturkiksesta valmistettuja mattoja, peitteit\u00e4 ja tyynyj\u00e4 ei tule s\u00e4ilytt\u00e4\u00e4 kosteissa paikoissa. Vesi ja kosteus vahingoittavat luonnonmateriaaleja. Imuroi alpakkaturkiksesta valmistettuja mattoja ja peitteit\u00e4 s\u00e4\u00e4nn\u00f6llisesti sile\u00e4\u00e4 suutinta k\u00e4ytt\u00e4en. \u00c4l\u00e4 koskaan k\u00e4yt\u00e4 teollisia tai m\u00e4rk\u00e4imureita. Harjaa alpakkaturkistuotteita s\u00e4\u00e4nn\u00f6llisesti, sill\u00e4 se auttaa s\u00e4ilytt\u00e4m\u00e4\u00e4n niiden ulkon\u00e4\u00f6n pidemp\u00e4\u00e4n. Suosittelemme, ett\u00e4 ammattimainen pesupalvelu poistaa vuosittain lian, joka ei l\u00e4hde imuroimalla. Jos haluat lis\u00e4tietoja, ota yhteys ALPAKAAN.<\/p>\n<\/div><\/div><\/div><\/div><\/div><div class=\"vc_col-sm-4 wpb_column vc_column_container\"><div class=\"vc_column-inner\"><div class=\"wpb_wrapper\"><div class=\"wpb_text_column\"><div class=\"wpb_wrapper\"><h2>M\u00e4r\u00e4t tahrat<\/h2>\n<p>K\u00e4sittele m\u00e4r\u00e4t tahrat mahdollisimman pian, etteiv\u00e4t ne p\u00e4\u00e4se kuivumaan. Poista alpakkaturkiksesta nestett\u00e4 pesusienell\u00e4 mahdollisimman paljon, ja taputtele sit\u00e4 sitten valkoisella pyyhkeell\u00e4 tai talous- tai vessapaperilla. Toista sama, kunnes tahra h\u00e4vi\u00e4\u00e4. Taputtele aina tahran reunoilta sen keskustaa kohti, jottei tahra p\u00e4\u00e4se levi\u00e4m\u00e4\u00e4n. Puhdista taputtelemalla, \u00e4l\u00e4 koskaan hankaa alpakkaturkista. Poistettuasi tahrat kuivaa alpakkaturkis huolellisesti hiustenkuivaajalla tai vie se ulos kuivumaan (vain kuivalla s\u00e4\u00e4ll\u00e4).<\/p>\n<\/div><\/div><\/div><\/div><\/div><div class=\"vc_col-sm-4 wpb_column vc_column_container\"><div class=\"vc_column-inner\"><div class=\"wpb_wrapper\"><div class=\"wpb_text_column\"><div class=\"wpb_wrapper\"><h2>Tahrat<\/h2>\n<p>Poimi likaa alpakkaturkiksesta sormillasi. \u00c4l\u00e4 k\u00e4yt\u00e4 ter\u00e4vi\u00e4 esineit\u00e4, jotka voivat vahingoittaa alpakkaturkista. Jos lika l\u00e4htee pois imuroimalla, \u00e4l\u00e4 kastele tahraa. Jos lika ei l\u00e4hde alpakkaturkiksesta imuroimalla, taputtele tahraa m\u00e4r\u00e4ll\u00e4 pesusienell\u00e4 ja k\u00e4sittele tahra M\u00e4r\u00e4t tahrat -kappaleen ohjeiden mukaisesti.<\/p>\n<h2>V\u00e4rit<\/h2>\n<p>\u00c4l\u00e4 j\u00e4t\u00e4 v\u00e4rj\u00e4ttyj\u00e4 alpakkaturkismattoja, -peitteit\u00e4 tai -tyynyj\u00e4 suoraan auringonpaisteeseen pitk\u00e4ksi aikaa, koska se voi vahingoittaa v\u00e4ris\u00e4vyjen ja -muunnelmien ulkon\u00e4k\u00f6\u00e4.<\/p>\n<\/div><\/div><\/div><\/div><\/div><\/div><\/div><\/div><\/div><\/div><\/div><\/section>\n","protected":false},"excerpt":{"rendered":"VILLAMALLISTON HOITO-OHJEET Kaikki ALPAKA-villakokoelman tuotteet on valmistettu luonnonmateriaaleista. N\u00e4in ollen suosittelemme kuivapesua, sill\u00e4 konepesu voi vahingoittaa tuotteita. Kuivapesu K\u00e4yt\u00e4 ammattimaista pesulapalvelua, jolla on kokemusta alpakkavillan k\u00e4sittelyst\u00e4. Kerro pesulapalvelulle mahdollisista tahroista. Pyyd\u00e4 pesulapalvelua k\u00e4ytt\u00e4m\u00e4\u00e4n tuoretta liuotinta matalassa l\u00e4mp\u00f6tilassa ja prosessia, johon ei kuulu rumpukuivausta. Joskus villa voi alkaa nyppyynty\u00e4 (kankaan pintaan voi muodostua pienenpieni\u00e4 nukkapalloja). Kuivapesu...","protected":false},"author":1,"featured_media":0,"parent":0,"menu_order":0,"comment_status":"closed","ping_status":"closed","template":"","meta":{"_acf_changed":false,"footnotes":""},"class_list":["post-4770","page","type-page","status-publish","hentry"],"acf":[],"aioseo_notices":[],"_links":{"self":[{"href":"https:\/\/alpaka-shop.com\/fi\/wp-json\/wp\/v2\/pages\/4770","targetHints":{"allow":["GET"]}}],"collection":[{"href":"https:\/\/alpaka-shop.com\/fi\/wp-json\/wp\/v2\/pages"}],"about":[{"href":"https:\/\/alpaka-shop.com\/fi\/wp-json\/wp\/v2\/types\/page"}],"author":[{"embeddable":true,"href":"https:\/\/alpaka-shop.com\/fi\/wp-json\/wp\/v2\/users\/1"}],"replies":[{"embeddable":true,"href":"https:\/\/alpaka-shop.com\/fi\/wp-json\/wp\/v2\/comments?post=4770"}],"version-history":[{"count":0,"href":"https:\/\/alpaka-shop.com\/fi\/wp-json\/wp\/v2\/pages\/4770\/revisions"}],"wp:attachment":[{"href":"https:\/\/alpaka-shop.com\/fi\/wp-json\/wp\/v2\/media?parent=4770"}],"curies":[{"name":"wp","href":"https:\/\/api.w.org\/{rel}","templated":true}]}}