{"id":4782,"date":"2019-11-25T15:41:56","date_gmt":"2019-11-25T15:41:56","guid":{"rendered":"https:\/\/uus.alpaka-shop.com\/liiketoimintaratkaisut\/"},"modified":"2020-04-14T15:20:44","modified_gmt":"2020-04-14T15:20:44","slug":"liiketoimintaratkaisut","status":"publish","type":"page","link":"https:\/\/alpaka-shop.com\/fi\/liiketoimintaratkaisut\/","title":{"rendered":"Liiketoimintaratkaisut"},"content":{"rendered":"<section class=\"l-section wpb_row content-page-header height_small\"><div class=\"l-section-h i-cf\"><div class=\"g-cols vc_row via_flex valign_top type_default stacking_default\"><div class=\"vc_col-sm-12 wpb_column vc_column_container\"><div class=\"vc_column-inner\"><div class=\"wpb_wrapper\"><div class=\"wpb_text_column us_custom_b2452879\"><div class=\"wpb_wrapper\"><h1 style=\"text-align: center;\">Liiketoimintaratkaisut<\/h1>\n<\/div><\/div><\/div><\/div><\/div><\/div><\/div><\/section><section class=\"l-section wpb_row us_custom_fab4abd9 height_small\"><div class=\"l-section-h i-cf\"><div class=\"g-cols vc_row via_flex valign_top type_default stacking_default\"><div class=\"vc_col-sm-12 wpb_column vc_column_container\"><div class=\"vc_column-inner\"><div class=\"wpb_wrapper\"><div class=\"g-cols wpb_row business-content-block via_flex valign_top type_default stacking_default\"><div class=\"vc_col-sm-6 wpb_column vc_column_container\"><div class=\"vc_column-inner\"><div class=\"wpb_wrapper\"><div class=\"wpb_text_column\"><div class=\"wpb_wrapper\"><p>ALPAKA tarjoaa my\u00f6s laajan tuotevalikoiman yritysasiakkaille, suunnittelijoille, sisustajille, sisustusarkkitehdeille, rakennusurakoitsijoille ja muille tekstiilien kanssa ty\u00f6skenteleville ammattilaisille. Meill\u00e4 on vuosien kokemus mittatilausty\u00f6n\u00e4 tehdyist\u00e4 ylellisist\u00e4 tuotteista hotelleille, huviveneisiin, lentokoneisiin ja yksityishuviloihin.<\/p>\n<\/div><\/div><\/div><\/div><\/div><div class=\"vc_col-sm-6 wpb_column vc_column_container\"><div class=\"vc_column-inner\"><div class=\"wpb_wrapper\"><div class=\"wpb_text_column\"><div class=\"wpb_wrapper\"><p>Tarjoamme mukautettuja ratkaisuja, kuten alpakan villasta ja turkiksesta valmistettuja peitteit\u00e4, s\u00e4ngynpeitteit\u00e4, huopia, tyynynp\u00e4\u00e4llisi\u00e4, tyynyj\u00e4, mattoja, turkisreunaisia peitteit\u00e4, huiveja ja saaleja. Valmistamme tuotteita asiakkaan tarpeiden mukaan ja halutun kokoisina luodaksemme ainutlaatuisen lopputuloksen.<\/p>\n<\/div><\/div><\/div><\/div><\/div><\/div><div class=\"w-btn-wrapper align_center\"><a class=\"w-btn us-btn-style_1 us_custom_9b67850c\" title=\"Contacts &amp; support\" href=\"https:\/\/alpaka-shop.com\/fi\/yhteystiedot-ja-asiakastuki\/\"><span class=\"w-btn-label\">Pyyd\u00e4 hintatarjous<\/span><\/a><\/div><\/div><\/div><\/div><\/div><\/div><\/section><section class=\"l-section wpb_row business-heading height_small\"><div class=\"l-section-h i-cf\"><div class=\"g-cols vc_row via_flex valign_top type_default stacking_default\"><div class=\"vc_col-sm-12 wpb_column vc_column_container\"><div class=\"vc_column-inner\"><div class=\"wpb_wrapper\"><div class=\"wpb_text_column\"><div class=\"wpb_wrapper\"><h2 style=\"text-align: center;\">Meill\u00e4 on vuosien kokemus mittatilausty\u00f6n\u00e4 tehdyist\u00e4 ylellisist\u00e4 tuotteista hotelleille, huviveneisiin, lentokoneisiin ja yksityishuviloihin<\/h2>\n<\/div><\/div><\/div><\/div><\/div><\/div><\/div><\/section><section class=\"l-section wpb_row height_small\"><div class=\"l-section-h i-cf\"><div class=\"g-cols vc_row via_flex valign_top type_default stacking_default\"><div class=\"vc_col-sm-12 wpb_column vc_column_container\"><div class=\"vc_column-inner\"><div class=\"wpb_wrapper\"><div class=\"w-image align_none\"><div class=\"w-image-h\"><img decoding=\"async\" width=\"1400\" height=\"700\" src=\"https:\/\/alpaka-shop.com\/wp-content\/uploads\/2019\/08\/alpaka-business-solutions.jpg\" class=\"attachment-full size-full wvs-archive-product-image\" alt=\"\" loading=\"lazy\" srcset=\"https:\/\/alpaka-shop.com\/wp-content\/uploads\/2019\/08\/alpaka-business-solutions.jpg 1400w, https:\/\/alpaka-shop.com\/wp-content\/uploads\/2019\/08\/alpaka-business-solutions-300x150.jpg 300w, https:\/\/alpaka-shop.com\/wp-content\/uploads\/2019\/08\/alpaka-business-solutions-600x300.jpg 600w, https:\/\/alpaka-shop.com\/wp-content\/uploads\/2019\/08\/alpaka-business-solutions-1024x512.jpg 1024w\" sizes=\"auto, (max-width: 1400px) 100vw, 1400px\" \/><\/div><\/div><\/div><\/div><\/div><\/div><\/div><\/section><section class=\"l-section wpb_row business-solutions height_small\"><div class=\"l-section-h i-cf\"><div class=\"g-cols vc_row via_flex valign_top type_default stacking_default\"><div class=\"vc_col-sm-12 wpb_column vc_column_container\"><div class=\"vc_column-inner\"><div class=\"wpb_wrapper\"><div class=\"g-cols wpb_row via_flex valign_top type_default stacking_default\"><div class=\"vc_col-sm-4 wpb_column vc_column_container\"><div class=\"vc_column-inner\"><div class=\"wpb_wrapper\"><div class=\"wpb_text_column\"><div class=\"wpb_wrapper\"><h3>HOTEL CONSERVATORIUM AMSTERDAM<\/h3>\n<p>Mittatilausty\u00f6n\u00e4 valmistetut baby alpakka -s\u00e4ngynpeitteet 60 huoneeseen<\/p>\n<\/div><\/div><\/div><\/div><\/div><div class=\"vc_col-sm-4 wpb_column vc_column_container\"><div class=\"vc_column-inner\"><div class=\"wpb_wrapper\"><div class=\"wpb_text_column\"><div class=\"wpb_wrapper\"><h3>YKSITYISHENKIL\u00d6N LENTOKONE L\u00c4HI-ID\u00c4SS\u00c4<\/h3>\n<p>300 mittatilausty\u00f6n\u00e4 valmistetut baby alpakka -s\u00e4ngynpeitteet<\/p>\n<\/div><\/div><\/div><\/div><\/div><div class=\"vc_col-sm-4 wpb_column vc_column_container\"><div class=\"vc_column-inner\"><div class=\"wpb_wrapper\"><div class=\"wpb_text_column\"><div class=\"wpb_wrapper\"><h3>PUTIIKKIHOTELLIT ETEL\u00c4-RANSKASSA<\/h3>\n<p>Manoir de Surville, Maison du Passage<\/p>\n<\/div><\/div><\/div><\/div><\/div><\/div><div class=\"w-separator size_custom\" style=\"height:2.8rem\"><\/div><div class=\"g-cols wpb_row via_flex valign_top type_default stacking_default\"><div class=\"vc_col-sm-4 wpb_column vc_column_container\"><div class=\"vc_column-inner\"><div class=\"wpb_wrapper\"><div class=\"wpb_text_column\"><div class=\"wpb_wrapper\"><h3>HOTEL TELEGRAAF TALLINN<\/h3>\n<p>Mittatilausty\u00f6n\u00e4 valmistetut baby alpakka -s\u00e4ngynpeitteet 60 huoneeseen<\/p>\n<\/div><\/div><\/div><\/div><\/div><div class=\"vc_col-sm-4 wpb_column vc_column_container\"><div class=\"vc_column-inner\"><div class=\"wpb_wrapper\"><\/div><\/div><\/div><div class=\"vc_col-sm-4 wpb_column vc_column_container\"><div class=\"vc_column-inner\"><div class=\"wpb_wrapper\"><\/div><\/div><\/div><\/div><\/div><\/div><\/div><\/div><\/div><\/section>\n","protected":false},"excerpt":{"rendered":"Liiketoimintaratkaisut ALPAKA tarjoaa my\u00f6s laajan tuotevalikoiman yritysasiakkaille, suunnittelijoille, sisustajille, sisustusarkkitehdeille, rakennusurakoitsijoille ja muille tekstiilien kanssa ty\u00f6skenteleville ammattilaisille. Meill\u00e4 on vuosien kokemus mittatilausty\u00f6n\u00e4 tehdyist\u00e4 ylellisist\u00e4 tuotteista hotelleille, huviveneisiin, lentokoneisiin ja yksityishuviloihin. Tarjoamme mukautettuja ratkaisuja, kuten alpakan villasta ja turkiksesta valmistettuja peitteit\u00e4, s\u00e4ngynpeitteit\u00e4, huopia, tyynynp\u00e4\u00e4llisi\u00e4, tyynyj\u00e4, mattoja, turkisreunaisia peitteit\u00e4, huiveja ja saaleja. Valmistamme tuotteita asiakkaan tarpeiden mukaan...","protected":false},"author":1,"featured_media":0,"parent":0,"menu_order":0,"comment_status":"closed","ping_status":"closed","template":"","meta":{"_acf_changed":false,"footnotes":""},"class_list":["post-4782","page","type-page","status-publish","hentry"],"acf":[],"aioseo_notices":[],"_links":{"self":[{"href":"https:\/\/alpaka-shop.com\/fi\/wp-json\/wp\/v2\/pages\/4782","targetHints":{"allow":["GET"]}}],"collection":[{"href":"https:\/\/alpaka-shop.com\/fi\/wp-json\/wp\/v2\/pages"}],"about":[{"href":"https:\/\/alpaka-shop.com\/fi\/wp-json\/wp\/v2\/types\/page"}],"author":[{"embeddable":true,"href":"https:\/\/alpaka-shop.com\/fi\/wp-json\/wp\/v2\/users\/1"}],"replies":[{"embeddable":true,"href":"https:\/\/alpaka-shop.com\/fi\/wp-json\/wp\/v2\/comments?post=4782"}],"version-history":[{"count":0,"href":"https:\/\/alpaka-shop.com\/fi\/wp-json\/wp\/v2\/pages\/4782\/revisions"}],"wp:attachment":[{"href":"https:\/\/alpaka-shop.com\/fi\/wp-json\/wp\/v2\/media?parent=4782"}],"curies":[{"name":"wp","href":"https:\/\/api.w.org\/{rel}","templated":true}]}}