{"id":6241,"date":"2019-11-26T19:06:39","date_gmt":"2019-11-26T19:06:39","guid":{"rendered":"https:\/\/uus.alpaka-shop.com\/tuotteet-jakelijoiden-tuotemerkeilla\/"},"modified":"2020-04-14T15:32:43","modified_gmt":"2020-04-14T15:32:43","slug":"tuotteet-jakelijoiden-tuotemerkeilla","status":"publish","type":"page","link":"https:\/\/alpaka-shop.com\/fi\/tuotteet-jakelijoiden-tuotemerkeilla\/","title":{"rendered":"Tuotteet jakelijoiden tuotemerkeill\u00e4"},"content":{"rendered":"<section class=\"l-section wpb_row content-page-header height_small\"><div class=\"l-section-h i-cf\"><div class=\"g-cols vc_row via_flex valign_top type_default stacking_default\"><div class=\"vc_col-sm-12 wpb_column vc_column_container\"><div class=\"vc_column-inner\"><div class=\"wpb_wrapper\"><div class=\"wpb_text_column\"><div class=\"wpb_wrapper\"><h1 style=\"text-align: center;\">Tuotteet jakelijoiden tuotemerkeill\u00e4<\/h1>\n<\/div><\/div><\/div><\/div><\/div><\/div><\/div><\/section><section class=\"l-section wpb_row content-page-text-block private-label-product-container height_small\"><div class=\"l-section-h i-cf\"><div class=\"g-cols vc_row via_flex valign_top type_default stacking_default\"><div class=\"vc_col-sm-12 wpb_column vc_column_container\"><div class=\"vc_column-inner\"><div class=\"wpb_wrapper\"><div class=\"wpb_text_column us_custom_15f9d3f2\"><div class=\"wpb_wrapper\"><p style=\"text-align: center;\">Valmistamme tuotteita alpakan villasta ja turkiksesta my\u00f6s jakelijoiden tuotemerkeill\u00e4 useille tunnetuille kansainv\u00e4lisille sisustus- ja muotituotemerkeille.<br \/>\nOta meihin yhteytt\u00e4 saadaksesi tietoa hinnoista, v\u00e4himm\u00e4ism\u00e4\u00e4rist\u00e4 ja muista ehdoista.<\/p>\n<\/div><\/div><div class=\"w-btn-wrapper align_center\"><a class=\"w-btn us-btn-style_1 us_custom_841f3bdb\" title=\"Contacts &amp; support\" href=\"https:\/\/alpaka-shop.com\/fi\/yhteystiedot-ja-asiakastuki\/\"><span class=\"w-btn-label\">Pyyd\u00e4 hintatarjous<\/span><\/a><\/div><\/div><\/div><\/div><\/div><\/div><\/section>\n","protected":false},"excerpt":{"rendered":"Tuotteet jakelijoiden tuotemerkeill\u00e4 Valmistamme tuotteita alpakan villasta ja turkiksesta my\u00f6s jakelijoiden tuotemerkeill\u00e4 useille tunnetuille kansainv\u00e4lisille sisustus- ja muotituotemerkeille. Ota meihin yhteytt\u00e4 saadaksesi tietoa hinnoista, v\u00e4himm\u00e4ism\u00e4\u00e4rist\u00e4 ja muista ehdoista. Pyyd\u00e4 hintatarjous","protected":false},"author":1,"featured_media":0,"parent":0,"menu_order":0,"comment_status":"closed","ping_status":"closed","template":"","meta":{"_acf_changed":false,"footnotes":""},"class_list":["post-6241","page","type-page","status-publish","hentry"],"acf":[],"aioseo_notices":[],"_links":{"self":[{"href":"https:\/\/alpaka-shop.com\/fi\/wp-json\/wp\/v2\/pages\/6241","targetHints":{"allow":["GET"]}}],"collection":[{"href":"https:\/\/alpaka-shop.com\/fi\/wp-json\/wp\/v2\/pages"}],"about":[{"href":"https:\/\/alpaka-shop.com\/fi\/wp-json\/wp\/v2\/types\/page"}],"author":[{"embeddable":true,"href":"https:\/\/alpaka-shop.com\/fi\/wp-json\/wp\/v2\/users\/1"}],"replies":[{"embeddable":true,"href":"https:\/\/alpaka-shop.com\/fi\/wp-json\/wp\/v2\/comments?post=6241"}],"version-history":[{"count":0,"href":"https:\/\/alpaka-shop.com\/fi\/wp-json\/wp\/v2\/pages\/6241\/revisions"}],"wp:attachment":[{"href":"https:\/\/alpaka-shop.com\/fi\/wp-json\/wp\/v2\/media?parent=6241"}],"curies":[{"name":"wp","href":"https:\/\/api.w.org\/{rel}","templated":true}]}}