{"id":10276,"date":"2019-10-25T11:06:53","date_gmt":"2019-10-25T11:06:53","guid":{"rendered":"https:\/\/uus.alpaka-shop.com\/product\/yaku-rug\/"},"modified":"2026-04-01T15:00:05","modified_gmt":"2026-04-01T12:00:05","slug":"yaku-matot","status":"publish","type":"product","link":"https:\/\/alpaka-shop.com\/fi\/yaku-matot\/","title":{"rendered":"Yaku matot"},"content":{"rendered":"","protected":false},"excerpt":{"rendered":"<p>Yaku matot valmistetaan pitk\u00e4karvaisimmasta ja silkkisimm\u00e4st\u00e4 alpakkaturkiksesta. Yaku tarkoittaa &#8221;vett\u00e4&#8221; Etel\u00e4-Amerikassa puhuttavalla Quechuan kielell\u00e4, ja maton turkiksen sis\u00e4ll\u00e4 on ilmaa kuin pehme\u00e4n\u00e4 tyynyn\u00e4, joka tuntuu lempe\u00e4lt\u00e4 tuulenvireelt\u00e4 jalkojesi alla astuessasi matolle. Se tuntuu uhmaavan painovoimaa ja nostavan sinua yl\u00f6sp\u00e4in. Kunkin maton ulkon\u00e4k\u00f6 on yksil\u00f6llinen, ja luonnonmateriaalien takia pieni\u00e4 eroja voi ilmet\u00e4 v\u00e4riss\u00e4 ja kuidun pituudessa. Kaikki Yaku matot heijastavat valoa kauniilla ja yll\u00e4tt\u00e4v\u00e4ll\u00e4 tavalla saaden aikaan upean yksil\u00f6llisen ilmeen kaikkiin sisustuksiin.<\/p>\n<p>Kaikki alpakkamatot on valmistettu julmuuden-vapaasta alpakkaturkiksesta, mik\u00e4 tarkoittaa ett\u00e4 el\u00e4imi\u00e4 ei ole satutettu tai kaltoinkohdeltu niiden valmistuksessa. Alpakat ovat liian arvokkaita villael\u00e4imi\u00e4 tapettaviksi turkiksensa t\u00e4hden. K\u00e4yt\u00e4mme vain luonnollisista syist\u00e4 kuolleiden el\u00e4inten taljoja, joten voit nauttia ylellisest\u00e4 pehmeydest\u00e4 hyv\u00e4ll\u00e4 omallatunnolla.<\/p>\n<p>MATERIAALI<br \/>\n<strong>Etuosa: alpakkaturkis<\/strong><br \/>\n<strong>Takaosa: \u00d6KO-TEX-sertifioitu liukueste ja nahkareunus<\/strong><br \/>\n<strong>T\u00e4yte: pehment\u00e4v\u00e4 ja l\u00e4mp\u00f6\u00e4 sitova vanu<\/strong><\/p>\n<p><strong>Tuotteesta voi irrota aluksi hieman villaa, mik\u00e4 on normaalia. Voit p\u00f6yhi\u00e4 mattoa ulkona, jotta irtonaiset kuidut irtoaisivat.<\/strong><\/p>\n<p>MUKAUTETUN MUOTOISET JA KOKOISET MATOT<br \/>\n<strong>Jos et l\u00f6yd\u00e4 haluamasi kokoista mattoa, ota meihin yhteytt\u00e4 saadaksesi mittatilausty\u00f6n\u00e4 tehtyjen mattojen hintatarjouksen ja toimitustiedot!<\/strong><\/p>\n","protected":false},"featured_media":48148,"template":"","meta":{"_acf_changed":false},"product_brand":[],"product_cat":[124],"product_tag":[],"product_shipping_class":[],"pa_soft-wrap-cardigan":[],"class_list":{"0":"post-10276","1":"product","2":"type-product","3":"status-publish","4":"has-post-thumbnail","6":"product_cat-matot","8":"first","9":"instock","10":"taxable","11":"shipping-taxable","12":"purchasable","13":"product-type-variable","14":"has-default-attributes","15":"wvs-archive-product-wrapper"},"bundled_by":[],"bundle_stock_status":"instock","bundle_stock_quantity":null,"bundle_virtual":false,"bundle_layout":"","bundle_add_to_cart_form_location":"","bundle_editable_in_cart":false,"bundle_sold_individually_context":"","bundle_item_grouping":"","bundle_min_size":"","bundle_max_size":"","bundle_price":[],"bundled_items":[],"bundle_sell_ids":[],"acf":[],"aioseo_notices":[],"_links":{"self":[{"href":"https:\/\/alpaka-shop.com\/fi\/wp-json\/wp\/v2\/product\/10276","targetHints":{"allow":["GET"]}}],"collection":[{"href":"https:\/\/alpaka-shop.com\/fi\/wp-json\/wp\/v2\/product"}],"about":[{"href":"https:\/\/alpaka-shop.com\/fi\/wp-json\/wp\/v2\/types\/product"}],"wp:featuredmedia":[{"embeddable":true,"href":"https:\/\/alpaka-shop.com\/fi\/wp-json\/wp\/v2\/media\/48148"}],"wp:attachment":[{"href":"https:\/\/alpaka-shop.com\/fi\/wp-json\/wp\/v2\/media?parent=10276"}],"wp:term":[{"taxonomy":"product_brand","embeddable":true,"href":"https:\/\/alpaka-shop.com\/fi\/wp-json\/wp\/v2\/product_brand?post=10276"},{"taxonomy":"product_cat","embeddable":true,"href":"https:\/\/alpaka-shop.com\/fi\/wp-json\/wp\/v2\/product_cat?post=10276"},{"taxonomy":"product_tag","embeddable":true,"href":"https:\/\/alpaka-shop.com\/fi\/wp-json\/wp\/v2\/product_tag?post=10276"},{"taxonomy":"product_shipping_class","embeddable":true,"href":"https:\/\/alpaka-shop.com\/fi\/wp-json\/wp\/v2\/product_shipping_class?post=10276"},{"taxonomy":"pa_soft-wrap-cardigan","embeddable":true,"href":"https:\/\/alpaka-shop.com\/fi\/wp-json\/wp\/v2\/pa_soft-wrap-cardigan?post=10276"}],"curies":[{"name":"wp","href":"https:\/\/api.w.org\/{rel}","templated":true}]}}