{"id":10466,"date":"2020-03-28T13:00:09","date_gmt":"2019-10-08T13:00:09","guid":{"rendered":"https:\/\/uus.alpaka-shop.com\/product\/classical-cable-sweater\/"},"modified":"2025-07-01T09:30:23","modified_gmt":"2025-07-01T06:30:23","slug":"klassinen-palmikkoneulepusero","status":"publish","type":"product","link":"https:\/\/alpaka-shop.com\/fi\/klassinen-palmikkoneulepusero\/","title":{"rendered":"Klassinen palmikkoneulepusero"},"content":{"rendered":"","protected":false},"excerpt":{"rendered":"<p>Ajaton palmikkoneulepusero on kest\u00e4v\u00e4\u00e4 ylellisyytt\u00e4. T\u00e4ss\u00e4 kevyemm\u00e4ss\u00e4 alpakkaneuleessa on hoikka malli ja hienoiset joustinneulereunukset. K\u00e4yt\u00e4 kauluspaidan p\u00e4\u00e4ll\u00e4 tai yhdist\u00e4 rennon huolitellusti T-paitaan. Minimalistinen malli, joka toimii kaikenlaisten asukokonaisuuksien kanssa. Klassisen maskuliininen v\u00e4ripaletti.<\/p>\n<p>MATERIAL<br \/>\n<strong>100% baby alpakka<\/strong><\/p>\n<p>PAKKAUS<br \/>\n<strong>lahjalaatikko<\/strong><\/p>\n","protected":false},"featured_media":9148,"template":"","meta":{"_acf_changed":false},"product_brand":[],"product_cat":[87],"product_tag":[],"product_shipping_class":[],"pa_soft-wrap-cardigan":[],"class_list":{"0":"post-10466","1":"product","2":"type-product","3":"status-publish","4":"has-post-thumbnail","6":"product_cat-uncategorized-fi","8":"first","9":"outofstock","10":"taxable","11":"shipping-taxable","12":"purchasable","13":"product-type-variable","14":"has-default-attributes","15":"wvs-archive-product-wrapper"},"bundled_by":[],"bundle_stock_status":"outofstock","bundle_stock_quantity":null,"bundle_virtual":false,"bundle_layout":"","bundle_add_to_cart_form_location":"","bundle_editable_in_cart":false,"bundle_sold_individually_context":"","bundle_item_grouping":"","bundle_min_size":"","bundle_max_size":"","bundle_price":[],"bundled_items":[],"bundle_sell_ids":[],"acf":[],"aioseo_notices":[],"_links":{"self":[{"href":"https:\/\/alpaka-shop.com\/fi\/wp-json\/wp\/v2\/product\/10466","targetHints":{"allow":["GET"]}}],"collection":[{"href":"https:\/\/alpaka-shop.com\/fi\/wp-json\/wp\/v2\/product"}],"about":[{"href":"https:\/\/alpaka-shop.com\/fi\/wp-json\/wp\/v2\/types\/product"}],"wp:featuredmedia":[{"embeddable":true,"href":"https:\/\/alpaka-shop.com\/fi\/wp-json\/wp\/v2\/media\/9148"}],"wp:attachment":[{"href":"https:\/\/alpaka-shop.com\/fi\/wp-json\/wp\/v2\/media?parent=10466"}],"wp:term":[{"taxonomy":"product_brand","embeddable":true,"href":"https:\/\/alpaka-shop.com\/fi\/wp-json\/wp\/v2\/product_brand?post=10466"},{"taxonomy":"product_cat","embeddable":true,"href":"https:\/\/alpaka-shop.com\/fi\/wp-json\/wp\/v2\/product_cat?post=10466"},{"taxonomy":"product_tag","embeddable":true,"href":"https:\/\/alpaka-shop.com\/fi\/wp-json\/wp\/v2\/product_tag?post=10466"},{"taxonomy":"product_shipping_class","embeddable":true,"href":"https:\/\/alpaka-shop.com\/fi\/wp-json\/wp\/v2\/product_shipping_class?post=10466"},{"taxonomy":"pa_soft-wrap-cardigan","embeddable":true,"href":"https:\/\/alpaka-shop.com\/fi\/wp-json\/wp\/v2\/pa_soft-wrap-cardigan?post=10466"}],"curies":[{"name":"wp","href":"https:\/\/api.w.org\/{rel}","templated":true}]}}