{"id":18336,"date":"2020-09-10T09:43:21","date_gmt":"2020-09-10T09:58:41","guid":{"rendered":"https:\/\/alpaka-shop.com\/?post_type=product&#038;p=18336"},"modified":"2026-04-14T13:00:05","modified_gmt":"2026-04-14T10:00:05","slug":"torkkupeitto-classic-tartan","status":"publish","type":"product","link":"https:\/\/alpaka-shop.com\/fi\/torkkupeitto-classic-tartan\/","title":{"rendered":"Torkkupeitto Classic Tartan"},"content":{"rendered":"","protected":false},"excerpt":{"rendered":"<p>T\u00e4m\u00e4 torkkupeitto on paitsi eritt\u00e4in pehme\u00e4, mutta my\u00f6s tarpeeksi paksu suojaamaan sinua kylm\u00e4lt\u00e4 viile\u00e4mpin\u00e4 hetkin\u00e4. Kaksiv\u00e4riset ruudut ovat saanut inspiraatiota geometrian loputtomista mahdollisuuksista &#8211; ruudut ja vaatimaton geometria luovat siistit ja yksinkertaiset kuviot, jotka n\u00e4ytt\u00e4v\u00e4t hyv\u00e4lt\u00e4 kaikissa interi\u00f6\u00f6reissa. L\u00e4mmin ja pehme\u00e4 alpakan, villan ja akryylin sekoitus tekee t\u00e4st\u00e4 huopasta lempe\u00e4n kosketukselle, helposti hoidettavan ja kodikkaan.<\/p>\n<p>MATERIAALI<br \/>\n<strong>40% uusio-alpakka, 45% villa, 15% akryyli<\/strong><\/p>\n<p>&nbsp;<\/p>\n<p>Koska kaikki torkkupeittomme on valmistettu luonnonkuiduista, jonkin verran kuitujen irtoamista on normaalia.<\/p>\n<p><strong>\u00a0<\/strong><\/p>\n","protected":false},"featured_media":50200,"template":"","meta":{"_acf_changed":false},"product_brand":[],"product_cat":[106],"product_tag":[],"product_shipping_class":[],"pa_soft-wrap-cardigan":[],"class_list":{"0":"post-18336","1":"product","2":"type-product","3":"status-publish","4":"has-post-thumbnail","6":"product_cat-peitteet","8":"first","9":"outofstock","10":"taxable","11":"shipping-taxable","12":"purchasable","13":"product-type-variable","14":"has-default-attributes","15":"wvs-archive-product-wrapper"},"bundled_by":[],"bundle_stock_status":"outofstock","bundle_stock_quantity":null,"bundle_virtual":false,"bundle_layout":"","bundle_add_to_cart_form_location":"","bundle_editable_in_cart":false,"bundle_sold_individually_context":"","bundle_item_grouping":"","bundle_min_size":"","bundle_max_size":"","bundle_price":[],"bundled_items":[],"bundle_sell_ids":[],"acf":[],"aioseo_notices":[],"_links":{"self":[{"href":"https:\/\/alpaka-shop.com\/fi\/wp-json\/wp\/v2\/product\/18336","targetHints":{"allow":["GET"]}}],"collection":[{"href":"https:\/\/alpaka-shop.com\/fi\/wp-json\/wp\/v2\/product"}],"about":[{"href":"https:\/\/alpaka-shop.com\/fi\/wp-json\/wp\/v2\/types\/product"}],"wp:featuredmedia":[{"embeddable":true,"href":"https:\/\/alpaka-shop.com\/fi\/wp-json\/wp\/v2\/media\/50200"}],"wp:attachment":[{"href":"https:\/\/alpaka-shop.com\/fi\/wp-json\/wp\/v2\/media?parent=18336"}],"wp:term":[{"taxonomy":"product_brand","embeddable":true,"href":"https:\/\/alpaka-shop.com\/fi\/wp-json\/wp\/v2\/product_brand?post=18336"},{"taxonomy":"product_cat","embeddable":true,"href":"https:\/\/alpaka-shop.com\/fi\/wp-json\/wp\/v2\/product_cat?post=18336"},{"taxonomy":"product_tag","embeddable":true,"href":"https:\/\/alpaka-shop.com\/fi\/wp-json\/wp\/v2\/product_tag?post=18336"},{"taxonomy":"product_shipping_class","embeddable":true,"href":"https:\/\/alpaka-shop.com\/fi\/wp-json\/wp\/v2\/product_shipping_class?post=18336"},{"taxonomy":"pa_soft-wrap-cardigan","embeddable":true,"href":"https:\/\/alpaka-shop.com\/fi\/wp-json\/wp\/v2\/pa_soft-wrap-cardigan?post=18336"}],"curies":[{"name":"wp","href":"https:\/\/api.w.org\/{rel}","templated":true}]}}