{"id":18516,"date":"2020-09-15T09:17:43","date_gmt":"2020-09-15T06:17:43","guid":{"rendered":"https:\/\/alpaka-shop.com\/?post_type=product&#038;p=18516"},"modified":"2026-04-14T14:00:06","modified_gmt":"2026-04-14T11:00:06","slug":"huivi-royal-fishbone-2","status":"publish","type":"product","link":"https:\/\/alpaka-shop.com\/fi\/huivi-royal-fishbone-2\/","title":{"rendered":"Huivi Royal Fishbone"},"content":{"rendered":"","protected":false},"excerpt":{"rendered":"<p>Huivi Royal Fishbone on valmistettu korkealaatuisesta baby alpakan villasta ja sopii erinomaisesti herk\u00e4lle iholle. Kalanruoto kuvio antaa huiville ylellisen ilmen ja on helppo yhdist\u00e4\u00e4 mink\u00e4 tahansa kanssa vaatekaappissasi. T\u00e4ll\u00e4 kauneudella on sek\u00e4 l\u00e4mp\u00f6\u00e4 ett\u00e4 pehmeytt\u00e4. Pakene tavallisesta ja koe elinik\u00e4inen ylellisyys, miss\u00e4 on silkkim\u00e4inen kosketus l\u00e4mpimi\u00e4 tunteita.<\/p>\n<p>MATERIAALI<br \/>\n<strong>100% royal baby alpakka<\/strong><\/p>\n<p>PAKKAUS<\/p>\n<p><strong>\u00a0lahjalaatikko<\/strong><\/p>\n","protected":false},"featured_media":18428,"template":"","meta":{"_acf_changed":false},"product_brand":[],"product_cat":[104,68],"product_tag":[],"product_shipping_class":[],"pa_soft-wrap-cardigan":[],"class_list":{"0":"post-18516","1":"product","2":"type-product","3":"status-publish","4":"has-post-thumbnail","6":"product_cat-huivit-ja-saalit-fi","7":"product_cat-miehet","9":"first","10":"instock","11":"taxable","12":"shipping-taxable","13":"purchasable","14":"product-type-variable","15":"has-default-attributes","16":"wvs-archive-product-wrapper"},"bundled_by":[],"bundle_stock_status":"instock","bundle_stock_quantity":null,"bundle_virtual":false,"bundle_layout":"","bundle_add_to_cart_form_location":"","bundle_editable_in_cart":false,"bundle_sold_individually_context":"","bundle_item_grouping":"","bundle_min_size":"","bundle_max_size":"","bundle_price":[],"bundled_items":[],"bundle_sell_ids":[],"acf":[],"aioseo_notices":[],"_links":{"self":[{"href":"https:\/\/alpaka-shop.com\/fi\/wp-json\/wp\/v2\/product\/18516","targetHints":{"allow":["GET"]}}],"collection":[{"href":"https:\/\/alpaka-shop.com\/fi\/wp-json\/wp\/v2\/product"}],"about":[{"href":"https:\/\/alpaka-shop.com\/fi\/wp-json\/wp\/v2\/types\/product"}],"wp:featuredmedia":[{"embeddable":true,"href":"https:\/\/alpaka-shop.com\/fi\/wp-json\/wp\/v2\/media\/18428"}],"wp:attachment":[{"href":"https:\/\/alpaka-shop.com\/fi\/wp-json\/wp\/v2\/media?parent=18516"}],"wp:term":[{"taxonomy":"product_brand","embeddable":true,"href":"https:\/\/alpaka-shop.com\/fi\/wp-json\/wp\/v2\/product_brand?post=18516"},{"taxonomy":"product_cat","embeddable":true,"href":"https:\/\/alpaka-shop.com\/fi\/wp-json\/wp\/v2\/product_cat?post=18516"},{"taxonomy":"product_tag","embeddable":true,"href":"https:\/\/alpaka-shop.com\/fi\/wp-json\/wp\/v2\/product_tag?post=18516"},{"taxonomy":"product_shipping_class","embeddable":true,"href":"https:\/\/alpaka-shop.com\/fi\/wp-json\/wp\/v2\/product_shipping_class?post=18516"},{"taxonomy":"pa_soft-wrap-cardigan","embeddable":true,"href":"https:\/\/alpaka-shop.com\/fi\/wp-json\/wp\/v2\/pa_soft-wrap-cardigan?post=18516"}],"curies":[{"name":"wp","href":"https:\/\/api.w.org\/{rel}","templated":true}]}}