{"id":19490,"date":"2020-10-26T13:35:19","date_gmt":"2020-10-26T13:38:10","guid":{"rendered":"https:\/\/alpaka-shop.com\/?post_type=product&#038;p=19490"},"modified":"2026-04-10T10:00:17","modified_gmt":"2026-04-10T07:00:17","slug":"exclusive-kalanruotoneulehuivi-miehet","status":"publish","type":"product","link":"https:\/\/alpaka-shop.com\/fi\/exclusive-kalanruotoneulehuivi-miehet\/","title":{"rendered":"Exclusive kalanruoto-huivi"},"content":{"rendered":"","protected":false},"excerpt":{"rendered":"<p>T\u00e4m\u00e4 eritt\u00e4in l\u00e4mmin ja pehme\u00e4 huivi on my\u00f6s ihoyst\u00e4v\u00e4llinen. Kalanruotokuvio sopii kaikkiin asukokonaisuuksiin ja on t\u00e4ydellinen tyylins\u00e4 tuntevalle asiakkaalle. Kaksiv\u00e4riset huivit ovat pohjoismaiden luonnon rikkaiden ja maanl\u00e4heisten v\u00e4rien innoittamia, mink\u00e4 ansiosta niit\u00e4 on helppo yhdistell\u00e4. Koe elinik\u00e4ist\u00e4 ylellisyytt\u00e4 t\u00e4ynn\u00e4 mit\u00e4 l\u00e4mpimimpi\u00e4 tunteita.<\/p>\n<p>MATERIAALI<br \/>\n<strong>100% baby alpakka<\/strong><\/p>\n<p>PAKKAUS<strong><br \/>\nlahjalaatikko<\/strong><\/p>\n<p>&nbsp;<\/p>\n","protected":false},"featured_media":52365,"template":"","meta":{"_acf_changed":false},"product_brand":[],"product_cat":[104,68],"product_tag":[],"product_shipping_class":[],"pa_soft-wrap-cardigan":[],"class_list":{"0":"post-19490","1":"product","2":"type-product","3":"status-publish","4":"has-post-thumbnail","6":"product_cat-huivit-ja-saalit-fi","7":"product_cat-miehet","9":"first","10":"instock","11":"taxable","12":"shipping-taxable","13":"purchasable","14":"product-type-variable","15":"has-default-attributes","16":"wvs-archive-product-wrapper"},"bundled_by":[],"bundle_stock_status":"instock","bundle_stock_quantity":null,"bundle_virtual":false,"bundle_layout":"","bundle_add_to_cart_form_location":"","bundle_editable_in_cart":false,"bundle_sold_individually_context":"","bundle_item_grouping":"","bundle_min_size":"","bundle_max_size":"","bundle_price":[],"bundled_items":[],"bundle_sell_ids":[],"acf":[],"aioseo_notices":[],"_links":{"self":[{"href":"https:\/\/alpaka-shop.com\/fi\/wp-json\/wp\/v2\/product\/19490","targetHints":{"allow":["GET"]}}],"collection":[{"href":"https:\/\/alpaka-shop.com\/fi\/wp-json\/wp\/v2\/product"}],"about":[{"href":"https:\/\/alpaka-shop.com\/fi\/wp-json\/wp\/v2\/types\/product"}],"wp:featuredmedia":[{"embeddable":true,"href":"https:\/\/alpaka-shop.com\/fi\/wp-json\/wp\/v2\/media\/52365"}],"wp:attachment":[{"href":"https:\/\/alpaka-shop.com\/fi\/wp-json\/wp\/v2\/media?parent=19490"}],"wp:term":[{"taxonomy":"product_brand","embeddable":true,"href":"https:\/\/alpaka-shop.com\/fi\/wp-json\/wp\/v2\/product_brand?post=19490"},{"taxonomy":"product_cat","embeddable":true,"href":"https:\/\/alpaka-shop.com\/fi\/wp-json\/wp\/v2\/product_cat?post=19490"},{"taxonomy":"product_tag","embeddable":true,"href":"https:\/\/alpaka-shop.com\/fi\/wp-json\/wp\/v2\/product_tag?post=19490"},{"taxonomy":"product_shipping_class","embeddable":true,"href":"https:\/\/alpaka-shop.com\/fi\/wp-json\/wp\/v2\/product_shipping_class?post=19490"},{"taxonomy":"pa_soft-wrap-cardigan","embeddable":true,"href":"https:\/\/alpaka-shop.com\/fi\/wp-json\/wp\/v2\/pa_soft-wrap-cardigan?post=19490"}],"curies":[{"name":"wp","href":"https:\/\/api.w.org\/{rel}","templated":true}]}}