{"id":20347,"date":"2020-11-27T16:10:53","date_gmt":"2020-11-27T14:10:53","guid":{"rendered":"https:\/\/alpaka-shop.com\/?post_type=product&#038;p=20347"},"modified":"2026-03-11T09:13:04","modified_gmt":"2026-03-11T07:13:04","slug":"baby-alpakan-villasta-paapanta","status":"publish","type":"product","link":"https:\/\/alpaka-shop.com\/fi\/baby-alpakan-villasta-paapanta\/","title":{"rendered":"Baby alpakan villasta p\u00e4\u00e4panta"},"content":{"rendered":"","protected":false},"excerpt":{"rendered":"<p>Valmistettu baby alpakan villasta, joka on luonnollisesti erist\u00e4v\u00e4, l\u00e4mp\u00f6tilaa s\u00e4\u00e4telev\u00e4 ja uskomattoman pehme\u00e4. T\u00e4m\u00e4 kevyt ja silkkinen pehme\u00e4 p\u00e4\u00e4panta on hohdokas vaihtoehto kaikenlaiseen ulkoiluun. Luonnonv\u00e4rivalikoima t\u00e4ydent\u00e4\u00e4 mit\u00e4 tahansa sinun vaatekaapissasi.<\/p>\n<p>&nbsp;<\/p>\n<p>MATERIAALI<\/p>\n<p><strong>100% baby alpakka<\/strong><\/p>\n<p>&nbsp;<\/p>\n","protected":false},"featured_media":54206,"template":"","meta":{"_acf_changed":false},"product_brand":[],"product_cat":[63,101,2585],"product_tag":[],"product_shipping_class":[],"pa_soft-wrap-cardigan":[],"class_list":{"0":"post-20347","1":"product","2":"type-product","3":"status-publish","4":"has-post-thumbnail","6":"product_cat-naiset","7":"product_cat-paahineet","8":"product_cat-paanauhat","10":"first","11":"instock","12":"taxable","13":"shipping-taxable","14":"purchasable","15":"product-type-variable","16":"has-default-attributes","17":"wvs-archive-product-wrapper"},"bundled_by":[],"bundle_stock_status":"instock","bundle_stock_quantity":null,"bundle_virtual":false,"bundle_layout":"","bundle_add_to_cart_form_location":"","bundle_editable_in_cart":false,"bundle_sold_individually_context":"","bundle_item_grouping":"","bundle_min_size":"","bundle_max_size":"","bundle_price":[],"bundled_items":[],"bundle_sell_ids":[],"acf":[],"aioseo_notices":[],"_links":{"self":[{"href":"https:\/\/alpaka-shop.com\/fi\/wp-json\/wp\/v2\/product\/20347","targetHints":{"allow":["GET"]}}],"collection":[{"href":"https:\/\/alpaka-shop.com\/fi\/wp-json\/wp\/v2\/product"}],"about":[{"href":"https:\/\/alpaka-shop.com\/fi\/wp-json\/wp\/v2\/types\/product"}],"wp:featuredmedia":[{"embeddable":true,"href":"https:\/\/alpaka-shop.com\/fi\/wp-json\/wp\/v2\/media\/54206"}],"wp:attachment":[{"href":"https:\/\/alpaka-shop.com\/fi\/wp-json\/wp\/v2\/media?parent=20347"}],"wp:term":[{"taxonomy":"product_brand","embeddable":true,"href":"https:\/\/alpaka-shop.com\/fi\/wp-json\/wp\/v2\/product_brand?post=20347"},{"taxonomy":"product_cat","embeddable":true,"href":"https:\/\/alpaka-shop.com\/fi\/wp-json\/wp\/v2\/product_cat?post=20347"},{"taxonomy":"product_tag","embeddable":true,"href":"https:\/\/alpaka-shop.com\/fi\/wp-json\/wp\/v2\/product_tag?post=20347"},{"taxonomy":"product_shipping_class","embeddable":true,"href":"https:\/\/alpaka-shop.com\/fi\/wp-json\/wp\/v2\/product_shipping_class?post=20347"},{"taxonomy":"pa_soft-wrap-cardigan","embeddable":true,"href":"https:\/\/alpaka-shop.com\/fi\/wp-json\/wp\/v2\/pa_soft-wrap-cardigan?post=20347"}],"curies":[{"name":"wp","href":"https:\/\/api.w.org\/{rel}","templated":true}]}}