{"id":20371,"date":"2020-11-10T11:43:54","date_gmt":"2020-11-10T11:43:54","guid":{"rendered":"https:\/\/alpaka-shop.com\/?post_type=product&#038;p=20371"},"modified":"2026-03-11T09:18:33","modified_gmt":"2026-03-11T07:18:33","slug":"baskeri","status":"publish","type":"product","link":"https:\/\/alpaka-shop.com\/fi\/baskeri\/","title":{"rendered":"Baskeri"},"content":{"rendered":"","protected":false},"excerpt":{"rendered":"<p>Uskomattoman pehme\u00e4 ja l\u00e4mmin alpakanvillainen baskeri on t\u00e4ydellinen lis\u00e4varuste kylm\u00e4n s\u00e4\u00e4n kest\u00e4miseen sek\u00e4 muodikkan ilmeen t\u00e4ydent\u00e4miseen. T\u00e4m\u00e4 tyylik\u00e4s ja naisellinen beretti tulee varmasti k\u00e4\u00e4nt\u00e4m\u00e4\u00e4n p\u00e4\u00e4t\u00e4 ja lis\u00e4\u00e4 ripauksen vaivattomaan Parisienne-tunnelman ulkon\u00e4k\u00f6\u00f6n.<\/p>\n<p>MATERIAALI<br \/>\n<strong>60% baby alpakka, 5% merinovilla (21mic.), 35% polyamidi<\/strong><\/p>\n<p>&nbsp;<\/p>\n","protected":false},"featured_media":21504,"template":"","meta":{"_acf_changed":false},"product_brand":[],"product_cat":[63,101],"product_tag":[],"product_shipping_class":[],"pa_soft-wrap-cardigan":[],"class_list":{"0":"post-20371","1":"product","2":"type-product","3":"status-publish","4":"has-post-thumbnail","6":"product_cat-naiset","7":"product_cat-paahineet","9":"first","10":"outofstock","11":"taxable","12":"shipping-taxable","13":"purchasable","14":"product-type-variable","15":"has-default-attributes","16":"wvs-archive-product-wrapper"},"bundled_by":[],"bundle_stock_status":"outofstock","bundle_stock_quantity":null,"bundle_virtual":false,"bundle_layout":"","bundle_add_to_cart_form_location":"","bundle_editable_in_cart":false,"bundle_sold_individually_context":"","bundle_item_grouping":"","bundle_min_size":"","bundle_max_size":"","bundle_price":[],"bundled_items":[],"bundle_sell_ids":[],"acf":[],"aioseo_notices":[],"_links":{"self":[{"href":"https:\/\/alpaka-shop.com\/fi\/wp-json\/wp\/v2\/product\/20371","targetHints":{"allow":["GET"]}}],"collection":[{"href":"https:\/\/alpaka-shop.com\/fi\/wp-json\/wp\/v2\/product"}],"about":[{"href":"https:\/\/alpaka-shop.com\/fi\/wp-json\/wp\/v2\/types\/product"}],"wp:featuredmedia":[{"embeddable":true,"href":"https:\/\/alpaka-shop.com\/fi\/wp-json\/wp\/v2\/media\/21504"}],"wp:attachment":[{"href":"https:\/\/alpaka-shop.com\/fi\/wp-json\/wp\/v2\/media?parent=20371"}],"wp:term":[{"taxonomy":"product_brand","embeddable":true,"href":"https:\/\/alpaka-shop.com\/fi\/wp-json\/wp\/v2\/product_brand?post=20371"},{"taxonomy":"product_cat","embeddable":true,"href":"https:\/\/alpaka-shop.com\/fi\/wp-json\/wp\/v2\/product_cat?post=20371"},{"taxonomy":"product_tag","embeddable":true,"href":"https:\/\/alpaka-shop.com\/fi\/wp-json\/wp\/v2\/product_tag?post=20371"},{"taxonomy":"product_shipping_class","embeddable":true,"href":"https:\/\/alpaka-shop.com\/fi\/wp-json\/wp\/v2\/product_shipping_class?post=20371"},{"taxonomy":"pa_soft-wrap-cardigan","embeddable":true,"href":"https:\/\/alpaka-shop.com\/fi\/wp-json\/wp\/v2\/pa_soft-wrap-cardigan?post=20371"}],"curies":[{"name":"wp","href":"https:\/\/api.w.org\/{rel}","templated":true}]}}