{"id":20381,"date":"2020-11-03T13:48:19","date_gmt":"2020-11-03T13:48:19","guid":{"rendered":"https:\/\/alpaka-shop.com\/?post_type=product&#038;p=20381"},"modified":"2026-03-13T10:00:10","modified_gmt":"2026-03-13T08:00:10","slug":"oversized-v-kaulus-pusero","status":"publish","type":"product","link":"https:\/\/alpaka-shop.com\/fi\/oversized-v-kaulus-pusero\/","title":{"rendered":"Oversized V-kaulus pusero"},"content":{"rendered":"","protected":false},"excerpt":{"rendered":"<p>Eritt\u00e4in ilmava ja kevyt ylimitoitettu V-neulepusero on suunniteltu rentoon istuvuuteen. Ylisuuret rungot antavat sille melkein kuin poncho-ilmeen, mik\u00e4 tekee siit\u00e4 eritt\u00e4in mukavan ja ihanteellisen kerroskappaleen ymp\u00e4ri vuoden. K\u00e4yt\u00e4 omasi korkealla hamella tai pist\u00e4\u00e4 se puoliksi farkuihin neutraaliin r\u00e4\u00e4t\u00e4l\u00f6intiin, jotta ulkon\u00e4k\u00f6si on rento ja voit tuntea itse\u00e4si mukavalta koko p\u00e4iv\u00e4n.<\/p>\n<p>MATERIAALI<\/p>\n<p><strong>100% baby alpakka<\/strong><\/p>\n","protected":false},"featured_media":40391,"template":"","meta":{"_acf_changed":false},"product_brand":[],"product_cat":[2813,63,99],"product_tag":[],"product_shipping_class":[],"pa_soft-wrap-cardigan":[],"class_list":{"0":"post-20381","1":"product","2":"type-product","3":"status-publish","4":"has-post-thumbnail","6":"product_cat-march-edit-fi","7":"product_cat-naiset","8":"product_cat-neulepuserot-ja-takit","10":"first","11":"instock","12":"taxable","13":"shipping-taxable","14":"purchasable","15":"product-type-variable","16":"has-default-attributes","17":"wvs-archive-product-wrapper"},"bundled_by":[],"bundle_stock_status":"instock","bundle_stock_quantity":null,"bundle_virtual":false,"bundle_layout":"","bundle_add_to_cart_form_location":"","bundle_editable_in_cart":false,"bundle_sold_individually_context":"","bundle_item_grouping":"","bundle_min_size":"","bundle_max_size":"","bundle_price":[],"bundled_items":[],"bundle_sell_ids":[],"acf":[],"aioseo_notices":[],"_links":{"self":[{"href":"https:\/\/alpaka-shop.com\/fi\/wp-json\/wp\/v2\/product\/20381","targetHints":{"allow":["GET"]}}],"collection":[{"href":"https:\/\/alpaka-shop.com\/fi\/wp-json\/wp\/v2\/product"}],"about":[{"href":"https:\/\/alpaka-shop.com\/fi\/wp-json\/wp\/v2\/types\/product"}],"wp:featuredmedia":[{"embeddable":true,"href":"https:\/\/alpaka-shop.com\/fi\/wp-json\/wp\/v2\/media\/40391"}],"wp:attachment":[{"href":"https:\/\/alpaka-shop.com\/fi\/wp-json\/wp\/v2\/media?parent=20381"}],"wp:term":[{"taxonomy":"product_brand","embeddable":true,"href":"https:\/\/alpaka-shop.com\/fi\/wp-json\/wp\/v2\/product_brand?post=20381"},{"taxonomy":"product_cat","embeddable":true,"href":"https:\/\/alpaka-shop.com\/fi\/wp-json\/wp\/v2\/product_cat?post=20381"},{"taxonomy":"product_tag","embeddable":true,"href":"https:\/\/alpaka-shop.com\/fi\/wp-json\/wp\/v2\/product_tag?post=20381"},{"taxonomy":"product_shipping_class","embeddable":true,"href":"https:\/\/alpaka-shop.com\/fi\/wp-json\/wp\/v2\/product_shipping_class?post=20381"},{"taxonomy":"pa_soft-wrap-cardigan","embeddable":true,"href":"https:\/\/alpaka-shop.com\/fi\/wp-json\/wp\/v2\/pa_soft-wrap-cardigan?post=20381"}],"curies":[{"name":"wp","href":"https:\/\/api.w.org\/{rel}","templated":true}]}}