{"id":20534,"date":"2020-11-04T14:13:48","date_gmt":"2020-11-04T14:16:32","guid":{"rendered":"https:\/\/alpaka-shop.com\/?post_type=product&#038;p=20534"},"modified":"2025-12-05T18:07:04","modified_gmt":"2025-12-05T16:07:04","slug":"verhomainen-kevyt-pusero","status":"publish","type":"product","link":"https:\/\/alpaka-shop.com\/fi\/verhomainen-kevyt-pusero\/","title":{"rendered":"Verhomainen Kevyt Pusero"},"content":{"rendered":"","protected":false},"excerpt":{"rendered":"<p><span data-sheets-value=\"{&quot;1&quot;:2,&quot;2&quot;:&quot; Verhomainen Kevyt Pusero \/ Verhomainen ep\u00e4symmetrinen kevyt pusero \/ T\u00e4m\u00e4 kevyt villapaita luo mukavan tasapainon hienostuneen ja viihtyis\u00e4n tyylin v\u00e4lill\u00e4. Hieman l\u00f6ys\u00e4 istuvuus ja kyyn\u00e4rp\u00e4\u00e4t pit\u00e4v\u00e4t hihat tekev\u00e4t siit\u00e4 t\u00e4ydellisen leutoihin vuodenaikoihin. Neule putoaa sujuvasti vartalolle ja ep\u00e4symmetrinen leikkaus antaa sinun liikkua mukavasti. Draped Light Sweater on saatavana nelj\u00e4n\u00e4 eri v\u00e4risen\u00e4 ja siin\u00e4 on joustava muoto rennolla tekstuurilla. Pehme\u00e4t neutraalit sopivat melkein kaikkeen kaapissasi, ja se on erinomainen vaihtoehto tavalliselle t-paidalle tyylikk\u00e4\u00e4n eleganssin lis\u00e4\u00e4miseksi.&quot;}\" data-sheets-userformat=\"{&quot;2&quot;:769,&quot;3&quot;:{&quot;1&quot;:0},&quot;11&quot;:4,&quot;12&quot;:0}\" data-sheets-textstyleruns=\"{&quot;1&quot;:0}\uee10{&quot;1&quot;:1,&quot;2&quot;:{&quot;5&quot;:1}}\uee10{&quot;1&quot;:25}\uee10{&quot;1&quot;:28,&quot;2&quot;:{&quot;4&quot;:9,&quot;6&quot;:1}}\uee10{&quot;1&quot;:67}\">\u00a0T\u00e4m\u00e4 kevyt villapaita luo mukavan tasapainon hienostuneen ja viihtyis\u00e4n tyylin v\u00e4lill\u00e4. Hieman l\u00f6ys\u00e4 istuvuus ja kyyn\u00e4rp\u00e4\u00e4t pit\u00e4v\u00e4t hihat tekev\u00e4t siit\u00e4 t\u00e4ydellisen leutoihin vuodenaikoihin. Neule putoaa sujuvasti vartalolle ja ep\u00e4symmetrinen leikkaus antaa sinun liikkua mukavasti. Draped Light Sweater on saatavana nelj\u00e4n\u00e4 eri v\u00e4risen\u00e4 ja siin\u00e4 on joustava muoto rennolla tekstuurilla. Pehme\u00e4t neutraalit sopivat melkein kaikkeen kaapissasi, ja se on erinomainen vaihtoehto tavalliselle t-paidalle tyylikk\u00e4\u00e4n eleganssin lis\u00e4\u00e4miseksi.<\/span><\/p>\n<p>MATERIAALI<strong><br \/>\n50% Pima-puuvilla, 50% Modal<\/strong><\/p>\n<p>PAKKAUS<br \/>\n<strong>lahjalaatikko<\/strong><\/p>\n","protected":false},"featured_media":20991,"template":"","meta":{"_acf_changed":false},"product_brand":[],"product_cat":[63,99],"product_tag":[],"product_shipping_class":[],"pa_soft-wrap-cardigan":[],"class_list":{"0":"post-20534","1":"product","2":"type-product","3":"status-publish","4":"has-post-thumbnail","6":"product_cat-naiset","7":"product_cat-neulepuserot-ja-takit","9":"first","10":"instock","11":"sale","12":"taxable","13":"shipping-taxable","14":"purchasable","15":"product-type-variable","16":"has-default-attributes","17":"wvs-archive-product-wrapper"},"bundled_by":[],"bundle_stock_status":"instock","bundle_stock_quantity":null,"bundle_virtual":false,"bundle_layout":"","bundle_add_to_cart_form_location":"","bundle_editable_in_cart":false,"bundle_sold_individually_context":"","bundle_item_grouping":"","bundle_min_size":"","bundle_max_size":"","bundle_price":[],"bundled_items":[],"bundle_sell_ids":[],"acf":[],"aioseo_notices":[],"_links":{"self":[{"href":"https:\/\/alpaka-shop.com\/fi\/wp-json\/wp\/v2\/product\/20534","targetHints":{"allow":["GET"]}}],"collection":[{"href":"https:\/\/alpaka-shop.com\/fi\/wp-json\/wp\/v2\/product"}],"about":[{"href":"https:\/\/alpaka-shop.com\/fi\/wp-json\/wp\/v2\/types\/product"}],"wp:featuredmedia":[{"embeddable":true,"href":"https:\/\/alpaka-shop.com\/fi\/wp-json\/wp\/v2\/media\/20991"}],"wp:attachment":[{"href":"https:\/\/alpaka-shop.com\/fi\/wp-json\/wp\/v2\/media?parent=20534"}],"wp:term":[{"taxonomy":"product_brand","embeddable":true,"href":"https:\/\/alpaka-shop.com\/fi\/wp-json\/wp\/v2\/product_brand?post=20534"},{"taxonomy":"product_cat","embeddable":true,"href":"https:\/\/alpaka-shop.com\/fi\/wp-json\/wp\/v2\/product_cat?post=20534"},{"taxonomy":"product_tag","embeddable":true,"href":"https:\/\/alpaka-shop.com\/fi\/wp-json\/wp\/v2\/product_tag?post=20534"},{"taxonomy":"product_shipping_class","embeddable":true,"href":"https:\/\/alpaka-shop.com\/fi\/wp-json\/wp\/v2\/product_shipping_class?post=20534"},{"taxonomy":"pa_soft-wrap-cardigan","embeddable":true,"href":"https:\/\/alpaka-shop.com\/fi\/wp-json\/wp\/v2\/pa_soft-wrap-cardigan?post=20534"}],"curies":[{"name":"wp","href":"https:\/\/api.w.org\/{rel}","templated":true}]}}