{"id":20867,"date":"2020-11-03T14:04:47","date_gmt":"2020-11-03T14:04:47","guid":{"rendered":"https:\/\/alpaka-shop.com\/royal-robe\/"},"modified":"2026-03-13T10:00:10","modified_gmt":"2026-03-13T08:00:10","slug":"royal-robe","status":"publish","type":"product","link":"https:\/\/alpaka-shop.com\/fi\/royal-robe\/","title":{"rendered":"Royal Robe"},"content":{"rendered":"","protected":false},"excerpt":{"rendered":"<p>Eritt\u00e4in silkkim\u00e4isen alpakka-villan pehmeys ja \u00e4\u00e4rimm\u00e4inen l\u00e4mp\u00f6 kaikki yhdess\u00e4 &#8211; vaivattoman tyylin ja mukavuuden yhdist\u00e4minen on Royal Robe neuletakin kanssa eritt\u00e4in helppoa. Istuvuus on eritt\u00e4in mukava ja se halaa vartaloasi varovasti vy\u00f6t\u00e4r\u00f6vy\u00f6ll\u00e4. Kuninkaallinen neuletakki voidaan sekoittaa ja sovittaa helposti mink\u00e4 tahansa kanssa, koska mykistetty v\u00e4ripaletti toimii hyvin kaikeen kanssa vaatekaappissasi. Rikastuta el\u00e4m\u00e4\u00e4si l\u00e4mpimimmill\u00e4 tunteilla.<\/p>\n<p>MATERIAALI<br \/>\n<strong>100% royal alpakka<\/strong><\/p>\n","protected":false},"featured_media":41018,"template":"","meta":{"_acf_changed":false},"product_brand":[],"product_cat":[2813,63,99],"product_tag":[],"product_shipping_class":[],"pa_soft-wrap-cardigan":[],"class_list":{"0":"post-20867","1":"product","2":"type-product","3":"status-publish","4":"has-post-thumbnail","6":"product_cat-march-edit-fi","7":"product_cat-naiset","8":"product_cat-neulepuserot-ja-takit","10":"first","11":"instock","12":"taxable","13":"shipping-taxable","14":"purchasable","15":"product-type-variable","16":"has-default-attributes","17":"wvs-archive-product-wrapper"},"bundled_by":[],"bundle_stock_status":"instock","bundle_stock_quantity":null,"bundle_virtual":false,"bundle_layout":"","bundle_add_to_cart_form_location":"","bundle_editable_in_cart":false,"bundle_sold_individually_context":"","bundle_item_grouping":"","bundle_min_size":"","bundle_max_size":"","bundle_price":[],"bundled_items":[],"bundle_sell_ids":[],"acf":[],"aioseo_notices":[],"_links":{"self":[{"href":"https:\/\/alpaka-shop.com\/fi\/wp-json\/wp\/v2\/product\/20867","targetHints":{"allow":["GET"]}}],"collection":[{"href":"https:\/\/alpaka-shop.com\/fi\/wp-json\/wp\/v2\/product"}],"about":[{"href":"https:\/\/alpaka-shop.com\/fi\/wp-json\/wp\/v2\/types\/product"}],"wp:featuredmedia":[{"embeddable":true,"href":"https:\/\/alpaka-shop.com\/fi\/wp-json\/wp\/v2\/media\/41018"}],"wp:attachment":[{"href":"https:\/\/alpaka-shop.com\/fi\/wp-json\/wp\/v2\/media?parent=20867"}],"wp:term":[{"taxonomy":"product_brand","embeddable":true,"href":"https:\/\/alpaka-shop.com\/fi\/wp-json\/wp\/v2\/product_brand?post=20867"},{"taxonomy":"product_cat","embeddable":true,"href":"https:\/\/alpaka-shop.com\/fi\/wp-json\/wp\/v2\/product_cat?post=20867"},{"taxonomy":"product_tag","embeddable":true,"href":"https:\/\/alpaka-shop.com\/fi\/wp-json\/wp\/v2\/product_tag?post=20867"},{"taxonomy":"product_shipping_class","embeddable":true,"href":"https:\/\/alpaka-shop.com\/fi\/wp-json\/wp\/v2\/product_shipping_class?post=20867"},{"taxonomy":"pa_soft-wrap-cardigan","embeddable":true,"href":"https:\/\/alpaka-shop.com\/fi\/wp-json\/wp\/v2\/pa_soft-wrap-cardigan?post=20867"}],"curies":[{"name":"wp","href":"https:\/\/api.w.org\/{rel}","templated":true}]}}