{"id":22033,"date":"2020-11-12T12:57:36","date_gmt":"2020-11-12T12:57:36","guid":{"rendered":"https:\/\/alpaka-shop.com\/matkahuivi-taskuilla\/"},"modified":"2026-01-15T13:00:10","modified_gmt":"2026-01-15T11:00:10","slug":"matkahuivi-taskuilla","status":"publish","type":"product","link":"https:\/\/alpaka-shop.com\/fi\/matkahuivi-taskuilla\/","title":{"rendered":"Matkahuivi taskuilla"},"content":{"rendered":"","protected":false},"excerpt":{"rendered":"<p><span data-sheets-value=\"{&quot;1&quot;:2,&quot;2&quot;:&quot;Matkahuivi taskuilla \/ K\u00e4ytt\u00f6isa matkahuivi taskuilla Royal alpakan villasta \/ T\u00e4m\u00e4 fiksu huivi onnistuu olemaan sek\u00e4 tyylik\u00e4s ett\u00e4 k\u00e4yt\u00e4nn\u00f6llinen. Se on ylellinen lis\u00e4varuste ihmisille, jotka arvostavat huippulaatua ja suurinta mukavuutta matkustettaessa. Kehr\u00e4tty ylellisen pehme\u00e4st\u00e4 Royal Alpakan villasta, se tarjoaa t\u00e4ydellisen m\u00e4\u00e4r\u00e4n l\u00e4mp\u00f6\u00e4 ymp\u00e4ri vuoden. Monipuolisten ominaisuuksiensa ja t\u00e4ydellisen \u00e4lykk\u00e4\u00e4n rennon ilmeens\u00e4 ansiosta, et koskaan lopeta eri tapoja k\u00e4ytt\u00e4\u00e4 sit\u00e4. Kevyen materiaalin ansiosta se on helppo heitt\u00e4\u00e4 olkap\u00e4iden yli ja modernin lis\u00e4yksen avulla voit laittaa k\u00e4tesi taskuihin lis\u00e4l\u00e4mm\u00f6n saamiseksi. Kolme luonnollisesti neutraalia v\u00e4rivaihtoehtoa tekev\u00e4t t\u00e4st\u00e4 huivista ajattoman ja helposti sopimaan sun koko vaatekaapin sis\u00e4lt\u00f6n kanssa.&quot;}\" data-sheets-userformat=\"{&quot;2&quot;:769,&quot;3&quot;:{&quot;1&quot;:0},&quot;11&quot;:4,&quot;12&quot;:0}\" data-sheets-textstyleruns=\"{&quot;1&quot;:0,&quot;2&quot;:{&quot;5&quot;:1}}\uee10{&quot;1&quot;:20}\uee10{&quot;1&quot;:23,&quot;2&quot;:{&quot;4&quot;:9,&quot;6&quot;:1}}\uee10{&quot;1&quot;:76}\">T\u00e4m\u00e4 fiksu huivi onnistuu olemaan sek\u00e4 tyylik\u00e4s ett\u00e4 k\u00e4yt\u00e4nn\u00f6llinen. Se on ylellinen lis\u00e4varuste ihmisille, jotka arvostavat huippulaatua ja suurinta mukavuutta matkustettaessa. Kehr\u00e4tty ylellisen pehme\u00e4st\u00e4 Royal Alpakan villasta, se tarjoaa t\u00e4ydellisen m\u00e4\u00e4r\u00e4n l\u00e4mp\u00f6\u00e4 ymp\u00e4ri vuoden. Monipuolisten ominaisuuksiensa ja t\u00e4ydellisen \u00e4lykk\u00e4\u00e4n rennon ilmeens\u00e4 ansiosta, et koskaan lopeta eri tapoja k\u00e4ytt\u00e4\u00e4 sit\u00e4. Kevyen materiaalin ansiosta se on helppo heitt\u00e4\u00e4 olkap\u00e4iden yli ja modernin lis\u00e4yksen avulla voit laittaa k\u00e4tesi taskuihin lis\u00e4l\u00e4mm\u00f6n saamiseksi. Kolme luonnollisesti neutraalia v\u00e4rivaihtoehtoa tekev\u00e4t t\u00e4st\u00e4 huivista ajattoman ja helposti sopimaan sun koko vaatekaapin sis\u00e4lt\u00f6n kanssa.<\/span><\/p>\n<p>MATERIAALI<br \/>\n<strong>100% royal alpakka<\/strong><\/p>\n<p>PAKKAUS<br \/>\n<strong>lahjalaatikko<\/strong><\/p>\n","protected":false},"featured_media":21982,"template":"","meta":{"_acf_changed":false},"product_brand":[],"product_cat":[64,63,100],"product_tag":[],"product_shipping_class":[],"pa_soft-wrap-cardigan":[],"class_list":{"0":"post-22033","1":"product","2":"type-product","3":"status-publish","4":"has-post-thumbnail","6":"product_cat-huivit-ja-saalit","7":"product_cat-naiset","8":"product_cat-ponchot","10":"first","11":"outofstock","12":"sale","13":"taxable","14":"shipping-taxable","15":"purchasable","16":"product-type-variable","17":"has-default-attributes","18":"wvs-archive-product-wrapper"},"bundled_by":[],"bundle_stock_status":"outofstock","bundle_stock_quantity":null,"bundle_virtual":false,"bundle_layout":"","bundle_add_to_cart_form_location":"","bundle_editable_in_cart":false,"bundle_sold_individually_context":"","bundle_item_grouping":"","bundle_min_size":"","bundle_max_size":"","bundle_price":[],"bundled_items":[],"bundle_sell_ids":[],"acf":[],"aioseo_notices":[],"_links":{"self":[{"href":"https:\/\/alpaka-shop.com\/fi\/wp-json\/wp\/v2\/product\/22033","targetHints":{"allow":["GET"]}}],"collection":[{"href":"https:\/\/alpaka-shop.com\/fi\/wp-json\/wp\/v2\/product"}],"about":[{"href":"https:\/\/alpaka-shop.com\/fi\/wp-json\/wp\/v2\/types\/product"}],"wp:featuredmedia":[{"embeddable":true,"href":"https:\/\/alpaka-shop.com\/fi\/wp-json\/wp\/v2\/media\/21982"}],"wp:attachment":[{"href":"https:\/\/alpaka-shop.com\/fi\/wp-json\/wp\/v2\/media?parent=22033"}],"wp:term":[{"taxonomy":"product_brand","embeddable":true,"href":"https:\/\/alpaka-shop.com\/fi\/wp-json\/wp\/v2\/product_brand?post=22033"},{"taxonomy":"product_cat","embeddable":true,"href":"https:\/\/alpaka-shop.com\/fi\/wp-json\/wp\/v2\/product_cat?post=22033"},{"taxonomy":"product_tag","embeddable":true,"href":"https:\/\/alpaka-shop.com\/fi\/wp-json\/wp\/v2\/product_tag?post=22033"},{"taxonomy":"product_shipping_class","embeddable":true,"href":"https:\/\/alpaka-shop.com\/fi\/wp-json\/wp\/v2\/product_shipping_class?post=22033"},{"taxonomy":"pa_soft-wrap-cardigan","embeddable":true,"href":"https:\/\/alpaka-shop.com\/fi\/wp-json\/wp\/v2\/pa_soft-wrap-cardigan?post=22033"}],"curies":[{"name":"wp","href":"https:\/\/api.w.org\/{rel}","templated":true}]}}