{"id":23934,"date":"2020-12-17T14:10:19","date_gmt":"2020-12-17T12:10:19","guid":{"rendered":"https:\/\/alpaka-shop.com\/?post_type=product&#038;p=23934"},"modified":"2026-03-16T10:00:20","modified_gmt":"2026-03-16T08:00:20","slug":"lasten-pipo-varipelilla","status":"publish","type":"product","link":"https:\/\/alpaka-shop.com\/fi\/lasten-pipo-varipelilla\/","title":{"rendered":"Lasten pipo v\u00e4ripelill\u00e4"},"content":{"rendered":"","protected":false},"excerpt":{"rendered":"<p>Pid\u00e4 pienokaisesi mukavasti l\u00e4mpim\u00e4n\u00e4n ja suojattuna t\u00e4m\u00e4n eritt\u00e4in pehme\u00e4n alpakavillaisen pipon avulla. Se peitt\u00e4\u00e4 lapsen korvansa kokonaan ja pit\u00e4\u00e4 heid\u00e4t suojattuna pakkaselta ja talvituulelta. Jokaisella sarjan pipolla on erilainen v\u00e4rikuvio, mink\u00e4 joukosta l\u00f6ytyy vaihtoehtoja sek\u00e4 pojille ett\u00e4 tyt\u00f6ille.<\/p>\n<p>&nbsp;<\/p>\n<p>MATERIAALI<\/p>\n<p><strong>60% baby alpakka, 5% merinovilla (21mic.), 35% polyamidi<\/strong><\/p>\n<p>&nbsp;<\/p>\n","protected":false},"featured_media":42586,"template":"","meta":{"_acf_changed":false},"product_brand":[],"product_cat":[909],"product_tag":[],"product_shipping_class":[],"pa_soft-wrap-cardigan":[],"class_list":{"0":"post-23934","1":"product","2":"type-product","3":"status-publish","4":"has-post-thumbnail","6":"product_cat-lapset","8":"first","9":"instock","10":"taxable","11":"shipping-taxable","12":"purchasable","13":"product-type-variable","14":"has-default-attributes","15":"wvs-archive-product-wrapper"},"bundled_by":[],"bundle_stock_status":"instock","bundle_stock_quantity":null,"bundle_virtual":false,"bundle_layout":"","bundle_add_to_cart_form_location":"","bundle_editable_in_cart":false,"bundle_sold_individually_context":"","bundle_item_grouping":"","bundle_min_size":"","bundle_max_size":"","bundle_price":[],"bundled_items":[],"bundle_sell_ids":[],"acf":[],"aioseo_notices":[],"_links":{"self":[{"href":"https:\/\/alpaka-shop.com\/fi\/wp-json\/wp\/v2\/product\/23934","targetHints":{"allow":["GET"]}}],"collection":[{"href":"https:\/\/alpaka-shop.com\/fi\/wp-json\/wp\/v2\/product"}],"about":[{"href":"https:\/\/alpaka-shop.com\/fi\/wp-json\/wp\/v2\/types\/product"}],"wp:featuredmedia":[{"embeddable":true,"href":"https:\/\/alpaka-shop.com\/fi\/wp-json\/wp\/v2\/media\/42586"}],"wp:attachment":[{"href":"https:\/\/alpaka-shop.com\/fi\/wp-json\/wp\/v2\/media?parent=23934"}],"wp:term":[{"taxonomy":"product_brand","embeddable":true,"href":"https:\/\/alpaka-shop.com\/fi\/wp-json\/wp\/v2\/product_brand?post=23934"},{"taxonomy":"product_cat","embeddable":true,"href":"https:\/\/alpaka-shop.com\/fi\/wp-json\/wp\/v2\/product_cat?post=23934"},{"taxonomy":"product_tag","embeddable":true,"href":"https:\/\/alpaka-shop.com\/fi\/wp-json\/wp\/v2\/product_tag?post=23934"},{"taxonomy":"product_shipping_class","embeddable":true,"href":"https:\/\/alpaka-shop.com\/fi\/wp-json\/wp\/v2\/product_shipping_class?post=23934"},{"taxonomy":"pa_soft-wrap-cardigan","embeddable":true,"href":"https:\/\/alpaka-shop.com\/fi\/wp-json\/wp\/v2\/pa_soft-wrap-cardigan?post=23934"}],"curies":[{"name":"wp","href":"https:\/\/api.w.org\/{rel}","templated":true}]}}