{"id":24740,"date":"2020-12-21T16:57:02","date_gmt":"2020-12-21T14:57:57","guid":{"rendered":"https:\/\/alpaka-shop.com\/?post_type=product&#038;p=24740"},"modified":"2024-11-08T22:20:09","modified_gmt":"2024-11-08T20:20:09","slug":"kalanruotokuvioinen-classic-huivi-miehet","status":"publish","type":"product","link":"https:\/\/alpaka-shop.com\/fi\/kalanruotokuvioinen-classic-huivi-miehet\/","title":{"rendered":"Kalanruotokuvioinen Classic-huivi"},"content":{"rendered":"","protected":false},"excerpt":{"rendered":"<p>Pehme\u00e4st\u00e4 alpakan- ja lampaanvillan sekoitteesta toimikkaana kudottuna t\u00e4m\u00e4 kaunis huivi antaa jokaiselle asulle t\u00e4ydellisen loppusilauksen. Lumoavat kalanruotokuviot auttavat luomaan tyylikk\u00e4\u00e4n ja hienostuneen tyylin. Astu maailmaan, jossa ajaton kauneus kohtaa luonnon rauhallisuuden.<\/p>\n<p>MATERIAALI<br \/>\n<strong>40% alpakka, 45% villa, 15% akryyli<\/strong><\/p>\n<p>PAKKAUS<br \/>\n<strong>lahjalaatikko<\/strong><\/p>\n<p>&nbsp;<\/p>\n","protected":false},"featured_media":24511,"template":"","meta":{"_acf_changed":false},"product_brand":[],"product_cat":[104,68],"product_tag":[],"product_shipping_class":[],"pa_soft-wrap-cardigan":[],"class_list":{"0":"post-24740","1":"product","2":"type-product","3":"status-publish","4":"has-post-thumbnail","6":"product_cat-huivit-ja-saalit-fi","7":"product_cat-miehet","9":"first","10":"outofstock","11":"taxable","12":"shipping-taxable","13":"purchasable","14":"product-type-variable","15":"has-default-attributes","16":"wvs-archive-product-wrapper"},"bundled_by":[],"bundle_stock_status":"outofstock","bundle_stock_quantity":null,"bundle_virtual":false,"bundle_layout":"","bundle_add_to_cart_form_location":"","bundle_editable_in_cart":false,"bundle_sold_individually_context":"","bundle_item_grouping":"","bundle_min_size":"","bundle_max_size":"","bundle_price":[],"bundled_items":[],"bundle_sell_ids":[],"acf":[],"aioseo_notices":[],"_links":{"self":[{"href":"https:\/\/alpaka-shop.com\/fi\/wp-json\/wp\/v2\/product\/24740","targetHints":{"allow":["GET"]}}],"collection":[{"href":"https:\/\/alpaka-shop.com\/fi\/wp-json\/wp\/v2\/product"}],"about":[{"href":"https:\/\/alpaka-shop.com\/fi\/wp-json\/wp\/v2\/types\/product"}],"wp:featuredmedia":[{"embeddable":true,"href":"https:\/\/alpaka-shop.com\/fi\/wp-json\/wp\/v2\/media\/24511"}],"wp:attachment":[{"href":"https:\/\/alpaka-shop.com\/fi\/wp-json\/wp\/v2\/media?parent=24740"}],"wp:term":[{"taxonomy":"product_brand","embeddable":true,"href":"https:\/\/alpaka-shop.com\/fi\/wp-json\/wp\/v2\/product_brand?post=24740"},{"taxonomy":"product_cat","embeddable":true,"href":"https:\/\/alpaka-shop.com\/fi\/wp-json\/wp\/v2\/product_cat?post=24740"},{"taxonomy":"product_tag","embeddable":true,"href":"https:\/\/alpaka-shop.com\/fi\/wp-json\/wp\/v2\/product_tag?post=24740"},{"taxonomy":"product_shipping_class","embeddable":true,"href":"https:\/\/alpaka-shop.com\/fi\/wp-json\/wp\/v2\/product_shipping_class?post=24740"},{"taxonomy":"pa_soft-wrap-cardigan","embeddable":true,"href":"https:\/\/alpaka-shop.com\/fi\/wp-json\/wp\/v2\/pa_soft-wrap-cardigan?post=24740"}],"curies":[{"name":"wp","href":"https:\/\/api.w.org\/{rel}","templated":true}]}}