{"id":25279,"date":"2021-01-27T13:14:32","date_gmt":"2021-01-27T11:14:32","guid":{"rendered":"https:\/\/alpaka-shop.com\/?post_type=product&#038;p=25279"},"modified":"2026-03-06T12:28:01","modified_gmt":"2026-03-06T10:28:01","slug":"harjattu-bukleehuivi","status":"publish","type":"product","link":"https:\/\/alpaka-shop.com\/fi\/harjattu-bukleehuivi\/","title":{"rendered":"Harjattu bukleehuivi"},"content":{"rendered":"","protected":false},"excerpt":{"rendered":"<p><span data-sheets-value=\"{&quot;1&quot;:2,&quot;2&quot;:&quot;Harjattu bukleehuivi \/ Bukleehuivi harjatulla pinnalla\/ Bukleehuivien valmistuksessa on hy\u00f6dynnetty hienointa ja silkkisint\u00e4 nuoren alpakan villaa, joka tuottaa eritt\u00e4in p\u00f6yhe\u00e4n tuntuman. Tekstuuripintaista bukleelankaa, joka on harjattu pehmeytt\u00e4 varten. Bukleehuiveja on saatavilla laajassa valikoimassa ihmeellisi\u00e4 v\u00e4rivaihtoehtoja, jotka pirist\u00e4v\u00e4t v\u00e4litt\u00f6m\u00e4sti mink\u00e4 tahansa asun.&quot;}\" data-sheets-userformat=\"{&quot;2&quot;:769,&quot;3&quot;:{&quot;1&quot;:0},&quot;11&quot;:4,&quot;12&quot;:0}\" data-sheets-textstyleruns=\"{&quot;1&quot;:0,&quot;2&quot;:{&quot;5&quot;:1}}\uee10{&quot;1&quot;:21}\">Bukleehuivien valmistuksessa on hy\u00f6dynnetty hienointa ja silkkisint\u00e4 nuoren alpakan villaa, joka tuottaa eritt\u00e4in p\u00f6yhe\u00e4n tuntuman. Tekstuuripintaista bukleelankaa, joka on harjattu pehmeytt\u00e4 varten. Bukleehuiveja on saatavilla laajassa valikoimassa ihmeellisi\u00e4 v\u00e4rivaihtoehtoja, jotka pirist\u00e4v\u00e4t v\u00e4litt\u00f6m\u00e4sti mink\u00e4 tahansa asun.<\/span><\/p>\n<p>MATERIAALI<br \/>\n<strong>89% baby alpakka, 11% polyamidi<\/strong><\/p>\n<p>&nbsp;<\/p>\n","protected":false},"featured_media":25364,"template":"","meta":{"_acf_changed":false},"product_brand":[],"product_cat":[64,63],"product_tag":[],"product_shipping_class":[],"pa_soft-wrap-cardigan":[],"class_list":{"0":"post-25279","1":"product","2":"type-product","3":"status-publish","4":"has-post-thumbnail","6":"product_cat-huivit-ja-saalit","7":"product_cat-naiset","9":"first","10":"instock","11":"taxable","12":"shipping-taxable","13":"purchasable","14":"product-type-variable","15":"has-default-attributes","16":"wvs-archive-product-wrapper"},"bundled_by":[],"bundle_stock_status":"instock","bundle_stock_quantity":null,"bundle_virtual":false,"bundle_layout":"","bundle_add_to_cart_form_location":"","bundle_editable_in_cart":false,"bundle_sold_individually_context":"","bundle_item_grouping":"","bundle_min_size":"","bundle_max_size":"","bundle_price":[],"bundled_items":[],"bundle_sell_ids":[],"acf":[],"aioseo_notices":[],"_links":{"self":[{"href":"https:\/\/alpaka-shop.com\/fi\/wp-json\/wp\/v2\/product\/25279","targetHints":{"allow":["GET"]}}],"collection":[{"href":"https:\/\/alpaka-shop.com\/fi\/wp-json\/wp\/v2\/product"}],"about":[{"href":"https:\/\/alpaka-shop.com\/fi\/wp-json\/wp\/v2\/types\/product"}],"wp:featuredmedia":[{"embeddable":true,"href":"https:\/\/alpaka-shop.com\/fi\/wp-json\/wp\/v2\/media\/25364"}],"wp:attachment":[{"href":"https:\/\/alpaka-shop.com\/fi\/wp-json\/wp\/v2\/media?parent=25279"}],"wp:term":[{"taxonomy":"product_brand","embeddable":true,"href":"https:\/\/alpaka-shop.com\/fi\/wp-json\/wp\/v2\/product_brand?post=25279"},{"taxonomy":"product_cat","embeddable":true,"href":"https:\/\/alpaka-shop.com\/fi\/wp-json\/wp\/v2\/product_cat?post=25279"},{"taxonomy":"product_tag","embeddable":true,"href":"https:\/\/alpaka-shop.com\/fi\/wp-json\/wp\/v2\/product_tag?post=25279"},{"taxonomy":"product_shipping_class","embeddable":true,"href":"https:\/\/alpaka-shop.com\/fi\/wp-json\/wp\/v2\/product_shipping_class?post=25279"},{"taxonomy":"pa_soft-wrap-cardigan","embeddable":true,"href":"https:\/\/alpaka-shop.com\/fi\/wp-json\/wp\/v2\/pa_soft-wrap-cardigan?post=25279"}],"curies":[{"name":"wp","href":"https:\/\/api.w.org\/{rel}","templated":true}]}}