{"id":25607,"date":"2021-01-29T13:22:33","date_gmt":"2021-01-29T11:22:33","guid":{"rendered":"https:\/\/alpaka-shop.com\/?post_type=product&#038;p=25607"},"modified":"2026-02-25T10:00:11","modified_gmt":"2026-02-25T08:00:11","slug":"classic-check-torkkupeitto","status":"publish","type":"product","link":"https:\/\/alpaka-shop.com\/fi\/classic-check-torkkupeitto\/","title":{"rendered":"Classic Check torkkupeitto"},"content":{"rendered":"","protected":false},"excerpt":{"rendered":"<p>Mutkikkaat geometriset kuviot tuovat yll\u00e4tt\u00e4v\u00e4\u00e4 tekstuuria ja lis\u00e4\u00e4v\u00e4t kotiisi rustiikkia tyyli\u00e4. Laadukkaat materiaalit on yhdistetty sujuvasti mukavaksi kokonaisuudeksi, joka on valmistettu kest\u00e4m\u00e4\u00e4n sukupolvien ajan. Riippumatta siit\u00e4, p\u00e4\u00e4t\u00e4tk\u00f6 korostaa kotiasi rohkeilla v\u00e4rivaihtoehdoilla, kuten turkoosilla ja purppuralla, vai pit\u00e4ydytk\u00f6 perinteisiss\u00e4 s\u00e4vyiss\u00e4, kuten luonnollisessa beigess\u00e4 ja harmaassa, arvostat varmasti t\u00e4m\u00e4n hurmaavan huovan monipuolisuutta.<\/p>\n<p>&nbsp;<\/p>\n<p>MATERIAALI<br \/>\n<strong>40% uusio-alpakka, 45% villa, 15% akryyli<\/strong><\/p>\n<p>Koska kaikki torkkupeittomme on valmistettu luonnonkuiduista, jonkin verran kuitujen irtoamista on normaalia.<\/p>\n","protected":false},"featured_media":25540,"template":"","meta":{"_acf_changed":false},"product_brand":[],"product_cat":[109,106],"product_tag":[],"product_shipping_class":[],"pa_soft-wrap-cardigan":[],"class_list":{"0":"post-25607","1":"product","2":"type-product","3":"status-publish","4":"has-post-thumbnail","6":"product_cat-koti","7":"product_cat-peitteet","9":"first","10":"instock","11":"taxable","12":"shipping-taxable","13":"purchasable","14":"product-type-variable","15":"has-default-attributes","16":"wvs-archive-product-wrapper"},"bundled_by":[],"bundle_stock_status":"instock","bundle_stock_quantity":null,"bundle_virtual":false,"bundle_layout":"","bundle_add_to_cart_form_location":"","bundle_editable_in_cart":false,"bundle_sold_individually_context":"","bundle_item_grouping":"","bundle_min_size":"","bundle_max_size":"","bundle_price":[],"bundled_items":[],"bundle_sell_ids":[],"acf":[],"aioseo_notices":[],"_links":{"self":[{"href":"https:\/\/alpaka-shop.com\/fi\/wp-json\/wp\/v2\/product\/25607","targetHints":{"allow":["GET"]}}],"collection":[{"href":"https:\/\/alpaka-shop.com\/fi\/wp-json\/wp\/v2\/product"}],"about":[{"href":"https:\/\/alpaka-shop.com\/fi\/wp-json\/wp\/v2\/types\/product"}],"wp:featuredmedia":[{"embeddable":true,"href":"https:\/\/alpaka-shop.com\/fi\/wp-json\/wp\/v2\/media\/25540"}],"wp:attachment":[{"href":"https:\/\/alpaka-shop.com\/fi\/wp-json\/wp\/v2\/media?parent=25607"}],"wp:term":[{"taxonomy":"product_brand","embeddable":true,"href":"https:\/\/alpaka-shop.com\/fi\/wp-json\/wp\/v2\/product_brand?post=25607"},{"taxonomy":"product_cat","embeddable":true,"href":"https:\/\/alpaka-shop.com\/fi\/wp-json\/wp\/v2\/product_cat?post=25607"},{"taxonomy":"product_tag","embeddable":true,"href":"https:\/\/alpaka-shop.com\/fi\/wp-json\/wp\/v2\/product_tag?post=25607"},{"taxonomy":"product_shipping_class","embeddable":true,"href":"https:\/\/alpaka-shop.com\/fi\/wp-json\/wp\/v2\/product_shipping_class?post=25607"},{"taxonomy":"pa_soft-wrap-cardigan","embeddable":true,"href":"https:\/\/alpaka-shop.com\/fi\/wp-json\/wp\/v2\/pa_soft-wrap-cardigan?post=25607"}],"curies":[{"name":"wp","href":"https:\/\/api.w.org\/{rel}","templated":true}]}}